{"id":11,"date":"2018-11-13T16:36:34","date_gmt":"2018-11-13T16:36:34","guid":{"rendered":"https:\/\/newgo.eu\/?page_id=11"},"modified":"2022-06-24T11:12:43","modified_gmt":"2022-06-24T11:12:43","slug":"contatos","status":"publish","type":"page","link":"https:\/\/newgo.eu\/pt-pt\/contatos\/","title":{"rendered":"CONTATOS"},"content":{"rendered":"<p>[vc_row force_equal_height_columns=&#8221;main_row&#8221; dfd_row_config=&#8221;full_width_content&#8221; row_effect=&#8221;dfd-fade-on-scroll&#8221; dfd_bg_style=&#8221;image&#8221; dfd_bg_image_new=&#8221;232&#8243; dfd_bg_image_repeat=&#8221;no-repeat&#8221; dfd_overlay_pattern=&#8221;01.png&#8221; css=&#8221;.vc_custom_1542727918826{background-position: center !important;background-repeat: no-repeat !important;background-size: cover !important;}&#8221;][vc_column column_bg_check=&#8221;column-background-dark&#8221; column_bg_position=&#8221;center center&#8221; column_bg_repeat=&#8221;no-repeat&#8221; css=&#8221;.vc_custom_1542285532408{background-position: center !important;background-repeat: no-repeat !important;background-size: cover !important;}&#8221;]<div class=\"dfd-spacer-module\"  data-units=\"px\" data-wide_resolution=\"1280\" data-wide_size=\"160\" data-normal_resolution=\"1024\" data-normal_size=\"160\" data-tablet_resolution=\"800\" data-tablet_size=\"160\" data-mobile_resolution=\"480\" data-mobile_size=\"100\" style=\"height: 160px;\"><\/div><div class=\"dfd-heading-shortcode\"><div class=\"dfd-heading-module-wrap  text-center style_05 cr-animate-gen dfd-heading-69dd0482b1ab3 dfd-disable-resposive-headings\" id=\"dfd-heading-69dd0482b1ab3\" data-animate-type = \"transition.slideLeftIn\" ><div class=\"inline-block\"><div class=\"dfd-heading-module\"><h1 class=\"widget-title dfd-title \" style=\"\">CONTATOS<\/h1><\/div><\/div><\/div><script type=\"text\/javascript\">\r\n\t\t\t\t\t\t\t\t\t(function($) {\r\n\t\t\t\t\t\t\t\t\t\t$(\"head\").append(\"<style>.dfd-heading-69dd0482b1ab3.dfd-heading-module-wrap .dfd-heading-module .dfd-heading-delimiter {margin-top:10px;margin-bottom:10px;}<\/style>\");\r\n\t\t\t\t\t\t\t\t\t})(jQuery);\r\n\t\t\t\t\t\t\t\t<\/script><\/div><div class=\"dfd-spacer-module\"  data-units=\"px\" data-wide_resolution=\"1280\" data-wide_size=\"120\" data-normal_resolution=\"1024\" data-normal_size=\"120\" data-tablet_resolution=\"800\" data-tablet_size=\"120\" data-mobile_resolution=\"480\" data-mobile_size=\"100\" style=\"height: 120px;\"><\/div>[\/vc_column][\/vc_row][vc_row dfd_row_config=&#8221;full_width_content&#8221; css=&#8221;.vc_custom_1547727766153{padding-right: 8% !important;padding-left: 8% !important;}&#8221;][vc_column]<div class=\"dfd-spacer-module\"  data-units=\"px\" data-wide_resolution=\"1280\" data-wide_size=\"100\" data-normal_resolution=\"1024\" data-normal_size=\"100\" data-tablet_resolution=\"800\" data-tablet_size=\"100\" data-mobile_resolution=\"480\" data-mobile_size=\"70\" style=\"height: 100px;\"><\/div><div id=\"dfd-contacts-69dd0482b1c0a-940\" class=\"dfd-contact-block-horizontal clearfix  style-1   cr-animate-gen\" data-animate-type = \"transition.fadeIn\" >\r\n\t\t\t\t\t\t<div class=\"fild-content columns\">\r\n\t\t\t\t\t\t\t<div class=\"block-icon dfd-img-lazy-load\" style=\"\"><i class=\"dfd-icon-call_incoming\"><\/i><\/div>\r\n\t\t\t\t\t\t\t<div class=\"block-content\" style=\"\">\r\n\t\t\t\t\t\t\t\t<div class=\"widget-title fild-name \" style=\"\">  Telefone:<\/div><span class=\"delimiter\" style=\"margin-left: 20px;border-bottom-style: dotted; \"><\/span><p class=\"Telefone\">+351 210 980 599<\/p>\r\n\t\t\t\t\t\t\t<\/div>\r\n\t\t\t\t\t\t<\/div>\r\n\t\t\t\t\t\t<div class=\"fild-content columns\">\r\n\t\t\t\t\t\t\t<div class=\"block-icon dfd-img-lazy-load\" style=\"\"><i class=\"dfd-icon-network\"><\/i><\/div>\r\n\t\t\t\t\t\t\t<div class=\"block-content\" style=\"\">\r\n\t\t\t\t\t\t\t\t<div class=\"widget-title fild-name \" style=\"\">  Email:<\/div><span class=\"delimiter\" style=\"margin-left: 20px;border-bottom-style: dotted; \"><\/span><p class=\"Email\"><a href=\"mailto:customerservice@newgo.eu\">customerservice@newgo.eu<\/a><\/p>\r\n\t\t\t\t\t\t\t<\/div>\r\n\t\t\t\t\t\t<\/div><\/div><script type=\"text\/javascript\">\r\n\t\t\t\t\t\t\t(function($) {\r\n\t\t\t\t\t\t\t\tvar $column = $(\"#dfd-contacts-69dd0482b1c0a-940 .fild-content\"),\r\n\t\t\t\t\t\t\t\t\tcolumnClass = [\"twelve\",\"six\",\"four\"],\r\n\t\t\t\t\t\t\t\t\tcolumnsCount = $column.length;\r\n\t\t\t\t\t\t\t\t\r\n\t\t\t\t\t\t\t\t$column.addClass(columnClass[columnsCount - 1]);\r\n\t\t\t\t\t\t\r\n\t\t\t\t\t\t\t\t$(\"head\").append(\"<style><\/style>\");\r\n\t\t\t\t\t\t\t\t\t\r\n\t\t\t\t\t\t\t})(jQuery);\r\n\t\t\t\t\t\t<\/script><div class=\"dfd-spacer-module\"  data-units=\"px\" data-wide_resolution=\"1280\" data-wide_size=\"100\" data-normal_resolution=\"1024\" data-normal_size=\"100\" data-tablet_resolution=\"800\" data-tablet_size=\"100\" data-mobile_resolution=\"480\" data-mobile_size=\"70\" style=\"height: 100px;\"><\/div>[\/vc_column][\/vc_row][vc_row force_equal_height_columns=&#8221;main_row&#8221; dfd_row_config=&#8221;full_width_content&#8221; css=&#8221;.vc_custom_1571425786213{padding-top: 5% !important;padding-bottom: 5% !important;background-color: #eaeaea !important;}&#8221; mobile_destroy_equal_heights=&#8221;yes&#8221;][vc_column width=&#8221;1\/1&#8243; dfd_column_responsive_enable=&#8221;dfd-column-responsive-enable&#8221; responsive_styles=&#8221;padding_left_mobile:20|padding_right_mobile:20&#8243; css=&#8221;.vc_custom_1571425581410{padding-right: 5% !important;padding-left: 5% !important;}&#8221;]<div role=\"form\" class=\"wpcf7\" id=\"wpcf7-f4959-o1\" lang=\"en-US\" dir=\"ltr\">\n<div class=\"screen-reader-response\"><p role=\"status\" aria-live=\"polite\" aria-atomic=\"true\"><\/p> <ul><\/ul><\/div>\n<form action=\"\/pt-pt\/wp-json\/wp\/v2\/pages\/11#wpcf7-f4959-o1\" method=\"post\" class=\"wpcf7-form init\" novalidate=\"novalidate\" data-status=\"init\">\n<div style=\"display: none;\">\n<input type=\"hidden\" name=\"_wpcf7\" value=\"4959\" \/>\n<input type=\"hidden\" name=\"_wpcf7_version\" value=\"5.5.5\" \/>\n<input type=\"hidden\" name=\"_wpcf7_locale\" value=\"en_US\" \/>\n<input type=\"hidden\" name=\"_wpcf7_unit_tag\" value=\"wpcf7-f4959-o1\" \/>\n<input type=\"hidden\" name=\"_wpcf7_container_post\" value=\"0\" \/>\n<input type=\"hidden\" name=\"_wpcf7_posted_data_hash\" value=\"\" \/>\n<input type=\"hidden\" name=\"_wpcf7_recaptcha_response\" value=\"\" \/>\n<\/div>\n<div id=\"formcontato\">\n<label> Nome<br \/>\n    <span class=\"wpcf7-form-control-wrap your-name\"><input type=\"text\" name=\"your-name\" value=\"\" size=\"40\" class=\"wpcf7-form-control wpcf7-text wpcf7-validates-as-required\" aria-required=\"true\" aria-invalid=\"false\" \/><\/span> <\/label><\/p>\n<p><label> Email<br \/>\n    <span class=\"wpcf7-form-control-wrap your-email\"><input type=\"email\" name=\"your-email\" value=\"\" size=\"40\" class=\"wpcf7-form-control wpcf7-text wpcf7-email wpcf7-validates-as-required wpcf7-validates-as-email\" aria-required=\"true\" aria-invalid=\"false\" \/><\/span> <\/label><\/p>\n<p><label> Mensagem<br \/>\n    <span class=\"wpcf7-form-control-wrap your-message\"><textarea name=\"your-message\" cols=\"40\" rows=\"10\" class=\"wpcf7-form-control wpcf7-textarea\" aria-invalid=\"false\"><\/textarea><\/span> <\/label><\/p>\n<p><input type=\"submit\" value=\"Enviar\" class=\"wpcf7-form-control has-spinner wpcf7-submit\" \/>\n<\/p><\/div>\n<div class=\"wpcf7-response-output\" aria-hidden=\"true\"><\/div><\/form><\/div>[\/vc_column][\/vc_row][vc_row dfd_row_config=&#8221;full_width_content&#8221; el_class=&#8221;upg-gradient-newsletter&#8221; bg_check=&#8221;row-background-dark&#8221; dfd_enable_overlay=&#8221;&#8221; bg_type=&#8221;grad&#8221; css=&#8221;.vc_custom_1549645365249{padding-top: 35px !important;padding-right: 8% !important;padding-bottom: 20px !important;padding-left: 8% !important;}&#8221;][vc_column]<div role=\"form\" class=\"wpcf7\" id=\"wpcf7-f1300-o2\" lang=\"es-ES\" dir=\"ltr\">\n<div class=\"screen-reader-response\"><p role=\"status\" aria-live=\"polite\" aria-atomic=\"true\"><\/p> <ul><\/ul><\/div>\n<form action=\"\/pt-pt\/wp-json\/wp\/v2\/pages\/11#wpcf7-f1300-o2\" method=\"post\" class=\"wpcf7-form init\" novalidate=\"novalidate\" data-status=\"init\">\n<div style=\"display: none;\">\n<input type=\"hidden\" name=\"_wpcf7\" value=\"1300\" \/>\n<input type=\"hidden\" name=\"_wpcf7_version\" value=\"5.5.5\" \/>\n<input type=\"hidden\" name=\"_wpcf7_locale\" value=\"es_ES\" \/>\n<input type=\"hidden\" name=\"_wpcf7_unit_tag\" value=\"wpcf7-f1300-o2\" \/>\n<input type=\"hidden\" name=\"_wpcf7_container_post\" value=\"0\" \/>\n<input type=\"hidden\" name=\"_wpcf7_posted_data_hash\" value=\"\" \/>\n<input type=\"hidden\" name=\"_wpcf7_recaptcha_response\" value=\"\" \/>\n<\/div>\n<div class=\"dfd_col-laptop-12\">\n<div class=\"form-inline\">\n<div class=\"dfd_col-laptop-1\">&nbsp;<\/div>\n<div class=\"form-group dfd_col-laptop-8\">\n    <span class=\"wpcf7-form-control-wrap your-email\"><input type=\"text\" name=\"your-email\" value=\"\" size=\"40\" class=\"wpcf7-form-control wpcf7-text wpcf7-validates-as-required required form-control\" aria-required=\"true\" aria-invalid=\"false\" placeholder=\"E-mail\" \/><\/span>\n   <\/div>\n<div class=\"form-group dfd_col-laptop-2 upg-no-margin-top btn-newsletter-space\">\n<input type=\"submit\" value=\"Subscrever Newsletter\" class=\"wpcf7-form-control has-spinner wpcf7-submit\" \/>\n<\/div>\n<\/div>\n<\/div>\n<div class=\"wpcf7-response-output\" aria-hidden=\"true\"><\/div><\/form><\/div>[\/vc_column][\/vc_row]<\/p>\n","protected":false},"excerpt":{"rendered":"<p>[vc_row force_equal_height_columns=&#8221;main_row&#8221; dfd_row_config=&#8221;full_width_content&#8221; row_effect=&#8221;dfd-fade-on-scroll&#8221; dfd_bg_style=&#8221;image&#8221; dfd_bg_image_new=&#8221;232&#8243; dfd_bg_image_repeat=&#8221;no-repeat&#8221; dfd_overlay_pattern=&#8221;01.png&#8221; css=&#8221;.vc_custom_1542727918826{background-position: center !important;background-repeat: no-repeat !important;background-size: cover !important;}&#8221;][vc_column column_bg_check=&#8221;column-background-dark&#8221; column_bg_position=&#8221;center center&#8221; column_bg_repeat=&#8221;no-repeat&#8221; css=&#8221;.vc_custom_1542285532408{background-position: center !important;background-repeat: no-repeat !important;background-size: cover !important;}&#8221;][\/vc_column][\/vc_row][vc_row dfd_row_config=&#8221;full_width_content&#8221; css=&#8221;.vc_custom_1547727766153{padding-right: 8% !important;padding-left:<\/p>\n","protected":false},"author":1,"featured_media":0,"parent":0,"menu_order":0,"comment_status":"closed","ping_status":"closed","template":"page-custom.php","meta":{"inline_featured_image":false},"acf":[],"yoast_head":"<!-- This site is optimized with the Yoast SEO plugin v18.2 - https:\/\/yoast.com\/wordpress\/plugins\/seo\/ -->\n<title>CONTATOS - NewGO<\/title>\n<meta name=\"robots\" content=\"index, follow, max-snippet:-1, max-image-preview:large, max-video-preview:-1\" \/>\n<link rel=\"canonical\" href=\"https:\/\/newgo.eu\/pt-pt\/contatos\/\" \/>\n<meta property=\"og:locale\" content=\"pt_PT\" \/>\n<meta property=\"og:type\" content=\"article\" \/>\n<meta property=\"og:title\" content=\"CONTATOS - NewGO\" \/>\n<meta property=\"og:description\" content=\"[vc_row force_equal_height_columns=&#8221;main_row&#8221; dfd_row_config=&#8221;full_width_content&#8221; row_effect=&#8221;dfd-fade-on-scroll&#8221; dfd_bg_style=&#8221;image&#8221; dfd_bg_image_new=&#8221;232&#8243; dfd_bg_image_repeat=&#8221;no-repeat&#8221; dfd_overlay_pattern=&#8221;01.png&#8221; css=&#8221;.vc_custom_1542727918826{background-position: center !important;background-repeat: no-repeat !important;background-size: cover !important;}&#8221;][vc_column column_bg_check=&#8221;column-background-dark&#8221; column_bg_position=&#8221;center center&#8221; column_bg_repeat=&#8221;no-repeat&#8221; css=&#8221;.vc_custom_1542285532408{background-position: center !important;background-repeat: no-repeat !important;background-size: cover !important;}&#8221;][\/vc_column][\/vc_row][vc_row dfd_row_config=&#8221;full_width_content&#8221; css=&#8221;.vc_custom_1547727766153{padding-right: 8% !important;padding-left:\" \/>\n<meta property=\"og:url\" content=\"https:\/\/newgo.eu\/pt-pt\/contatos\/\" \/>\n<meta property=\"og:site_name\" content=\"NewGO\" \/>\n<meta property=\"article:modified_time\" content=\"2022-06-24T11:12:43+00:00\" \/>\n<meta name=\"twitter:card\" content=\"summary_large_image\" \/>\n<meta name=\"twitter:label1\" content=\"Tempo estimado de leitura\" \/>\n\t<meta name=\"twitter:data1\" content=\"1 minuto\" \/>\n<script type=\"application\/ld+json\" class=\"yoast-schema-graph\">{\"@context\":\"https:\/\/schema.org\",\"@graph\":[{\"@type\":\"Organization\",\"@id\":\"https:\/\/newgo.eu\/#organization\",\"name\":\"Newgo Soluciones de Seguridad e Identificacion SL\",\"url\":\"https:\/\/newgo.eu\/\",\"sameAs\":[],\"logo\":{\"@type\":\"ImageObject\",\"@id\":\"https:\/\/newgo.eu\/#logo\",\"inLanguage\":\"pt-PT\",\"url\":\"https:\/\/newgo.eu\/wp-content\/uploads\/2019\/12\/NG_color-sin-fondo-blanco.png\",\"contentUrl\":\"https:\/\/newgo.eu\/wp-content\/uploads\/2019\/12\/NG_color-sin-fondo-blanco.png\",\"width\":1200,\"height\":223,\"caption\":\"Newgo Soluciones de Seguridad e Identificacion SL\"},\"image\":{\"@id\":\"https:\/\/newgo.eu\/#logo\"}},{\"@type\":\"WebSite\",\"@id\":\"https:\/\/newgo.eu\/#website\",\"url\":\"https:\/\/newgo.eu\/\",\"name\":\"NewGO\",\"description\":\"Selos, Sacos e Eqtiquetas de Seguran\u00e7a | Solu\u00e7\u00f5es de Seguran\u00e7a\",\"publisher\":{\"@id\":\"https:\/\/newgo.eu\/#organization\"},\"potentialAction\":[{\"@type\":\"SearchAction\",\"target\":{\"@type\":\"EntryPoint\",\"urlTemplate\":\"https:\/\/newgo.eu\/?s={search_term_string}\"},\"query-input\":\"required name=search_term_string\"}],\"inLanguage\":\"pt-PT\"},{\"@type\":\"WebPage\",\"@id\":\"https:\/\/newgo.eu\/pt-pt\/contatos\/#webpage\",\"url\":\"https:\/\/newgo.eu\/pt-pt\/contatos\/\",\"name\":\"CONTATOS - NewGO\",\"isPartOf\":{\"@id\":\"https:\/\/newgo.eu\/#website\"},\"datePublished\":\"2018-11-13T16:36:34+00:00\",\"dateModified\":\"2022-06-24T11:12:43+00:00\",\"breadcrumb\":{\"@id\":\"https:\/\/newgo.eu\/pt-pt\/contatos\/#breadcrumb\"},\"inLanguage\":\"pt-PT\",\"potentialAction\":[{\"@type\":\"ReadAction\",\"target\":[\"https:\/\/newgo.eu\/pt-pt\/contatos\/\"]}]},{\"@type\":\"BreadcrumbList\",\"@id\":\"https:\/\/newgo.eu\/pt-pt\/contatos\/#breadcrumb\",\"itemListElement\":[{\"@type\":\"ListItem\",\"position\":1,\"name\":\"Portada\",\"item\":\"https:\/\/newgo.eu\/pt-pt\/\"},{\"@type\":\"ListItem\",\"position\":2,\"name\":\"CONTATOS\"}]}]}<\/script>\n<!-- \/ Yoast SEO plugin. -->","yoast_head_json":{"title":"CONTATOS - NewGO","robots":{"index":"index","follow":"follow","max-snippet":"max-snippet:-1","max-image-preview":"max-image-preview:large","max-video-preview":"max-video-preview:-1"},"canonical":"https:\/\/newgo.eu\/pt-pt\/contatos\/","og_locale":"pt_PT","og_type":"article","og_title":"CONTATOS - NewGO","og_description":"[vc_row force_equal_height_columns=&#8221;main_row&#8221; dfd_row_config=&#8221;full_width_content&#8221; row_effect=&#8221;dfd-fade-on-scroll&#8221; dfd_bg_style=&#8221;image&#8221; dfd_bg_image_new=&#8221;232&#8243; dfd_bg_image_repeat=&#8221;no-repeat&#8221; dfd_overlay_pattern=&#8221;01.png&#8221; css=&#8221;.vc_custom_1542727918826{background-position: center !important;background-repeat: no-repeat !important;background-size: cover !important;}&#8221;][vc_column column_bg_check=&#8221;column-background-dark&#8221; column_bg_position=&#8221;center center&#8221; column_bg_repeat=&#8221;no-repeat&#8221; css=&#8221;.vc_custom_1542285532408{background-position: center !important;background-repeat: no-repeat !important;background-size: cover !important;}&#8221;][\/vc_column][\/vc_row][vc_row dfd_row_config=&#8221;full_width_content&#8221; css=&#8221;.vc_custom_1547727766153{padding-right: 8% !important;padding-left:","og_url":"https:\/\/newgo.eu\/pt-pt\/contatos\/","og_site_name":"NewGO","article_modified_time":"2022-06-24T11:12:43+00:00","twitter_card":"summary_large_image","twitter_misc":{"Tempo estimado de leitura":"1 minuto"},"schema":{"@context":"https:\/\/schema.org","@graph":[{"@type":"Organization","@id":"https:\/\/newgo.eu\/#organization","name":"Newgo Soluciones de Seguridad e Identificacion SL","url":"https:\/\/newgo.eu\/","sameAs":[],"logo":{"@type":"ImageObject","@id":"https:\/\/newgo.eu\/#logo","inLanguage":"pt-PT","url":"https:\/\/newgo.eu\/wp-content\/uploads\/2019\/12\/NG_color-sin-fondo-blanco.png","contentUrl":"https:\/\/newgo.eu\/wp-content\/uploads\/2019\/12\/NG_color-sin-fondo-blanco.png","width":1200,"height":223,"caption":"Newgo Soluciones de Seguridad e Identificacion SL"},"image":{"@id":"https:\/\/newgo.eu\/#logo"}},{"@type":"WebSite","@id":"https:\/\/newgo.eu\/#website","url":"https:\/\/newgo.eu\/","name":"NewGO","description":"Selos, Sacos e Eqtiquetas de Seguran\u00e7a | Solu\u00e7\u00f5es de Seguran\u00e7a","publisher":{"@id":"https:\/\/newgo.eu\/#organization"},"potentialAction":[{"@type":"SearchAction","target":{"@type":"EntryPoint","urlTemplate":"https:\/\/newgo.eu\/?s={search_term_string}"},"query-input":"required name=search_term_string"}],"inLanguage":"pt-PT"},{"@type":"WebPage","@id":"https:\/\/newgo.eu\/pt-pt\/contatos\/#webpage","url":"https:\/\/newgo.eu\/pt-pt\/contatos\/","name":"CONTATOS - NewGO","isPartOf":{"@id":"https:\/\/newgo.eu\/#website"},"datePublished":"2018-11-13T16:36:34+00:00","dateModified":"2022-06-24T11:12:43+00:00","breadcrumb":{"@id":"https:\/\/newgo.eu\/pt-pt\/contatos\/#breadcrumb"},"inLanguage":"pt-PT","potentialAction":[{"@type":"ReadAction","target":["https:\/\/newgo.eu\/pt-pt\/contatos\/"]}]},{"@type":"BreadcrumbList","@id":"https:\/\/newgo.eu\/pt-pt\/contatos\/#breadcrumb","itemListElement":[{"@type":"ListItem","position":1,"name":"Portada","item":"https:\/\/newgo.eu\/pt-pt\/"},{"@type":"ListItem","position":2,"name":"CONTATOS"}]}]}},"_links":{"self":[{"href":"https:\/\/newgo.eu\/pt-pt\/wp-json\/wp\/v2\/pages\/11"}],"collection":[{"href":"https:\/\/newgo.eu\/pt-pt\/wp-json\/wp\/v2\/pages"}],"about":[{"href":"https:\/\/newgo.eu\/pt-pt\/wp-json\/wp\/v2\/types\/page"}],"author":[{"embeddable":true,"href":"https:\/\/newgo.eu\/pt-pt\/wp-json\/wp\/v2\/users\/1"}],"replies":[{"embeddable":true,"href":"https:\/\/newgo.eu\/pt-pt\/wp-json\/wp\/v2\/comments?post=11"}],"version-history":[{"count":27,"href":"https:\/\/newgo.eu\/pt-pt\/wp-json\/wp\/v2\/pages\/11\/revisions"}],"predecessor-version":[{"id":4966,"href":"https:\/\/newgo.eu\/pt-pt\/wp-json\/wp\/v2\/pages\/11\/revisions\/4966"}],"wp:attachment":[{"href":"https:\/\/newgo.eu\/pt-pt\/wp-json\/wp\/v2\/media?parent=11"}],"curies":[{"name":"wp","href":"https:\/\/api.w.org\/{rel}","templated":true}]}}