{"id":3105,"date":"2020-06-09T11:56:16","date_gmt":"2020-06-09T11:56:16","guid":{"rendered":"https:\/\/newgo.eu\/?page_id=3105"},"modified":"2020-06-09T11:56:16","modified_gmt":"2020-06-09T11:56:16","slug":"electronica-e-informatica","status":"publish","type":"page","link":"https:\/\/newgo.eu\/pt-pt\/electronica-e-informatica\/","title":{"rendered":"ELECTR\u00d3NICA E INFORM\u00c1TICA"},"content":{"rendered":"<p>[vc_row force_equal_height_columns=&#8221;main_row&#8221; dfd_row_config=&#8221;full_width_content&#8221; row_effect=&#8221;dfd-fade-on-scroll&#8221; dfd_bg_style=&#8221;image&#8221; dfd_bg_image_new=&#8221;627&#8243; dfd_bg_image_repeat=&#8221;no-repeat&#8221; dfd_overlay_pattern=&#8221;01.png&#8221; dfd_overlay_pattern_opacity=&#8221;50&#8243; css=&#8221;.vc_custom_1548256522796{background-position: center !important;background-repeat: no-repeat !important;background-size: cover !important;}&#8221;][vc_column column_bg_check=&#8221;column-background-dark&#8221; column_bg_position=&#8221;center center&#8221; column_bg_repeat=&#8221;no-repeat&#8221; css=&#8221;.vc_custom_1542285532408{background-position: center !important;background-repeat: no-repeat !important;background-size: cover !important;}&#8221;]<div class=\"dfd-spacer-module\"  data-units=\"px\" data-wide_resolution=\"1280\" data-wide_size=\"140\" data-normal_resolution=\"1024\" data-normal_size=\"140\" data-tablet_resolution=\"800\" data-tablet_size=\"140\" data-mobile_resolution=\"480\" data-mobile_size=\"80\" style=\"height: 140px;\"><\/div><div class=\"dfd-heading-shortcode\"><div class=\"dfd-heading-module-wrap  text-center style_05 cr-animate-gen dfd-heading-69dcb84bbf6bd dfd-disable-resposive-headings\" id=\"dfd-heading-69dcb84bbf6bd\" data-animate-type = \"transition.slideDownIn\" ><div class=\"inline-block\"><div class=\"dfd-heading-module\"><h1 class=\"widget-title dfd-title \" style=\"\"><\/p>\n<p>ELECTR\u00d3NICA E INFORM\u00c1TICA<\/p>\n<p><\/h1><\/div><\/div><\/div><script type=\"text\/javascript\">\r\n\t\t\t\t\t\t\t\t\t(function($) {\r\n\t\t\t\t\t\t\t\t\t\t$(\"head\").append(\"<style>.dfd-heading-69dcb84bbf6bd.dfd-heading-module-wrap .dfd-heading-module .dfd-heading-delimiter {margin-top:10px;margin-bottom:10px;}<\/style>\");\r\n\t\t\t\t\t\t\t\t\t})(jQuery);\r\n\t\t\t\t\t\t\t\t<\/script><\/div><div class=\"dfd-spacer-module\"  data-units=\"px\" data-wide_resolution=\"1280\" data-wide_size=\"70\" data-normal_resolution=\"1024\" data-normal_size=\"70\" data-tablet_resolution=\"800\" data-tablet_size=\"70\" data-mobile_resolution=\"480\" data-mobile_size=\"60\" style=\"height: 70px;\"><\/div>[\/vc_column][\/vc_row][vc_row force_equal_height_columns=&#8221;main_row&#8221; dfd_row_config=&#8221;full_width_content&#8221; css=&#8221;.vc_custom_1548262249281{padding-right: 5% !important;padding-left: 3% !important;}&#8221; mobile_destroy_equal_heights=&#8221;yes&#8221;][vc_column width=&#8221;1\/6&#8243; dfd_column_responsive_enable=&#8221;dfd-column-responsive-enable&#8221; css=&#8221;.vc_custom_1549926358930{border-top-width: 30px !important;background-color: #efefef !important;border-top-color: #ffffff !important;border-top-style: solid !important;}&#8221; offset=&#8221;vc_hidden-sm vc_hidden-xs&#8221; responsive_styles=&#8221;border_top_mobile:0&#8243;]<div class=\"uavc-icons-center uavc-icons \">\n<div class=\"aio-icon advanced \" data-animation=\"fadeInLeftBig\" data-animation-delay=\"03\" style=\"color:#009a3d;background:rgba(255,255,255,0.01);border-style:solid;border-color:#ffffff;border-width:4px;width:100px;height:100px;line-height:100px;border-radius:100px;font-size:50px;margin-right:5px;\">\n\t<i class=\"dfd-icon-PC_network\"><\/i>\n<\/div><\/div>[\/vc_column][vc_column width=&#8221;5\/6&#8243; dfd_column_responsive_enable=&#8221;dfd-column-responsive-enable&#8221; css=&#8221;.vc_custom_1548263102901{border-top-width: 40px !important;padding-left: 3% !important;border-top-color: #ffffff !important;border-top-style: solid !important;}&#8221; responsive_styles=&#8221;border_top_mobile:0&#8243;]<div class=\"dfd-spacer-module\"  data-units=\"px\" data-wide_resolution=\"1280\" data-wide_size=\"10\" data-normal_resolution=\"1024\" data-normal_size=\"10\" data-tablet_resolution=\"800\" data-tablet_size=\"10\" data-mobile_resolution=\"480\" data-mobile_size=\"20\" style=\"height: 10px;\"><\/div>[vc_column_text css_animation=&#8221;fadeInUp&#8221;]A identifica\u00e7\u00e3o e a selagem de produtos electr\u00f3nicos e inform\u00e1ticos permitem melhorar a seguran\u00e7a e a identifica\u00e7\u00e3o do produto.<\/p>\n<p>Os selos de seguran\u00e7a <strong>NewGO<\/strong> t\u00eam uma vasta gama de op\u00e7\u00f5es neste sector, o que permite a sua aplica\u00e7\u00e3o em diferentes situa\u00e7\u00f5es.[\/vc_column_text]<div class=\"dfd-spacer-module\"  data-units=\"px\" data-wide_resolution=\"1280\" data-wide_size=\"20\" data-normal_resolution=\"1024\" data-normal_size=\"20\" data-tablet_resolution=\"800\" data-tablet_size=\"20\" data-mobile_resolution=\"480\" data-mobile_size=\"20\" style=\"height: 20px;\"><\/div>[\/vc_column][\/vc_row][vc_row dfd_row_config=&#8221;full_width_content&#8221; css=&#8221;.vc_custom_1548237061252{padding-right: 5% !important;padding-left: 5% !important;background-color: #efefef !important;}&#8221;][vc_column]<div class=\"dfd-spacer-module\"  data-units=\"px\" data-wide_resolution=\"1280\" data-wide_size=\"50\" data-normal_resolution=\"1024\" data-normal_size=\"50\" data-tablet_resolution=\"800\" data-tablet_size=\"50\" data-mobile_resolution=\"480\" data-mobile_size=\"40\" style=\"height: 50px;\"><\/div><div id=\"woo-grid-69dcb84bbfab7\" class=\"woocomposer_grid woo-product-grid-wrap  cr-animate-gen\"  data-animate-item=\".prod-wrap\" data-animate-type = \"transition.fadeIn\" ><div class=\"woocommerce columns-3\"><div id=\"dfd-products-grid-69dcb84bbfd62\" class=\"products row\">\t\t\t\t\t<div class=\"columns dfd-loop-shop-responsive three style-1 post-2062 product type-product status-publish has-post-thumbnail hentry product_cat-aereo-catering-e-venda-a-bordo product_cat-electronica-e-informatica product_cat-estado-e-seguranca-publica product_cat-extintores-e-incendio product_cat-metrologia-e-utilities product_cat-petroleo-e-gas product_cat-saude-e-hospitalar product_cat-vending-e-maquinas-de-jogo product_tag-selo-de-seguranca-plastico pa_agricultura-n-a pa_alimentar-n-a pa_cash-in-transit-n-a pa_cores-azul pa_cores-outras-cores-a-pedido pa_cores-verde pa_correios-courier-n-a pa_electronica-informatica-sim pa_estado-sim pa_extintores-incendio-sim pa_familia-selo-de-seguranca-plastico pa_impressao-laser-sim pa_logistica-transporte-n-a pa_maq-vending-jogo-sim pa_material-polipropileno-com-inserto-metalico-em-aco pa_petroleo-gas-sim pa_produto-mittik pa_reciclavel-nao pa_retalho-n-a pa_saude-hospitalar-sim pa_tipo-seguranca-indicativo pa_utilities-sim\">\r\n\t\t\t\t\t\t<div class=\"prod-wrap text-center\">\r\n\r\n\t\t\t\t\t\t\t\t\t\t\t\t\t\t<div class=\"woo-cover\">\r\n\t\t\t\t\t\t\t\t<div class=\"prod-image-wrap woo-entry-thumb\">\r\n\t\t\t\t\t\t\t\t\t\r\n\t<div id=\"product_slider_69dcb84bc499d\" class=\"woo-entry-thumb\">\r\n\t\t\r\n\t\t<div class=\"woo-entry-thumb-carousel\" data-speed=\"2000\">\r\n\r\n\t\t<div class=\"\"><img src=\"https:\/\/newgo.eu\/wp-content\/uploads\/2019\/11\/Selos-indicativo-azul-1024x682-500x313.jpg\" alt=\"\" \/><\/div><div class=\"\"><img src=\"https:\/\/newgo.eu\/wp-content\/uploads\/2019\/10\/selo-indicativo-mitt1e-1024x682-500x313.jpg\" alt=\"\" \/><\/div>\r\n\t\t<\/div>\r\n\t\t\t\t<div class=\"preview-thumb\">\r\n\t\t\t<img src=\"https:\/\/newgo.eu\/wp-content\/uploads\/2019\/11\/Selos-indicativo-azul-1024x682-500x313.jpg\" alt=\"\" \/>\r\n\t\t<\/div>\r\n\t<\/div>\r\n\t<div class=\"buttons-wrap  dfd-buttons-light text-center\">\r\n\t\t<div>\r\n\t\t\t\t\t\t\t<a href=\"https:\/\/newgo.eu\/pt-pt\/prod\/mittik\/\" data-quantity=\"1\" class=\"add_to_cart_button product_type_simple\" data-product_id=\"2062\" data-product_sku=\"MITT1E\" aria-label=\"Leia mais sobre &ldquo;MITTIK&rdquo;\" rel=\"nofollow\"><span style=\"padding-left:25px;\">Ler mais<\/span><\/a>\t\t\t\t\t\t\t\t\t\t\t\t\t\t<a href=\"https:\/\/newgo.eu\/wp-content\/uploads\/2019\/11\/Selos-indicativo-azul.jpg\" title=\"\" class=\"dfd-prod-lightbox\" data-rel=\"prettyPhoto[product-gallery-2062]\">\r\n\t\t\t\t\t\t\t\t\t\t\t<i class=\"dfd-icon-zoom\"><\/i>\r\n\t\t\t\t\t\t\t\t\t<\/a>\r\n\t\t\t\t\t<\/div>\r\n\t<\/div>\r\n\r\n\t\t\t\t\t\t\t\t\t\t<a href=\"https:\/\/newgo.eu\/pt-pt\/prod\/mittik\/\" class=\"link\"><\/a>\r\n\t\t\t\t\t\t\t\t<\/div>\r\n\t\t\t\t\t\t\t<\/div>\r\n\t\t\t\t\t\t\t\t\t\t\t\t\t\t\t<div class=\"woo-title-wrap  text-center\">\r\n\t\t\t\t\t\t\t\t\t<div class=\"heading\">\r\n\t\t\t\t\t\t\t\t\t\t\t\t\t\t\t\t\t\t\t\t<div class=\"box-name\"><a href=\"https:\/\/newgo.eu\/pt-pt\/prod\/mittik\/\">MITTIK<\/a><\/div>\r\n\t\t\t\t\t\t\t\t\t\t\t\t\t\t\t\t\t\t\t\t<div class=\"woo-price-cart-wrap\">\r\n\t\t\t\t\t\t\t\t\t\t\t<div class=\"price-wrap\">\r\n\t\t\t\t\t\t\t\t\t\t\t\t\t\t\t\t\t\t\t\t\t\t\t<\/div>\r\n\t\t\t\t\t\t\t\t\t\t<\/div>\r\n\t\t\t\t\t\t\t\t\t\t<div class=\"rating-section\">\r\n\t\t\t\t\t\t\t\t\t\t\t\t\t\t\t\t\t\t\t\t\t<\/div>\r\n\t\t\t\t\t\t\t\t\t<\/div>\r\n\t\t\t\t\t\t\t\t\t\t\t\t\t\t\t\t\t<\/div>\r\n\t\t\t\t\t\t\t\t\t\t\t\t\t\t\t\t\t\t\t\t\t<\/div>\r\n\t\t\t\t\t<\/div>\r\n\t\t\t\t<\/div><\/div><\/div><script>\r\n\t\t\t\t\t\t\t\t(function($){\r\n\t\t\t\t\t\t\t\t\t$(\"head\").append(\"<style>#woo-grid-69dcb84bbfab7 .onsale {style=&quot;&quot;}<\/style>\");\r\n\t\t\t\t\t\t\t\t})(jQuery)\r\n\t\t\t\t\t\t\t<\/script><div class=\"dfd-spacer-module\"  data-units=\"px\" data-wide_resolution=\"1280\" data-wide_size=\"50\" data-normal_resolution=\"1024\" data-normal_size=\"50\" data-tablet_resolution=\"800\" data-tablet_size=\"50\" data-mobile_resolution=\"480\" data-mobile_size=\"40\" style=\"height: 50px;\"><\/div>[\/vc_column][\/vc_row]<\/p>\n","protected":false},"excerpt":{"rendered":"<p>Selo de Seguran\u00e7a Pl\u00e1stico<\/p>\n","protected":false},"author":4,"featured_media":0,"parent":0,"menu_order":0,"comment_status":"closed","ping_status":"closed","template":"page-custom.php","meta":{"inline_featured_image":false},"acf":[],"yoast_head":"<!-- This site is optimized with the Yoast SEO plugin v18.2 - https:\/\/yoast.com\/wordpress\/plugins\/seo\/ -->\n<title>NewGo - Selos de seguran\u00e7a para Agricultura e Agro-Pecu\u00e1ria<\/title>\n<meta name=\"description\" content=\"Os selos de seguran\u00e7a para Agricultura e Agro-Pecu\u00e1ria da NewGo permitem a identifica\u00e7\u00e3o, integridade e transporte dos produtos agr\u00edcolas.\" \/>\n<meta name=\"robots\" content=\"index, follow, max-snippet:-1, max-image-preview:large, max-video-preview:-1\" \/>\n<link rel=\"canonical\" href=\"https:\/\/newgo.eu\/pt-pt\/electronica-e-informatica\/\" \/>\n<meta property=\"og:locale\" content=\"pt_PT\" \/>\n<meta property=\"og:type\" content=\"article\" \/>\n<meta property=\"og:title\" content=\"NewGo - Selos de seguran\u00e7a para Agricultura e Agro-Pecu\u00e1ria\" \/>\n<meta property=\"og:description\" content=\"Os selos de seguran\u00e7a para Agricultura e Agro-Pecu\u00e1ria da NewGo permitem a identifica\u00e7\u00e3o, integridade e transporte dos produtos agr\u00edcolas.\" \/>\n<meta property=\"og:url\" content=\"https:\/\/newgo.eu\/pt-pt\/electronica-e-informatica\/\" \/>\n<meta property=\"og:site_name\" content=\"NewGO\" \/>\n<meta name=\"twitter:card\" content=\"summary_large_image\" \/>\n<meta name=\"twitter:label1\" content=\"Tempo estimado de leitura\" \/>\n\t<meta name=\"twitter:data1\" content=\"3 minutos\" \/>\n<script type=\"application\/ld+json\" class=\"yoast-schema-graph\">{\"@context\":\"https:\/\/schema.org\",\"@graph\":[{\"@type\":\"Organization\",\"@id\":\"https:\/\/newgo.eu\/#organization\",\"name\":\"Newgo Soluciones de Seguridad e Identificacion SL\",\"url\":\"https:\/\/newgo.eu\/\",\"sameAs\":[],\"logo\":{\"@type\":\"ImageObject\",\"@id\":\"https:\/\/newgo.eu\/#logo\",\"inLanguage\":\"pt-PT\",\"url\":\"https:\/\/newgo.eu\/wp-content\/uploads\/2019\/12\/NG_color-sin-fondo-blanco.png\",\"contentUrl\":\"https:\/\/newgo.eu\/wp-content\/uploads\/2019\/12\/NG_color-sin-fondo-blanco.png\",\"width\":1200,\"height\":223,\"caption\":\"Newgo Soluciones de Seguridad e Identificacion SL\"},\"image\":{\"@id\":\"https:\/\/newgo.eu\/#logo\"}},{\"@type\":\"WebSite\",\"@id\":\"https:\/\/newgo.eu\/#website\",\"url\":\"https:\/\/newgo.eu\/\",\"name\":\"NewGO\",\"description\":\"Selos, Sacos e Eqtiquetas de Seguran\u00e7a | Solu\u00e7\u00f5es de Seguran\u00e7a\",\"publisher\":{\"@id\":\"https:\/\/newgo.eu\/#organization\"},\"potentialAction\":[{\"@type\":\"SearchAction\",\"target\":{\"@type\":\"EntryPoint\",\"urlTemplate\":\"https:\/\/newgo.eu\/?s={search_term_string}\"},\"query-input\":\"required name=search_term_string\"}],\"inLanguage\":\"pt-PT\"},{\"@type\":\"WebPage\",\"@id\":\"https:\/\/newgo.eu\/pt-pt\/electronica-e-informatica\/#webpage\",\"url\":\"https:\/\/newgo.eu\/pt-pt\/electronica-e-informatica\/\",\"name\":\"NewGo - Selos de seguran\u00e7a para Agricultura e Agro-Pecu\u00e1ria\",\"isPartOf\":{\"@id\":\"https:\/\/newgo.eu\/#website\"},\"datePublished\":\"2020-06-09T11:56:16+00:00\",\"dateModified\":\"2020-06-09T11:56:16+00:00\",\"description\":\"Os selos de seguran\u00e7a para Agricultura e Agro-Pecu\u00e1ria da NewGo permitem a identifica\u00e7\u00e3o, integridade e transporte dos produtos agr\u00edcolas.\",\"breadcrumb\":{\"@id\":\"https:\/\/newgo.eu\/pt-pt\/electronica-e-informatica\/#breadcrumb\"},\"inLanguage\":\"pt-PT\",\"potentialAction\":[{\"@type\":\"ReadAction\",\"target\":[\"https:\/\/newgo.eu\/pt-pt\/electronica-e-informatica\/\"]}]},{\"@type\":\"BreadcrumbList\",\"@id\":\"https:\/\/newgo.eu\/pt-pt\/electronica-e-informatica\/#breadcrumb\",\"itemListElement\":[{\"@type\":\"ListItem\",\"position\":1,\"name\":\"Portada\",\"item\":\"https:\/\/newgo.eu\/pt-pt\/\"},{\"@type\":\"ListItem\",\"position\":2,\"name\":\"ELECTR\u00d3NICA E INFORM\u00c1TICA\"}]}]}<\/script>\n<!-- \/ Yoast SEO plugin. -->","yoast_head_json":{"title":"NewGo - Selos de seguran\u00e7a para Agricultura e Agro-Pecu\u00e1ria","description":"Os selos de seguran\u00e7a para Agricultura e Agro-Pecu\u00e1ria da NewGo permitem a identifica\u00e7\u00e3o, integridade e transporte dos produtos agr\u00edcolas.","robots":{"index":"index","follow":"follow","max-snippet":"max-snippet:-1","max-image-preview":"max-image-preview:large","max-video-preview":"max-video-preview:-1"},"canonical":"https:\/\/newgo.eu\/pt-pt\/electronica-e-informatica\/","og_locale":"pt_PT","og_type":"article","og_title":"NewGo - Selos de seguran\u00e7a para Agricultura e Agro-Pecu\u00e1ria","og_description":"Os selos de seguran\u00e7a para Agricultura e Agro-Pecu\u00e1ria da NewGo permitem a identifica\u00e7\u00e3o, integridade e transporte dos produtos agr\u00edcolas.","og_url":"https:\/\/newgo.eu\/pt-pt\/electronica-e-informatica\/","og_site_name":"NewGO","twitter_card":"summary_large_image","twitter_misc":{"Tempo estimado de leitura":"3 minutos"},"schema":{"@context":"https:\/\/schema.org","@graph":[{"@type":"Organization","@id":"https:\/\/newgo.eu\/#organization","name":"Newgo Soluciones de Seguridad e Identificacion SL","url":"https:\/\/newgo.eu\/","sameAs":[],"logo":{"@type":"ImageObject","@id":"https:\/\/newgo.eu\/#logo","inLanguage":"pt-PT","url":"https:\/\/newgo.eu\/wp-content\/uploads\/2019\/12\/NG_color-sin-fondo-blanco.png","contentUrl":"https:\/\/newgo.eu\/wp-content\/uploads\/2019\/12\/NG_color-sin-fondo-blanco.png","width":1200,"height":223,"caption":"Newgo Soluciones de Seguridad e Identificacion SL"},"image":{"@id":"https:\/\/newgo.eu\/#logo"}},{"@type":"WebSite","@id":"https:\/\/newgo.eu\/#website","url":"https:\/\/newgo.eu\/","name":"NewGO","description":"Selos, Sacos e Eqtiquetas de Seguran\u00e7a | Solu\u00e7\u00f5es de Seguran\u00e7a","publisher":{"@id":"https:\/\/newgo.eu\/#organization"},"potentialAction":[{"@type":"SearchAction","target":{"@type":"EntryPoint","urlTemplate":"https:\/\/newgo.eu\/?s={search_term_string}"},"query-input":"required name=search_term_string"}],"inLanguage":"pt-PT"},{"@type":"WebPage","@id":"https:\/\/newgo.eu\/pt-pt\/electronica-e-informatica\/#webpage","url":"https:\/\/newgo.eu\/pt-pt\/electronica-e-informatica\/","name":"NewGo - Selos de seguran\u00e7a para Agricultura e Agro-Pecu\u00e1ria","isPartOf":{"@id":"https:\/\/newgo.eu\/#website"},"datePublished":"2020-06-09T11:56:16+00:00","dateModified":"2020-06-09T11:56:16+00:00","description":"Os selos de seguran\u00e7a para Agricultura e Agro-Pecu\u00e1ria da NewGo permitem a identifica\u00e7\u00e3o, integridade e transporte dos produtos agr\u00edcolas.","breadcrumb":{"@id":"https:\/\/newgo.eu\/pt-pt\/electronica-e-informatica\/#breadcrumb"},"inLanguage":"pt-PT","potentialAction":[{"@type":"ReadAction","target":["https:\/\/newgo.eu\/pt-pt\/electronica-e-informatica\/"]}]},{"@type":"BreadcrumbList","@id":"https:\/\/newgo.eu\/pt-pt\/electronica-e-informatica\/#breadcrumb","itemListElement":[{"@type":"ListItem","position":1,"name":"Portada","item":"https:\/\/newgo.eu\/pt-pt\/"},{"@type":"ListItem","position":2,"name":"ELECTR\u00d3NICA E INFORM\u00c1TICA"}]}]}},"_links":{"self":[{"href":"https:\/\/newgo.eu\/pt-pt\/wp-json\/wp\/v2\/pages\/3105"}],"collection":[{"href":"https:\/\/newgo.eu\/pt-pt\/wp-json\/wp\/v2\/pages"}],"about":[{"href":"https:\/\/newgo.eu\/pt-pt\/wp-json\/wp\/v2\/types\/page"}],"author":[{"embeddable":true,"href":"https:\/\/newgo.eu\/pt-pt\/wp-json\/wp\/v2\/users\/4"}],"replies":[{"embeddable":true,"href":"https:\/\/newgo.eu\/pt-pt\/wp-json\/wp\/v2\/comments?post=3105"}],"version-history":[{"count":2,"href":"https:\/\/newgo.eu\/pt-pt\/wp-json\/wp\/v2\/pages\/3105\/revisions"}],"predecessor-version":[{"id":3107,"href":"https:\/\/newgo.eu\/pt-pt\/wp-json\/wp\/v2\/pages\/3105\/revisions\/3107"}],"wp:attachment":[{"href":"https:\/\/newgo.eu\/pt-pt\/wp-json\/wp\/v2\/media?parent=3105"}],"curies":[{"name":"wp","href":"https:\/\/api.w.org\/{rel}","templated":true}]}}