{"id":4608,"date":"2020-10-20T16:38:23","date_gmt":"2020-10-20T16:38:23","guid":{"rendered":"https:\/\/newgo.eu\/?page_id=4608"},"modified":"2020-10-21T13:59:55","modified_gmt":"2020-10-21T13:59:55","slug":"sacos-reutilizaveis-de-seguranca","status":"publish","type":"page","link":"https:\/\/newgo.eu\/pt-pt\/sacos-reutilizaveis-de-seguranca\/","title":{"rendered":"Sacos reutiliz\u00e1veis de seguran\u00e7a"},"content":{"rendered":"<h1>\n\t\tSACOS REUTILIZ\u00c1VEIS DE SEGURAN\u00c7A\n\t<\/h1>\n<h2>\n\t\tNewbags\n\t<\/h2>\n\t<p>A elevada qualidade empregue na constru\u00e7\u00e3o dos nossos sacos reutiliz\u00e1veis NewBAGS permite at\u00e9 <strong>2000 ciclos<\/strong> de utiliza\u00e7\u00e3o do produto contribuindo assim para a diminui\u00e7\u00e3o de res\u00edduos.<\/p>\n<p>\u00c9 por isso que as <strong>NewBags<\/strong> reutiliz\u00e1veis, al\u00e9m de oferecem elevados benef\u00edcios de redu\u00e7\u00e3o de custos operacionais, s\u00e3o um importante contributo para a redu\u00e7\u00e3o do impacto ambiental das opera\u00e7\u00f5es dos nossos clientes.<\/p>\n\t\t\t<a href=\"https:\/\/newgo.eu\/pt-pt\/contatos\/\" target=\"_self\" role=\"button\" rel=\"noopener noreferrer\">\n\t\t\t\t\t\t\tContacte-nos para saber mais\n\t\t\t<\/a>\n\t\t\t\t<img loading=\"lazy\" src=\"https:\/\/newgo.eu\/wp-content\/uploads\/2020\/10\/Bags-con-logo-reciclable.jpg\" alt=\"Bags con logo reciclable\" itemprop=\"image\" height=\"1075\" width=\"1295\" title=\"Bags con logo reciclable\" onerror=\"this.style.display='none'\"  \/>\n\t\t\t\t<a href=\"https:\/\/newgo.eu\/prod\/bolsas-para-correo\/\" target=\"_self\" itemprop=\"url\" rel=\"noopener noreferrer\">\n\t\t\t\t<img loading=\"lazy\" src=\"https:\/\/newgo.eu\/wp-content\/uploads\/2020\/04\/Documentos-Verticales-150x150.jpg\" alt=\"Sacos para Correio Vertical\" itemprop=\"image\" height=\"150\" width=\"150\" title=\"Sacos para Correio Vertical\" onerror=\"this.style.display='none'\"  \/>\n\t\t\t\t<\/a>\n\t\t\t\t<a href=\"https:\/\/newgo.eu\/prod\/transporte-de-documentos\/\" target=\"_self\" itemprop=\"url\" rel=\"noopener noreferrer\">\n\t\t\t\t<img loading=\"lazy\" src=\"https:\/\/newgo.eu\/wp-content\/uploads\/2020\/04\/Sacos-para-documentos-150x150.jpg\" alt=\"Sacos de seguran\u00e7a para documentos\" itemprop=\"image\" height=\"150\" width=\"150\" title=\"Sacos de seguran\u00e7a para documentos\" onerror=\"this.style.display='none'\"  \/>\n\t\t\t\t<\/a>\n\t\t\t\t<a href=\"https:\/\/newgo.eu\/prod\/bolsas-para-correo\/\" target=\"_self\" itemprop=\"url\" rel=\"noopener noreferrer\">\n\t\t\t\t<img loading=\"lazy\" src=\"https:\/\/newgo.eu\/wp-content\/uploads\/2020\/04\/Sacos-para-correio-150x150.jpg\" alt=\"Sacos de seguran\u00e7a para correio\" itemprop=\"image\" height=\"150\" width=\"150\" title=\"Sacos de seguran\u00e7a para correio\" onerror=\"this.style.display='none'\"  \/>\n\t\t\t\t<\/a>\n\t\t\t\t<a href=\"https:\/\/newgo.eu\/prod\/gestion-de-llaves\/\" target=\"_self\" itemprop=\"url\" rel=\"noopener noreferrer\">\n\t\t\t\t<img loading=\"lazy\" src=\"https:\/\/newgo.eu\/wp-content\/uploads\/2020\/04\/Control-Chaves-150x150.jpg\" alt=\"Sacos de seguran\u00e7a para Gest\u00e3o de Chaves\" itemprop=\"image\" height=\"150\" width=\"150\" title=\"Sacos de seguran\u00e7a para Gest\u00e3o de Chaves\" onerror=\"this.style.display='none'\"  \/>\n\t\t\t\t<\/a>\n\t\t\t\t<a href=\"https:\/\/newgo.eu\/prod\/plegable-para-grandes-volumes\/\" target=\"_self\" itemprop=\"url\" rel=\"noopener noreferrer\">\n\t\t\t\t<img loading=\"lazy\" src=\"https:\/\/newgo.eu\/wp-content\/uploads\/2020\/03\/Mala-para-transporte-150x150.jpg\" alt=\"Mala de seguran\u00e7a para transporte\" itemprop=\"image\" height=\"150\" width=\"150\" title=\"Mala de seguran\u00e7a para transporte\" onerror=\"this.style.display='none'\"  \/>\n\t\t\t\t<\/a>\n\t\t\t\t<a href=\"https:\/\/newgo.eu\/prod\/bolsas-para-valores\/\" target=\"_self\" itemprop=\"url\" rel=\"noopener noreferrer\">\n\t\t\t\t<img loading=\"lazy\" src=\"https:\/\/newgo.eu\/wp-content\/uploads\/2020\/04\/Sacos-para-valores-150x150.jpg\" alt=\"Sacos de seguran\u00e7a para valores\" itemprop=\"image\" height=\"150\" width=\"150\" title=\"Sacos de seguran\u00e7a para valores\" onerror=\"this.style.display='none'\"  \/>\n\t\t\t\t<\/a>\n\t\t\t\t<img loading=\"lazy\" src=\"https:\/\/newgo.eu\/wp-content\/uploads\/2020\/10\/Camara-de-seguridad-XSLOCK-2.jpg\" alt=\"Camara de seguridad XSLOCK (2)\" itemprop=\"image\" height=\"444\" width=\"951\" title=\"Camara de seguridad XSLOCK (2)\" onerror=\"this.style.display='none'\"  \/>\n<h2>\n\t\tA selagem dos seus bens com menos de 1 grama de pl\u00e1stico\n\t<\/h2>\n\t<p>O selo de seguran\u00e7a <a href=\"https:\/\/newgo.eu\/pt-pt\/productos\/selo-indicativo-para-sacos-e-malas-de-seguranca-newbags\/\">POLIPAK 100% recicl\u00e1vel<\/a>, pesando menos de 1 grama, usado em conjunto com as nossas <strong>Camaras XSLOCK, <\/strong>garante a selagem dos seus bens contribuindo por a sustentabilidade ambiental.<\/p>\n<p>As <strong>Newbags<\/strong> s\u00e3o uma solu\u00e7\u00e3o flex\u00edvel de controle, registro, transporte, embalagem e identifica\u00e7\u00e3o, contribuindo para a preserva\u00e7\u00e3o ambiental gra\u00e7as \u00e0 sua possibilidade de reutiliza\u00e7\u00e3o.<\/p>\n<h2>\n\t\tA seguran\u00e7a com o menor impacto ambiental\n\t<\/h2>\n\t\t\t<a href=\"https:\/\/newgo.eu\/pt-pt\/prod\/polipak\/\" target=\"_self\" role=\"button\" rel=\"noopener noreferrer\">\n\t\t\t\t\t\t\tConhe\u00e7a a funcionalidade do nosso POLIPAK\n\t\t\t<\/a>\n<h2>\n\t\tPor que reutilizar um saco de seguran\u00e7a ajuda contribuir com o meio ambiente?\n\t<\/h2>\n\t\t\t\t<img loading=\"lazy\" src=\"https:\/\/newgo.eu\/wp-content\/uploads\/2020\/10\/mano-go-green-300x262.jpg\" alt=\"mano go green\" itemprop=\"image\" height=\"262\" width=\"300\" title=\"mano go green\" onerror=\"this.style.display='none'\"  \/>\n\t<p>Gra\u00e7as \u00e0 qualidade dos nossos produtos permitem v\u00e1rios ciclos de uso, diminuindo a quantidade de res\u00edduos que podem surgir de m\u00e9todos semelhantes de apenas um uso.<\/p>\n\t<p>Gra\u00e7as ao seu sistema de seguran\u00e7a, os nossos sacos de seguran\u00e7a s\u00f3 precisam de um pequeno selo para ser selado.<\/p>\n<p>Este selo conhecido como POLIPAK ajuda a identificar gra\u00e7as \u00e0 sua impress\u00e3o \u00fanica.<\/p>\n<h2>\n\t\tQuais s\u00e3o os nossos Newbags reutiliz\u00e1veis?\n\t<\/h2>\n\t\t\t\t<a href=\"https:\/\/newgo.eu\/pt-pt\/prod\/gestao-de-chaves\/\" target=\"_self\" itemprop=\"url\" rel=\"noopener noreferrer\">\n\t\t\t\t<img loading=\"lazy\" src=\"https:\/\/newgo.eu\/wp-content\/uploads\/2020\/04\/Control-Chaves-300x218.jpg\" alt=\"Sacos de seguran\u00e7a para Gest\u00e3o de Chaves\" itemprop=\"image\" height=\"218\" width=\"300\" title=\"Sacos de seguran\u00e7a para Gest\u00e3o de Chaves\" onerror=\"this.style.display='none'\"  \/>\n\t\t\t\t<\/a>\n<h3>\n\t\t<a href=\"https:\/\/newgo.eu\/pt-pt\/prod\/gestao-de-chaves\/\" title=\"Gest\u00e3o de Chaves\" target=\"_self\" rel=\"noopener noreferrer\">\n\t\tGest\u00e3o de Chaves\n\t\t<\/a>\n\t<\/h3>\n\t\t\t\t<a href=\"https:\/\/newgo.eu\/pt-pt\/prod\/transporte-de-correio-modelo-vertical\/\" target=\"_self\" itemprop=\"url\" rel=\"noopener noreferrer\">\n\t\t\t\t<img loading=\"lazy\" src=\"https:\/\/newgo.eu\/wp-content\/uploads\/2020\/04\/Documentos-Verticales-300x218.jpg\" alt=\"Sacos para Correio Vertical\" itemprop=\"image\" height=\"218\" width=\"300\" title=\"Sacos para Correio Vertical\" onerror=\"this.style.display='none'\"  \/>\n\t\t\t\t<\/a>\n<h3>\n\t\t<a href=\"https:\/\/newgo.eu\/pt-pt\/prod\/transporte-de-correio-modelo-vertical\/\" title=\"Sacos para correios (modelo vertical)\" target=\"_self\" rel=\"noopener noreferrer\">\n\t\tSacos para correios (modelo vertical)\n\t\t<\/a>\n\t<\/h3>\n\t\t\t\t<a href=\"https:\/\/newgo.eu\/pt-pt\/prod\/mala-dobravel-pvc\/\" target=\"_self\" itemprop=\"url\" rel=\"noopener noreferrer\">\n\t\t\t\t<img loading=\"lazy\" src=\"https:\/\/newgo.eu\/wp-content\/uploads\/2020\/04\/valija-de-valores-1-300x200.jpg\" alt=\"valija de valores\" itemprop=\"image\" height=\"200\" width=\"300\" title=\"valija de valores\" onerror=\"this.style.display='none'\"  \/>\n\t\t\t\t<\/a>\n<h3>\n\t\t<a href=\"https:\/\/newgo.eu\/pt-pt\/prod\/mala-dobravel-pvc\/\" title=\"Dobr\u00e1vel para grandes volumes\" target=\"_self\" rel=\"noopener noreferrer\">\n\t\tDobr\u00e1vel para grandes volumes\n\t\t<\/a>\n\t<\/h3>\n\t\t\t\t<a href=\"https:\/\/newgo.eu\/pt-pt\/prod\/transporte-de-documentos\/\" target=\"_self\" itemprop=\"url\" rel=\"noopener noreferrer\">\n\t\t\t\t<img loading=\"lazy\" src=\"https:\/\/newgo.eu\/wp-content\/uploads\/2020\/04\/Sacos-para-documentos-300x218.jpg\" alt=\"Sacos de seguran\u00e7a para documentos\" itemprop=\"image\" height=\"218\" width=\"300\" title=\"Sacos de seguran\u00e7a para documentos\" onerror=\"this.style.display='none'\"  \/>\n\t\t\t\t<\/a>\n<h3>\n\t\t<a href=\"https:\/\/newgo.eu\/pt-pt\/prod\/transporte-de-documentos\/\" title=\"Transporte de documentos\" target=\"_self\" rel=\"noopener noreferrer\">\n\t\tTransporte de documentos\n\t\t<\/a>\n\t<\/h3>\n\t\t\t\t<a href=\"https:\/\/newgo.eu\/pt-pt\/prod\/sacos-para-valores\/\" target=\"_self\" itemprop=\"url\" rel=\"noopener noreferrer\">\n\t\t\t\t<img loading=\"lazy\" src=\"https:\/\/newgo.eu\/wp-content\/uploads\/2020\/04\/Sacos-para-valores-300x218.jpg\" alt=\"Sacos de seguran\u00e7a para valores\" itemprop=\"image\" height=\"218\" width=\"300\" title=\"Sacos de seguran\u00e7a para valores\" onerror=\"this.style.display='none'\"  \/>\n\t\t\t\t<\/a>\n<h3>\n\t\t<a href=\"https:\/\/newgo.eu\/pt-pt\/prod\/sacos-para-valores\/\" title=\"Sacos de seguran\u00e7a para valores\" target=\"_self\" rel=\"noopener noreferrer\">\n\t\tSacos de seguran\u00e7a para valores\n\t\t<\/a>\n\t<\/h3>\n\t\t\t\t<a href=\"https:\/\/newgo.eu\/pt-pt\/prod\/sacos-para-correio\/\" target=\"_self\" itemprop=\"url\" rel=\"noopener noreferrer\">\n\t\t\t\t<img loading=\"lazy\" src=\"https:\/\/newgo.eu\/wp-content\/uploads\/2020\/04\/Sacos-para-correio-300x218.jpg\" alt=\"Sacos de seguran\u00e7a para correio\" itemprop=\"image\" height=\"218\" width=\"300\" title=\"Sacos de seguran\u00e7a para correio\" onerror=\"this.style.display='none'\"  \/>\n\t\t\t\t<\/a>\n<h3>\n\t\t<a href=\"https:\/\/newgo.eu\/pt-pt\/prod\/sacos-para-correio\/\" title=\"Sacos para correios\" target=\"_self\" rel=\"noopener noreferrer\">\n\t\tSacos para correios\n\t\t<\/a>\n\t<\/h3>\n","protected":false},"excerpt":{"rendered":"<p>SACOS REUTILIZ\u00c1VEIS DE SEGURAN\u00c7A Newbags A elevada qualidade empregue na constru\u00e7\u00e3o dos nossos sacos reutiliz\u00e1veis NewBAGS permite at\u00e9 2000 ciclos de utiliza\u00e7\u00e3o do produto contribuindo assim para a diminui\u00e7\u00e3o de<\/p>\n","protected":false},"author":4,"featured_media":0,"parent":0,"menu_order":0,"comment_status":"closed","ping_status":"closed","template":"","meta":{"inline_featured_image":false},"acf":[],"yoast_head":"<!-- This site is optimized with the Yoast SEO plugin v18.2 - https:\/\/yoast.com\/wordpress\/plugins\/seo\/ -->\n<title>Sacos reutiliz\u00e1veis de seguran\u00e7a - NewGO<\/title>\n<meta name=\"robots\" content=\"index, follow, max-snippet:-1, max-image-preview:large, max-video-preview:-1\" \/>\n<link rel=\"canonical\" href=\"https:\/\/newgo.eu\/pt-pt\/sacos-reutilizaveis-de-seguranca\/\" \/>\n<meta property=\"og:locale\" content=\"pt_PT\" \/>\n<meta property=\"og:type\" content=\"article\" \/>\n<meta property=\"og:title\" content=\"Sacos reutiliz\u00e1veis de seguran\u00e7a - NewGO\" \/>\n<meta property=\"og:description\" content=\"SACOS REUTILIZ\u00c1VEIS DE SEGURAN\u00c7A Newbags A elevada qualidade empregue na constru\u00e7\u00e3o dos nossos sacos reutiliz\u00e1veis NewBAGS permite at\u00e9 2000 ciclos de utiliza\u00e7\u00e3o do produto contribuindo assim para a diminui\u00e7\u00e3o de\" \/>\n<meta property=\"og:url\" content=\"https:\/\/newgo.eu\/pt-pt\/sacos-reutilizaveis-de-seguranca\/\" \/>\n<meta property=\"og:site_name\" content=\"NewGO\" \/>\n<meta property=\"article:modified_time\" content=\"2020-10-21T13:59:55+00:00\" \/>\n<meta property=\"og:image\" content=\"https:\/\/newgo.eu\/wp-content\/uploads\/2020\/10\/Bags-con-logo-reciclable.jpg\" \/>\n<meta name=\"twitter:card\" content=\"summary_large_image\" \/>\n<meta name=\"twitter:label1\" content=\"Tempo estimado de leitura\" \/>\n\t<meta name=\"twitter:data1\" content=\"1 minuto\" \/>\n<script type=\"application\/ld+json\" class=\"yoast-schema-graph\">{\"@context\":\"https:\/\/schema.org\",\"@graph\":[{\"@type\":\"Organization\",\"@id\":\"https:\/\/newgo.eu\/#organization\",\"name\":\"Newgo Soluciones de Seguridad e Identificacion SL\",\"url\":\"https:\/\/newgo.eu\/\",\"sameAs\":[],\"logo\":{\"@type\":\"ImageObject\",\"@id\":\"https:\/\/newgo.eu\/#logo\",\"inLanguage\":\"pt-PT\",\"url\":\"https:\/\/newgo.eu\/wp-content\/uploads\/2019\/12\/NG_color-sin-fondo-blanco.png\",\"contentUrl\":\"https:\/\/newgo.eu\/wp-content\/uploads\/2019\/12\/NG_color-sin-fondo-blanco.png\",\"width\":1200,\"height\":223,\"caption\":\"Newgo Soluciones de Seguridad e Identificacion SL\"},\"image\":{\"@id\":\"https:\/\/newgo.eu\/#logo\"}},{\"@type\":\"WebSite\",\"@id\":\"https:\/\/newgo.eu\/#website\",\"url\":\"https:\/\/newgo.eu\/\",\"name\":\"NewGO\",\"description\":\"Selos, Sacos e Eqtiquetas de Seguran\u00e7a | Solu\u00e7\u00f5es de Seguran\u00e7a\",\"publisher\":{\"@id\":\"https:\/\/newgo.eu\/#organization\"},\"potentialAction\":[{\"@type\":\"SearchAction\",\"target\":{\"@type\":\"EntryPoint\",\"urlTemplate\":\"https:\/\/newgo.eu\/?s={search_term_string}\"},\"query-input\":\"required name=search_term_string\"}],\"inLanguage\":\"pt-PT\"},{\"@type\":\"ImageObject\",\"@id\":\"https:\/\/newgo.eu\/pt-pt\/sacos-reutilizaveis-de-seguranca\/#primaryimage\",\"inLanguage\":\"pt-PT\",\"url\":\"https:\/\/newgo.eu\/wp-content\/uploads\/2020\/10\/Bags-con-logo-reciclable.jpg\",\"contentUrl\":\"https:\/\/newgo.eu\/wp-content\/uploads\/2020\/10\/Bags-con-logo-reciclable.jpg\",\"width\":1295,\"height\":1075},{\"@type\":\"WebPage\",\"@id\":\"https:\/\/newgo.eu\/pt-pt\/sacos-reutilizaveis-de-seguranca\/#webpage\",\"url\":\"https:\/\/newgo.eu\/pt-pt\/sacos-reutilizaveis-de-seguranca\/\",\"name\":\"Sacos reutiliz\u00e1veis de seguran\u00e7a - NewGO\",\"isPartOf\":{\"@id\":\"https:\/\/newgo.eu\/#website\"},\"primaryImageOfPage\":{\"@id\":\"https:\/\/newgo.eu\/pt-pt\/sacos-reutilizaveis-de-seguranca\/#primaryimage\"},\"datePublished\":\"2020-10-20T16:38:23+00:00\",\"dateModified\":\"2020-10-21T13:59:55+00:00\",\"breadcrumb\":{\"@id\":\"https:\/\/newgo.eu\/pt-pt\/sacos-reutilizaveis-de-seguranca\/#breadcrumb\"},\"inLanguage\":\"pt-PT\",\"potentialAction\":[{\"@type\":\"ReadAction\",\"target\":[\"https:\/\/newgo.eu\/pt-pt\/sacos-reutilizaveis-de-seguranca\/\"]}]},{\"@type\":\"BreadcrumbList\",\"@id\":\"https:\/\/newgo.eu\/pt-pt\/sacos-reutilizaveis-de-seguranca\/#breadcrumb\",\"itemListElement\":[{\"@type\":\"ListItem\",\"position\":1,\"name\":\"Portada\",\"item\":\"https:\/\/newgo.eu\/pt-pt\/\"},{\"@type\":\"ListItem\",\"position\":2,\"name\":\"Sacos reutiliz\u00e1veis de seguran\u00e7a\"}]}]}<\/script>\n<!-- \/ Yoast SEO plugin. -->","yoast_head_json":{"title":"Sacos reutiliz\u00e1veis de seguran\u00e7a - NewGO","robots":{"index":"index","follow":"follow","max-snippet":"max-snippet:-1","max-image-preview":"max-image-preview:large","max-video-preview":"max-video-preview:-1"},"canonical":"https:\/\/newgo.eu\/pt-pt\/sacos-reutilizaveis-de-seguranca\/","og_locale":"pt_PT","og_type":"article","og_title":"Sacos reutiliz\u00e1veis de seguran\u00e7a - NewGO","og_description":"SACOS REUTILIZ\u00c1VEIS DE SEGURAN\u00c7A Newbags A elevada qualidade empregue na constru\u00e7\u00e3o dos nossos sacos reutiliz\u00e1veis NewBAGS permite at\u00e9 2000 ciclos de utiliza\u00e7\u00e3o do produto contribuindo assim para a diminui\u00e7\u00e3o de","og_url":"https:\/\/newgo.eu\/pt-pt\/sacos-reutilizaveis-de-seguranca\/","og_site_name":"NewGO","article_modified_time":"2020-10-21T13:59:55+00:00","og_image":[{"url":"https:\/\/newgo.eu\/wp-content\/uploads\/2020\/10\/Bags-con-logo-reciclable.jpg"}],"twitter_card":"summary_large_image","twitter_misc":{"Tempo estimado de leitura":"1 minuto"},"schema":{"@context":"https:\/\/schema.org","@graph":[{"@type":"Organization","@id":"https:\/\/newgo.eu\/#organization","name":"Newgo Soluciones de Seguridad e Identificacion SL","url":"https:\/\/newgo.eu\/","sameAs":[],"logo":{"@type":"ImageObject","@id":"https:\/\/newgo.eu\/#logo","inLanguage":"pt-PT","url":"https:\/\/newgo.eu\/wp-content\/uploads\/2019\/12\/NG_color-sin-fondo-blanco.png","contentUrl":"https:\/\/newgo.eu\/wp-content\/uploads\/2019\/12\/NG_color-sin-fondo-blanco.png","width":1200,"height":223,"caption":"Newgo Soluciones de Seguridad e Identificacion SL"},"image":{"@id":"https:\/\/newgo.eu\/#logo"}},{"@type":"WebSite","@id":"https:\/\/newgo.eu\/#website","url":"https:\/\/newgo.eu\/","name":"NewGO","description":"Selos, Sacos e Eqtiquetas de Seguran\u00e7a | Solu\u00e7\u00f5es de Seguran\u00e7a","publisher":{"@id":"https:\/\/newgo.eu\/#organization"},"potentialAction":[{"@type":"SearchAction","target":{"@type":"EntryPoint","urlTemplate":"https:\/\/newgo.eu\/?s={search_term_string}"},"query-input":"required name=search_term_string"}],"inLanguage":"pt-PT"},{"@type":"ImageObject","@id":"https:\/\/newgo.eu\/pt-pt\/sacos-reutilizaveis-de-seguranca\/#primaryimage","inLanguage":"pt-PT","url":"https:\/\/newgo.eu\/wp-content\/uploads\/2020\/10\/Bags-con-logo-reciclable.jpg","contentUrl":"https:\/\/newgo.eu\/wp-content\/uploads\/2020\/10\/Bags-con-logo-reciclable.jpg","width":1295,"height":1075},{"@type":"WebPage","@id":"https:\/\/newgo.eu\/pt-pt\/sacos-reutilizaveis-de-seguranca\/#webpage","url":"https:\/\/newgo.eu\/pt-pt\/sacos-reutilizaveis-de-seguranca\/","name":"Sacos reutiliz\u00e1veis de seguran\u00e7a - NewGO","isPartOf":{"@id":"https:\/\/newgo.eu\/#website"},"primaryImageOfPage":{"@id":"https:\/\/newgo.eu\/pt-pt\/sacos-reutilizaveis-de-seguranca\/#primaryimage"},"datePublished":"2020-10-20T16:38:23+00:00","dateModified":"2020-10-21T13:59:55+00:00","breadcrumb":{"@id":"https:\/\/newgo.eu\/pt-pt\/sacos-reutilizaveis-de-seguranca\/#breadcrumb"},"inLanguage":"pt-PT","potentialAction":[{"@type":"ReadAction","target":["https:\/\/newgo.eu\/pt-pt\/sacos-reutilizaveis-de-seguranca\/"]}]},{"@type":"BreadcrumbList","@id":"https:\/\/newgo.eu\/pt-pt\/sacos-reutilizaveis-de-seguranca\/#breadcrumb","itemListElement":[{"@type":"ListItem","position":1,"name":"Portada","item":"https:\/\/newgo.eu\/pt-pt\/"},{"@type":"ListItem","position":2,"name":"Sacos reutiliz\u00e1veis de seguran\u00e7a"}]}]}},"_links":{"self":[{"href":"https:\/\/newgo.eu\/pt-pt\/wp-json\/wp\/v2\/pages\/4608"}],"collection":[{"href":"https:\/\/newgo.eu\/pt-pt\/wp-json\/wp\/v2\/pages"}],"about":[{"href":"https:\/\/newgo.eu\/pt-pt\/wp-json\/wp\/v2\/types\/page"}],"author":[{"embeddable":true,"href":"https:\/\/newgo.eu\/pt-pt\/wp-json\/wp\/v2\/users\/4"}],"replies":[{"embeddable":true,"href":"https:\/\/newgo.eu\/pt-pt\/wp-json\/wp\/v2\/comments?post=4608"}],"version-history":[{"count":10,"href":"https:\/\/newgo.eu\/pt-pt\/wp-json\/wp\/v2\/pages\/4608\/revisions"}],"predecessor-version":[{"id":4634,"href":"https:\/\/newgo.eu\/pt-pt\/wp-json\/wp\/v2\/pages\/4608\/revisions\/4634"}],"wp:attachment":[{"href":"https:\/\/newgo.eu\/pt-pt\/wp-json\/wp\/v2\/media?parent=4608"}],"curies":[{"name":"wp","href":"https:\/\/api.w.org\/{rel}","templated":true}]}}