{"id":4635,"date":"2020-10-21T14:06:56","date_gmt":"2020-10-21T14:06:56","guid":{"rendered":"https:\/\/newgo.eu\/?page_id=4635"},"modified":"2020-10-21T16:14:13","modified_gmt":"2020-10-21T16:14:13","slug":"selos-de-seguranca-etiquetas-void-e-envelopes-plasticos-100-reciclaveis","status":"publish","type":"page","link":"https:\/\/newgo.eu\/pt-pt\/selos-de-seguranca-etiquetas-void-e-envelopes-plasticos-100-reciclaveis\/","title":{"rendered":"Selos de seguran\u00e7a, etiquetas void e envelopes pl\u00e1sticos 100% Recicl\u00e1veis"},"content":{"rendered":"<h1>\n\t\tSELOS DE SEGURAN\u00c7A, ETIQUETAS VOID E ENVELOPES PL\u00c1STICOS\n\t<\/h1>\n<h2>\n\t\t 100% RECICL\u00c1VEIS\n\t<\/h2>\n\t<p>Alguns dos nossos produtos, como alguns selos, etiquetas e envelopes de seguran\u00e7a, s\u00e3o fabricados numa pe\u00e7a \u00fanica de pl\u00e1stico permitindo cumprir com os mais exigentes processos de reciclagem.<\/p>\n\t\t\t<a href=\"https:\/\/newgo.eu\/pt-pt\/contactos\/\" target=\"_self\" role=\"button\" rel=\"noopener noreferrer\">\n\t\t\t\t\t\t\tContacte-nos e come\u00e7ar a reciclar\n\t\t\t<\/a>\n\t\t\t\t<img loading=\"lazy\" src=\"https:\/\/newgo.eu\/wp-content\/uploads\/2020\/10\/productos-reciclables.jpg\" alt=\"productos reciclables\" itemprop=\"image\" height=\"1034\" width=\"1172\" title=\"productos reciclables\" onerror=\"this.style.display='none'\"  \/>\n<h3>\n\t\tQuais s\u00e3o as nossas solu\u00e7\u00f5es recicl\u00e1veis?\n\t<\/h3>\n\t\t\t\t<img loading=\"lazy\" src=\"https:\/\/newgo.eu\/wp-content\/uploads\/2020\/10\/Selos-Reciclaveis-1.png\" alt=\"Selos Reciclaveis (1)\" itemprop=\"image\" height=\"1363\" width=\"4000\" title=\"Selos Reciclaveis (1)\" onerror=\"this.style.display='none'\"  \/>\n<h2>\n\t\tSelos de seguran\u00e7a pl\u00e1sticos\n\t<\/h2>\n\t<p>Nossa ampla gama de modelos 100% recicl\u00e1veis incluem diferentes n\u00edveis de resist\u00eancia, e seguran\u00e7a, com possibilidade de f\u00e1cil abertura.<\/p>\n<p>Opcionalmente personalizados com Codigos QR ou de Barras para maior facilidade no momento de transporte e identifica\u00e7\u00e3o.<\/p>\n\t\t\t<a href=\"https:\/\/newgo.eu\/pt-pt\/productos\/selo-de-seguranca-plastico\/\" target=\"_self\" role=\"button\" rel=\"noopener noreferrer\">\n\t\t\t\t\t\t\tConhe\u00e7a a nossa gama\n\t\t\t<\/a>\n<h2>\n\t\tEtiquetas de Seguran\u00e7a VOID\n\t<\/h2>\n\t<p>A nossa gama de etiquetas e fitas de seguran\u00e7a com mensagem VOID possui variedade de cores e formatos.<\/p>\n<p>Com diferentes n\u00edveis de res\u00edduos ou sem res\u00edduo para deixar superf\u00edcies limpas.<\/p>\n\t\t\t<a href=\"https:\/\/newgo.eu\/pt-pt\/productos\/etiqueta-de-seguranca\/\" target=\"_self\" role=\"button\" rel=\"noopener noreferrer\">\n\t\t\t\t\t\t\tConhe\u00e7a a nossa variedade de etiquetas\n\t\t\t<\/a>\n\t\t\t\t<img loading=\"lazy\" src=\"https:\/\/newgo.eu\/wp-content\/uploads\/2020\/02\/EtiquetaNON3.jpg\" alt=\"Etiqueta de seguran\u00e7a sem res\u00edduo\" itemprop=\"image\" height=\"682\" width=\"1024\" title=\"EtiquetaNON3\" onerror=\"this.style.display='none'\"  \/>\n\t\t\t\t<img loading=\"lazy\" src=\"https:\/\/newgo.eu\/wp-content\/uploads\/2020\/10\/sobres.png\" alt=\"sobres\" itemprop=\"image\" height=\"333\" width=\"495\" title=\"sobres\" onerror=\"this.style.display='none'\"  \/>\n<h2>\n\t\tEnvelopes de Seguran\u00e7a VOID\n\t<\/h2>\n\t<p>Fabricado em PE 100% Recicl\u00e1vel.<\/p>\n<p>Possuem um fecho adesivo de alta seguran\u00e7a, com marcas ocultas para demonstrar sua manipula\u00e7\u00e3o, no caso que seja aberto.<\/p>\n<p>Os diferentes tipos de formatos permitem o transporte de arquivo ou dinheiro gra\u00e7as \u00e0s suas diferentes dimens\u00f5es.<\/p>\n\t\t\t<a href=\"https:\/\/newgo.eu\/pt-pt\/productos\/envelopes-descartaveis-void\/\" target=\"_self\" role=\"button\" rel=\"noopener noreferrer\">\n\t\t\t\t\t\t\tSaiba mais sobre nossos envelopes recicl\u00e1veis\n\t\t\t<\/a>\n","protected":false},"excerpt":{"rendered":"<p>SELOS DE SEGURAN\u00c7A, ETIQUETAS VOID E ENVELOPES PL\u00c1STICOS 100% RECICL\u00c1VEIS Alguns dos nossos produtos, como alguns selos, etiquetas e envelopes de seguran\u00e7a, s\u00e3o fabricados numa pe\u00e7a \u00fanica de pl\u00e1stico permitindo<\/p>\n","protected":false},"author":4,"featured_media":0,"parent":0,"menu_order":0,"comment_status":"closed","ping_status":"closed","template":"","meta":{"inline_featured_image":false},"acf":[],"yoast_head":"<!-- This site is optimized with the Yoast SEO plugin v18.2 - https:\/\/yoast.com\/wordpress\/plugins\/seo\/ -->\n<title>Selos de seguran\u00e7a, etiquetas void e envelopes pl\u00e1sticos 100% Recicl\u00e1veis - NewGO<\/title>\n<meta name=\"robots\" content=\"index, follow, max-snippet:-1, max-image-preview:large, max-video-preview:-1\" \/>\n<link rel=\"canonical\" href=\"https:\/\/newgo.eu\/pt-pt\/selos-de-seguranca-etiquetas-void-e-envelopes-plasticos-100-reciclaveis\/\" \/>\n<meta property=\"og:locale\" content=\"pt_PT\" \/>\n<meta property=\"og:type\" content=\"article\" \/>\n<meta property=\"og:title\" content=\"Selos de seguran\u00e7a, etiquetas void e envelopes pl\u00e1sticos 100% Recicl\u00e1veis - NewGO\" \/>\n<meta property=\"og:description\" content=\"SELOS DE SEGURAN\u00c7A, ETIQUETAS VOID E ENVELOPES PL\u00c1STICOS 100% RECICL\u00c1VEIS Alguns dos nossos produtos, como alguns selos, etiquetas e envelopes de seguran\u00e7a, s\u00e3o fabricados numa pe\u00e7a \u00fanica de pl\u00e1stico permitindo\" \/>\n<meta property=\"og:url\" content=\"https:\/\/newgo.eu\/pt-pt\/selos-de-seguranca-etiquetas-void-e-envelopes-plasticos-100-reciclaveis\/\" \/>\n<meta property=\"og:site_name\" content=\"NewGO\" \/>\n<meta property=\"article:modified_time\" content=\"2020-10-21T16:14:13+00:00\" \/>\n<meta property=\"og:image\" content=\"https:\/\/newgo.eu\/wp-content\/uploads\/2020\/10\/productos-reciclables.jpg\" \/>\n<meta name=\"twitter:card\" content=\"summary_large_image\" \/>\n<meta name=\"twitter:label1\" content=\"Tempo estimado de leitura\" \/>\n\t<meta name=\"twitter:data1\" content=\"1 minuto\" \/>\n<script type=\"application\/ld+json\" class=\"yoast-schema-graph\">{\"@context\":\"https:\/\/schema.org\",\"@graph\":[{\"@type\":\"Organization\",\"@id\":\"https:\/\/newgo.eu\/#organization\",\"name\":\"Newgo Soluciones de Seguridad e Identificacion SL\",\"url\":\"https:\/\/newgo.eu\/\",\"sameAs\":[],\"logo\":{\"@type\":\"ImageObject\",\"@id\":\"https:\/\/newgo.eu\/#logo\",\"inLanguage\":\"pt-PT\",\"url\":\"https:\/\/newgo.eu\/wp-content\/uploads\/2019\/12\/NG_color-sin-fondo-blanco.png\",\"contentUrl\":\"https:\/\/newgo.eu\/wp-content\/uploads\/2019\/12\/NG_color-sin-fondo-blanco.png\",\"width\":1200,\"height\":223,\"caption\":\"Newgo Soluciones de Seguridad e Identificacion SL\"},\"image\":{\"@id\":\"https:\/\/newgo.eu\/#logo\"}},{\"@type\":\"WebSite\",\"@id\":\"https:\/\/newgo.eu\/#website\",\"url\":\"https:\/\/newgo.eu\/\",\"name\":\"NewGO\",\"description\":\"Selos, Sacos e Eqtiquetas de Seguran\u00e7a | Solu\u00e7\u00f5es de Seguran\u00e7a\",\"publisher\":{\"@id\":\"https:\/\/newgo.eu\/#organization\"},\"potentialAction\":[{\"@type\":\"SearchAction\",\"target\":{\"@type\":\"EntryPoint\",\"urlTemplate\":\"https:\/\/newgo.eu\/?s={search_term_string}\"},\"query-input\":\"required name=search_term_string\"}],\"inLanguage\":\"pt-PT\"},{\"@type\":\"ImageObject\",\"@id\":\"https:\/\/newgo.eu\/pt-pt\/selos-de-seguranca-etiquetas-void-e-envelopes-plasticos-100-reciclaveis\/#primaryimage\",\"inLanguage\":\"pt-PT\",\"url\":\"https:\/\/newgo.eu\/wp-content\/uploads\/2020\/10\/productos-reciclables.jpg\",\"contentUrl\":\"https:\/\/newgo.eu\/wp-content\/uploads\/2020\/10\/productos-reciclables.jpg\",\"width\":1172,\"height\":1034},{\"@type\":\"WebPage\",\"@id\":\"https:\/\/newgo.eu\/pt-pt\/selos-de-seguranca-etiquetas-void-e-envelopes-plasticos-100-reciclaveis\/#webpage\",\"url\":\"https:\/\/newgo.eu\/pt-pt\/selos-de-seguranca-etiquetas-void-e-envelopes-plasticos-100-reciclaveis\/\",\"name\":\"Selos de seguran\u00e7a, etiquetas void e envelopes pl\u00e1sticos 100% Recicl\u00e1veis - NewGO\",\"isPartOf\":{\"@id\":\"https:\/\/newgo.eu\/#website\"},\"primaryImageOfPage\":{\"@id\":\"https:\/\/newgo.eu\/pt-pt\/selos-de-seguranca-etiquetas-void-e-envelopes-plasticos-100-reciclaveis\/#primaryimage\"},\"datePublished\":\"2020-10-21T14:06:56+00:00\",\"dateModified\":\"2020-10-21T16:14:13+00:00\",\"breadcrumb\":{\"@id\":\"https:\/\/newgo.eu\/pt-pt\/selos-de-seguranca-etiquetas-void-e-envelopes-plasticos-100-reciclaveis\/#breadcrumb\"},\"inLanguage\":\"pt-PT\",\"potentialAction\":[{\"@type\":\"ReadAction\",\"target\":[\"https:\/\/newgo.eu\/pt-pt\/selos-de-seguranca-etiquetas-void-e-envelopes-plasticos-100-reciclaveis\/\"]}]},{\"@type\":\"BreadcrumbList\",\"@id\":\"https:\/\/newgo.eu\/pt-pt\/selos-de-seguranca-etiquetas-void-e-envelopes-plasticos-100-reciclaveis\/#breadcrumb\",\"itemListElement\":[{\"@type\":\"ListItem\",\"position\":1,\"name\":\"Portada\",\"item\":\"https:\/\/newgo.eu\/pt-pt\/\"},{\"@type\":\"ListItem\",\"position\":2,\"name\":\"Selos de seguran\u00e7a, etiquetas void e envelopes pl\u00e1sticos 100% Recicl\u00e1veis\"}]}]}<\/script>\n<!-- \/ Yoast SEO plugin. -->","yoast_head_json":{"title":"Selos de seguran\u00e7a, etiquetas void e envelopes pl\u00e1sticos 100% Recicl\u00e1veis - NewGO","robots":{"index":"index","follow":"follow","max-snippet":"max-snippet:-1","max-image-preview":"max-image-preview:large","max-video-preview":"max-video-preview:-1"},"canonical":"https:\/\/newgo.eu\/pt-pt\/selos-de-seguranca-etiquetas-void-e-envelopes-plasticos-100-reciclaveis\/","og_locale":"pt_PT","og_type":"article","og_title":"Selos de seguran\u00e7a, etiquetas void e envelopes pl\u00e1sticos 100% Recicl\u00e1veis - NewGO","og_description":"SELOS DE SEGURAN\u00c7A, ETIQUETAS VOID E ENVELOPES PL\u00c1STICOS 100% RECICL\u00c1VEIS Alguns dos nossos produtos, como alguns selos, etiquetas e envelopes de seguran\u00e7a, s\u00e3o fabricados numa pe\u00e7a \u00fanica de pl\u00e1stico permitindo","og_url":"https:\/\/newgo.eu\/pt-pt\/selos-de-seguranca-etiquetas-void-e-envelopes-plasticos-100-reciclaveis\/","og_site_name":"NewGO","article_modified_time":"2020-10-21T16:14:13+00:00","og_image":[{"url":"https:\/\/newgo.eu\/wp-content\/uploads\/2020\/10\/productos-reciclables.jpg"}],"twitter_card":"summary_large_image","twitter_misc":{"Tempo estimado de leitura":"1 minuto"},"schema":{"@context":"https:\/\/schema.org","@graph":[{"@type":"Organization","@id":"https:\/\/newgo.eu\/#organization","name":"Newgo Soluciones de Seguridad e Identificacion SL","url":"https:\/\/newgo.eu\/","sameAs":[],"logo":{"@type":"ImageObject","@id":"https:\/\/newgo.eu\/#logo","inLanguage":"pt-PT","url":"https:\/\/newgo.eu\/wp-content\/uploads\/2019\/12\/NG_color-sin-fondo-blanco.png","contentUrl":"https:\/\/newgo.eu\/wp-content\/uploads\/2019\/12\/NG_color-sin-fondo-blanco.png","width":1200,"height":223,"caption":"Newgo Soluciones de Seguridad e Identificacion SL"},"image":{"@id":"https:\/\/newgo.eu\/#logo"}},{"@type":"WebSite","@id":"https:\/\/newgo.eu\/#website","url":"https:\/\/newgo.eu\/","name":"NewGO","description":"Selos, Sacos e Eqtiquetas de Seguran\u00e7a | Solu\u00e7\u00f5es de Seguran\u00e7a","publisher":{"@id":"https:\/\/newgo.eu\/#organization"},"potentialAction":[{"@type":"SearchAction","target":{"@type":"EntryPoint","urlTemplate":"https:\/\/newgo.eu\/?s={search_term_string}"},"query-input":"required name=search_term_string"}],"inLanguage":"pt-PT"},{"@type":"ImageObject","@id":"https:\/\/newgo.eu\/pt-pt\/selos-de-seguranca-etiquetas-void-e-envelopes-plasticos-100-reciclaveis\/#primaryimage","inLanguage":"pt-PT","url":"https:\/\/newgo.eu\/wp-content\/uploads\/2020\/10\/productos-reciclables.jpg","contentUrl":"https:\/\/newgo.eu\/wp-content\/uploads\/2020\/10\/productos-reciclables.jpg","width":1172,"height":1034},{"@type":"WebPage","@id":"https:\/\/newgo.eu\/pt-pt\/selos-de-seguranca-etiquetas-void-e-envelopes-plasticos-100-reciclaveis\/#webpage","url":"https:\/\/newgo.eu\/pt-pt\/selos-de-seguranca-etiquetas-void-e-envelopes-plasticos-100-reciclaveis\/","name":"Selos de seguran\u00e7a, etiquetas void e envelopes pl\u00e1sticos 100% Recicl\u00e1veis - NewGO","isPartOf":{"@id":"https:\/\/newgo.eu\/#website"},"primaryImageOfPage":{"@id":"https:\/\/newgo.eu\/pt-pt\/selos-de-seguranca-etiquetas-void-e-envelopes-plasticos-100-reciclaveis\/#primaryimage"},"datePublished":"2020-10-21T14:06:56+00:00","dateModified":"2020-10-21T16:14:13+00:00","breadcrumb":{"@id":"https:\/\/newgo.eu\/pt-pt\/selos-de-seguranca-etiquetas-void-e-envelopes-plasticos-100-reciclaveis\/#breadcrumb"},"inLanguage":"pt-PT","potentialAction":[{"@type":"ReadAction","target":["https:\/\/newgo.eu\/pt-pt\/selos-de-seguranca-etiquetas-void-e-envelopes-plasticos-100-reciclaveis\/"]}]},{"@type":"BreadcrumbList","@id":"https:\/\/newgo.eu\/pt-pt\/selos-de-seguranca-etiquetas-void-e-envelopes-plasticos-100-reciclaveis\/#breadcrumb","itemListElement":[{"@type":"ListItem","position":1,"name":"Portada","item":"https:\/\/newgo.eu\/pt-pt\/"},{"@type":"ListItem","position":2,"name":"Selos de seguran\u00e7a, etiquetas void e envelopes pl\u00e1sticos 100% Recicl\u00e1veis"}]}]}},"_links":{"self":[{"href":"https:\/\/newgo.eu\/pt-pt\/wp-json\/wp\/v2\/pages\/4635"}],"collection":[{"href":"https:\/\/newgo.eu\/pt-pt\/wp-json\/wp\/v2\/pages"}],"about":[{"href":"https:\/\/newgo.eu\/pt-pt\/wp-json\/wp\/v2\/types\/page"}],"author":[{"embeddable":true,"href":"https:\/\/newgo.eu\/pt-pt\/wp-json\/wp\/v2\/users\/4"}],"replies":[{"embeddable":true,"href":"https:\/\/newgo.eu\/pt-pt\/wp-json\/wp\/v2\/comments?post=4635"}],"version-history":[{"count":6,"href":"https:\/\/newgo.eu\/pt-pt\/wp-json\/wp\/v2\/pages\/4635\/revisions"}],"predecessor-version":[{"id":4646,"href":"https:\/\/newgo.eu\/pt-pt\/wp-json\/wp\/v2\/pages\/4635\/revisions\/4646"}],"wp:attachment":[{"href":"https:\/\/newgo.eu\/pt-pt\/wp-json\/wp\/v2\/media?parent=4635"}],"curies":[{"name":"wp","href":"https:\/\/api.w.org\/{rel}","templated":true}]}}