{"id":4810,"date":"2020-10-30T17:42:20","date_gmt":"2020-10-30T17:42:20","guid":{"rendered":"https:\/\/newgo.eu\/?page_id=4810"},"modified":"2020-11-02T11:24:42","modified_gmt":"2020-11-02T11:24:42","slug":"go-green","status":"publish","type":"page","link":"https:\/\/newgo.eu\/pt-pt\/go-green\/","title":{"rendered":"Go Green"},"content":{"rendered":"\n\t\t\t\t<img loading=\"lazy\" src=\"https:\/\/newgo.eu\/wp-content\/uploads\/2020\/10\/go-green.png\" alt=\"go green\" itemprop=\"image\" height=\"465\" width=\"1147\" title=\"go green\" onerror=\"this.style.display='none'\"  \/>\n<h3>\n\t\tUM PEQUENO PASSO PARA UM GRANDE IMPACTO\n\t<\/h3>\n\t<p>Atualmente, o pl\u00e1stico \u00e9 um dos principais focos mundiais de aten\u00e7\u00e3o devido ao seu impacto no ambiente.<\/p>\n<p>Na <strong>NewGO<\/strong> procuramos fazer diferente gra\u00e7as \u00e0 continua investiga\u00e7\u00e3o e inova\u00e7\u00e3o da nossa equipe, guiada pela aposta no desenvolvimento de produtos biodegrad\u00e1veis, reutiliz\u00e1veis e recicl\u00e1veis.<\/p>\nTrazemos-lhe assim produtos amigos do ambiente, contribuindo na redu\u00e7\u00e3o do impacto ambiental das suas opera\u00e7\u00f5es\n<h2>\n\t\tSelos de Seguran\u00e7a feitos em Pl\u00e1stico Biodegradable\n\t<\/h2>\n\t\t\t\t<img loading=\"lazy\" src=\"https:\/\/newgo.eu\/wp-content\/uploads\/2020\/10\/biodegradavel-selos-300x239.jpg\" alt=\"biodegradavel selos\" itemprop=\"image\" height=\"239\" width=\"300\" title=\"biodegradavel selos\" onerror=\"this.style.display='none'\"  \/>\n\tOutra das solu\u00e7\u00f5es que oferece a nossa gama GO|Green s\u00e3o os selos pl\u00e1sticos biodegrad\u00e1veis. Gra\u00e7as \u00e0 aplica\u00e7\u00e3o de processos especializados e \u00e1 incorpora\u00e7\u00e3o de componentes espec\u00edficos na sua fabrica\u00e7\u00e3o, estes selos garantem n\u00edveis optimizados de seguran\u00e7a sem qualquer preju\u00edzo para o ambiente. com a natureza (ASTM 5511) e sem altera\u00e7\u00f5es comportamentais.\n\t\t\t<a href=\"https:\/\/newgo.eu\/pt-pt\/selos-de-seguranca-biodegradaveis\/\" target=\"_self\" role=\"button\" rel=\"noopener noreferrer\">\n\t\t\t\t\t\tVisite a nossa oferta de produtos\n\t\t\t\t\t<\/a>\n<h2>\n\t\tSelos, Etiquetas VOID e Envelopes 100% Recicl\u00e1veis\n\t<\/h2>\n\t\t\t\t<img loading=\"lazy\" src=\"https:\/\/newgo.eu\/wp-content\/uploads\/2020\/10\/reciclados3-300x265.jpg\" alt=\"reciclados3\" itemprop=\"image\" height=\"265\" width=\"300\" title=\"reciclados3\" onerror=\"this.style.display='none'\"  \/>\n\t<p>Alguns dos nossos produtos, como alguns selos, etiquetas e envelopes de seguran\u00e7a, s\u00e3o fabricados numa pe\u00e7a \u00fanica de pl\u00e1stico permitindo cumprir com os mais exigentes processos de reciclagem<\/p>\n\t\t\t<a href=\"https:\/\/newgo.eu\/pt-pt\/selos-de-seguranca-etiquetas-void-e-envelopes-plasticos-100-reciclaveis\/\" target=\"_self\" role=\"button\" rel=\"noopener noreferrer\">\n\t\t\t\t\t\tConhe\u00e7a mais sobre nossa nova gama\n\t\t\t\t\t<\/a>\n<h2>\n\t\tSacos Reutiliz\u00e1veis de Seguran\u00e7a\n\t<\/h2>\n\t\t\t\t<img loading=\"lazy\" src=\"https:\/\/newgo.eu\/wp-content\/uploads\/2020\/10\/Bags-con-logo-reciclable-1-300x249.jpg\" alt=\"Bags con logo reciclable\" itemprop=\"image\" height=\"249\" width=\"300\" title=\"Bags con logo reciclable\" onerror=\"this.style.display='none'\"  \/>\n\t<p>A elevada qualidade empregue na constru\u00e7\u00e3o dos nossos sacos reutiliz\u00e1veis NewBAGS permite at\u00e9 2000 ciclos de utiliza\u00e7\u00e3o do produto contribuindo assim para a diminui\u00e7\u00e3o de res\u00edduos.<\/p>\n\t\t\t<a href=\"https:\/\/newgo.eu\/pt-pt\/sacos-reutilizaveis-de-seguranca\/\" target=\"_self\" role=\"button\" rel=\"noopener noreferrer\">\n\t\t\t\t\t\tVeja mais aqui\n\t\t\t\t\t<\/a>\n<h5>\n\t\tQuer consultar tudo sobre a nossa nova gama?\n\t<\/h5>\n\t\t\t<a href=\"https:\/\/newgo.eu\/pt-pt\/\/contatos\/\" target=\"_self\" role=\"button\" rel=\"noopener noreferrer\">\n\t\t\t\t\t\tConsulte aqu\u00ed e contacte-nos!\n\t\t\t\t\t<\/a>\n","protected":false},"excerpt":{"rendered":"<p>UM PEQUENO PASSO PARA UM GRANDE IMPACTO Atualmente, o pl\u00e1stico \u00e9 um dos principais focos mundiais de aten\u00e7\u00e3o devido ao seu impacto no ambiente. Na NewGO procuramos fazer diferente gra\u00e7as<\/p>\n","protected":false},"author":4,"featured_media":0,"parent":0,"menu_order":0,"comment_status":"closed","ping_status":"closed","template":"","meta":{"inline_featured_image":false},"acf":[],"yoast_head":"<!-- This site is optimized with the Yoast SEO plugin v18.2 - https:\/\/yoast.com\/wordpress\/plugins\/seo\/ -->\n<title>Go Green - NewGO<\/title>\n<meta name=\"robots\" content=\"index, follow, max-snippet:-1, max-image-preview:large, max-video-preview:-1\" \/>\n<link rel=\"canonical\" href=\"https:\/\/newgo.eu\/pt-pt\/go-green\/\" \/>\n<meta property=\"og:locale\" content=\"pt_PT\" \/>\n<meta property=\"og:type\" content=\"article\" \/>\n<meta property=\"og:title\" content=\"Go Green - NewGO\" \/>\n<meta property=\"og:description\" content=\"UM PEQUENO PASSO PARA UM GRANDE IMPACTO Atualmente, o pl\u00e1stico \u00e9 um dos principais focos mundiais de aten\u00e7\u00e3o devido ao seu impacto no ambiente. Na NewGO procuramos fazer diferente gra\u00e7as\" \/>\n<meta property=\"og:url\" content=\"https:\/\/newgo.eu\/pt-pt\/go-green\/\" \/>\n<meta property=\"og:site_name\" content=\"NewGO\" \/>\n<meta property=\"article:modified_time\" content=\"2020-11-02T11:24:42+00:00\" \/>\n<meta property=\"og:image\" content=\"https:\/\/newgo.eu\/wp-content\/uploads\/2020\/10\/go-green.png\" \/>\n<meta name=\"twitter:card\" content=\"summary_large_image\" \/>\n<meta name=\"twitter:label1\" content=\"Tempo estimado de leitura\" \/>\n\t<meta name=\"twitter:data1\" content=\"1 minuto\" \/>\n<script type=\"application\/ld+json\" class=\"yoast-schema-graph\">{\"@context\":\"https:\/\/schema.org\",\"@graph\":[{\"@type\":\"Organization\",\"@id\":\"https:\/\/newgo.eu\/#organization\",\"name\":\"Newgo Soluciones de Seguridad e Identificacion SL\",\"url\":\"https:\/\/newgo.eu\/\",\"sameAs\":[],\"logo\":{\"@type\":\"ImageObject\",\"@id\":\"https:\/\/newgo.eu\/#logo\",\"inLanguage\":\"pt-PT\",\"url\":\"https:\/\/newgo.eu\/wp-content\/uploads\/2019\/12\/NG_color-sin-fondo-blanco.png\",\"contentUrl\":\"https:\/\/newgo.eu\/wp-content\/uploads\/2019\/12\/NG_color-sin-fondo-blanco.png\",\"width\":1200,\"height\":223,\"caption\":\"Newgo Soluciones de Seguridad e Identificacion SL\"},\"image\":{\"@id\":\"https:\/\/newgo.eu\/#logo\"}},{\"@type\":\"WebSite\",\"@id\":\"https:\/\/newgo.eu\/#website\",\"url\":\"https:\/\/newgo.eu\/\",\"name\":\"NewGO\",\"description\":\"Selos, Sacos e Eqtiquetas de Seguran\u00e7a | Solu\u00e7\u00f5es de Seguran\u00e7a\",\"publisher\":{\"@id\":\"https:\/\/newgo.eu\/#organization\"},\"potentialAction\":[{\"@type\":\"SearchAction\",\"target\":{\"@type\":\"EntryPoint\",\"urlTemplate\":\"https:\/\/newgo.eu\/?s={search_term_string}\"},\"query-input\":\"required name=search_term_string\"}],\"inLanguage\":\"pt-PT\"},{\"@type\":\"ImageObject\",\"@id\":\"https:\/\/newgo.eu\/pt-pt\/go-green\/#primaryimage\",\"inLanguage\":\"pt-PT\",\"url\":\"https:\/\/newgo.eu\/wp-content\/uploads\/2020\/10\/go-green.png\",\"contentUrl\":\"https:\/\/newgo.eu\/wp-content\/uploads\/2020\/10\/go-green.png\",\"width\":1147,\"height\":465},{\"@type\":\"WebPage\",\"@id\":\"https:\/\/newgo.eu\/pt-pt\/go-green\/#webpage\",\"url\":\"https:\/\/newgo.eu\/pt-pt\/go-green\/\",\"name\":\"Go Green - NewGO\",\"isPartOf\":{\"@id\":\"https:\/\/newgo.eu\/#website\"},\"primaryImageOfPage\":{\"@id\":\"https:\/\/newgo.eu\/pt-pt\/go-green\/#primaryimage\"},\"datePublished\":\"2020-10-30T17:42:20+00:00\",\"dateModified\":\"2020-11-02T11:24:42+00:00\",\"breadcrumb\":{\"@id\":\"https:\/\/newgo.eu\/pt-pt\/go-green\/#breadcrumb\"},\"inLanguage\":\"pt-PT\",\"potentialAction\":[{\"@type\":\"ReadAction\",\"target\":[\"https:\/\/newgo.eu\/pt-pt\/go-green\/\"]}]},{\"@type\":\"BreadcrumbList\",\"@id\":\"https:\/\/newgo.eu\/pt-pt\/go-green\/#breadcrumb\",\"itemListElement\":[{\"@type\":\"ListItem\",\"position\":1,\"name\":\"Portada\",\"item\":\"https:\/\/newgo.eu\/pt-pt\/\"},{\"@type\":\"ListItem\",\"position\":2,\"name\":\"Go Green\"}]}]}<\/script>\n<!-- \/ Yoast SEO plugin. -->","yoast_head_json":{"title":"Go Green - NewGO","robots":{"index":"index","follow":"follow","max-snippet":"max-snippet:-1","max-image-preview":"max-image-preview:large","max-video-preview":"max-video-preview:-1"},"canonical":"https:\/\/newgo.eu\/pt-pt\/go-green\/","og_locale":"pt_PT","og_type":"article","og_title":"Go Green - NewGO","og_description":"UM PEQUENO PASSO PARA UM GRANDE IMPACTO Atualmente, o pl\u00e1stico \u00e9 um dos principais focos mundiais de aten\u00e7\u00e3o devido ao seu impacto no ambiente. Na NewGO procuramos fazer diferente gra\u00e7as","og_url":"https:\/\/newgo.eu\/pt-pt\/go-green\/","og_site_name":"NewGO","article_modified_time":"2020-11-02T11:24:42+00:00","og_image":[{"url":"https:\/\/newgo.eu\/wp-content\/uploads\/2020\/10\/go-green.png"}],"twitter_card":"summary_large_image","twitter_misc":{"Tempo estimado de leitura":"1 minuto"},"schema":{"@context":"https:\/\/schema.org","@graph":[{"@type":"Organization","@id":"https:\/\/newgo.eu\/#organization","name":"Newgo Soluciones de Seguridad e Identificacion SL","url":"https:\/\/newgo.eu\/","sameAs":[],"logo":{"@type":"ImageObject","@id":"https:\/\/newgo.eu\/#logo","inLanguage":"pt-PT","url":"https:\/\/newgo.eu\/wp-content\/uploads\/2019\/12\/NG_color-sin-fondo-blanco.png","contentUrl":"https:\/\/newgo.eu\/wp-content\/uploads\/2019\/12\/NG_color-sin-fondo-blanco.png","width":1200,"height":223,"caption":"Newgo Soluciones de Seguridad e Identificacion SL"},"image":{"@id":"https:\/\/newgo.eu\/#logo"}},{"@type":"WebSite","@id":"https:\/\/newgo.eu\/#website","url":"https:\/\/newgo.eu\/","name":"NewGO","description":"Selos, Sacos e Eqtiquetas de Seguran\u00e7a | Solu\u00e7\u00f5es de Seguran\u00e7a","publisher":{"@id":"https:\/\/newgo.eu\/#organization"},"potentialAction":[{"@type":"SearchAction","target":{"@type":"EntryPoint","urlTemplate":"https:\/\/newgo.eu\/?s={search_term_string}"},"query-input":"required name=search_term_string"}],"inLanguage":"pt-PT"},{"@type":"ImageObject","@id":"https:\/\/newgo.eu\/pt-pt\/go-green\/#primaryimage","inLanguage":"pt-PT","url":"https:\/\/newgo.eu\/wp-content\/uploads\/2020\/10\/go-green.png","contentUrl":"https:\/\/newgo.eu\/wp-content\/uploads\/2020\/10\/go-green.png","width":1147,"height":465},{"@type":"WebPage","@id":"https:\/\/newgo.eu\/pt-pt\/go-green\/#webpage","url":"https:\/\/newgo.eu\/pt-pt\/go-green\/","name":"Go Green - NewGO","isPartOf":{"@id":"https:\/\/newgo.eu\/#website"},"primaryImageOfPage":{"@id":"https:\/\/newgo.eu\/pt-pt\/go-green\/#primaryimage"},"datePublished":"2020-10-30T17:42:20+00:00","dateModified":"2020-11-02T11:24:42+00:00","breadcrumb":{"@id":"https:\/\/newgo.eu\/pt-pt\/go-green\/#breadcrumb"},"inLanguage":"pt-PT","potentialAction":[{"@type":"ReadAction","target":["https:\/\/newgo.eu\/pt-pt\/go-green\/"]}]},{"@type":"BreadcrumbList","@id":"https:\/\/newgo.eu\/pt-pt\/go-green\/#breadcrumb","itemListElement":[{"@type":"ListItem","position":1,"name":"Portada","item":"https:\/\/newgo.eu\/pt-pt\/"},{"@type":"ListItem","position":2,"name":"Go Green"}]}]}},"_links":{"self":[{"href":"https:\/\/newgo.eu\/pt-pt\/wp-json\/wp\/v2\/pages\/4810"}],"collection":[{"href":"https:\/\/newgo.eu\/pt-pt\/wp-json\/wp\/v2\/pages"}],"about":[{"href":"https:\/\/newgo.eu\/pt-pt\/wp-json\/wp\/v2\/types\/page"}],"author":[{"embeddable":true,"href":"https:\/\/newgo.eu\/pt-pt\/wp-json\/wp\/v2\/users\/4"}],"replies":[{"embeddable":true,"href":"https:\/\/newgo.eu\/pt-pt\/wp-json\/wp\/v2\/comments?post=4810"}],"version-history":[{"count":4,"href":"https:\/\/newgo.eu\/pt-pt\/wp-json\/wp\/v2\/pages\/4810\/revisions"}],"predecessor-version":[{"id":4814,"href":"https:\/\/newgo.eu\/pt-pt\/wp-json\/wp\/v2\/pages\/4810\/revisions\/4814"}],"wp:attachment":[{"href":"https:\/\/newgo.eu\/pt-pt\/wp-json\/wp\/v2\/media?parent=4810"}],"curies":[{"name":"wp","href":"https:\/\/api.w.org\/{rel}","templated":true}]}}