{"id":605,"date":"2019-01-23T13:42:59","date_gmt":"2019-01-23T13:42:59","guid":{"rendered":"https:\/\/newgo.eu\/?page_id=605"},"modified":"2019-11-05T15:39:46","modified_gmt":"2019-11-05T15:39:46","slug":"higiene-e-seguranca-alimentar","status":"publish","type":"page","link":"https:\/\/newgo.eu\/pt-pt\/higiene-e-seguranca-alimentar\/","title":{"rendered":"HIGIENE E SEGURAN\u00c7A ALIMENTAR"},"content":{"rendered":"<p>[vc_row force_equal_height_columns=&#8221;main_row&#8221; dfd_row_config=&#8221;full_width_content&#8221; row_effect=&#8221;dfd-fade-on-scroll&#8221; dfd_bg_style=&#8221;image&#8221; dfd_bg_image_new=&#8221;607&#8243; dfd_bg_image_repeat=&#8221;no-repeat&#8221; dfd_overlay_pattern=&#8221;01.png&#8221; dfd_overlay_pattern_opacity=&#8221;50&#8243; css=&#8221;.vc_custom_1548251184531{background-position: center !important;background-repeat: no-repeat !important;background-size: cover !important;}&#8221;][vc_column column_bg_check=&#8221;column-background-dark&#8221; column_bg_position=&#8221;center center&#8221; column_bg_repeat=&#8221;no-repeat&#8221; css=&#8221;.vc_custom_1542285532408{background-position: center !important;background-repeat: no-repeat !important;background-size: cover !important;}&#8221;]<div class=\"dfd-spacer-module\"  data-units=\"px\" data-wide_resolution=\"1280\" data-wide_size=\"140\" data-normal_resolution=\"1024\" data-normal_size=\"140\" data-tablet_resolution=\"800\" data-tablet_size=\"140\" data-mobile_resolution=\"480\" data-mobile_size=\"80\" style=\"height: 140px;\"><\/div><div class=\"dfd-heading-shortcode\"><div class=\"dfd-heading-module-wrap  text-center style_05 cr-animate-gen dfd-heading-69dcf230cc5cd dfd-disable-resposive-headings\" id=\"dfd-heading-69dcf230cc5cd\" data-animate-type = \"transition.slideDownIn\" ><div class=\"inline-block\"><div class=\"dfd-heading-module\"><h1 class=\"widget-title dfd-title \" style=\"\">HIGIENE E SEGURAN\u00c7A ALIMENTAR<\/h1><\/div><\/div><\/div><script type=\"text\/javascript\">\r\n\t\t\t\t\t\t\t\t\t(function($) {\r\n\t\t\t\t\t\t\t\t\t\t$(\"head\").append(\"<style>.dfd-heading-69dcf230cc5cd.dfd-heading-module-wrap .dfd-heading-module .dfd-heading-delimiter {margin-top:10px;margin-bottom:10px;}<\/style>\");\r\n\t\t\t\t\t\t\t\t\t})(jQuery);\r\n\t\t\t\t\t\t\t\t<\/script><\/div><div class=\"dfd-spacer-module\"  data-units=\"px\" data-wide_resolution=\"1280\" data-wide_size=\"70\" data-normal_resolution=\"1024\" data-normal_size=\"70\" data-tablet_resolution=\"800\" data-tablet_size=\"70\" data-mobile_resolution=\"480\" data-mobile_size=\"60\" style=\"height: 70px;\"><\/div>[\/vc_column][\/vc_row][vc_row force_equal_height_columns=&#8221;main_row&#8221; dfd_row_config=&#8221;full_width_content&#8221; css=&#8221;.vc_custom_1548262249281{padding-right: 5% !important;padding-left: 3% !important;}&#8221; mobile_destroy_equal_heights=&#8221;yes&#8221;][vc_column width=&#8221;1\/6&#8243; dfd_column_responsive_enable=&#8221;dfd-column-responsive-enable&#8221; css=&#8221;.vc_custom_1549925242326{border-top-width: 30px !important;background-color: #efefef !important;border-top-color: #ffffff !important;border-top-style: solid !important;}&#8221; offset=&#8221;vc_hidden-sm vc_hidden-xs&#8221; responsive_styles=&#8221;border_top_mobile:0&#8243;]<div class=\"uavc-icons-center uavc-icons \">\n<div class=\"aio-icon advanced \" data-animation=\"fadeInLeftBig\" data-animation-delay=\"03\" style=\"color:#009a3d;background:rgba(255,255,255,0.01);border-style:solid;border-color:#ffffff;border-width:4px;width:100px;height:100px;line-height:100px;border-radius:100px;font-size:50px;margin-right:5px;\">\n\t<i class=\"dfd-icon-plate\"><\/i>\n<\/div><\/div>[\/vc_column][vc_column width=&#8221;5\/6&#8243; dfd_column_responsive_enable=&#8221;dfd-column-responsive-enable&#8221; css=&#8221;.vc_custom_1548263102901{border-top-width: 40px !important;padding-left: 3% !important;border-top-color: #ffffff !important;border-top-style: solid !important;}&#8221; responsive_styles=&#8221;border_top_mobile:0&#8243;]<div class=\"dfd-spacer-module\"  data-units=\"px\" data-wide_resolution=\"1280\" data-wide_size=\"10\" data-normal_resolution=\"1024\" data-normal_size=\"10\" data-tablet_resolution=\"800\" data-tablet_size=\"10\" data-mobile_resolution=\"480\" data-mobile_size=\"20\" style=\"height: 10px;\"><\/div>[vc_column_text css_animation=&#8221;fadeInUp&#8221;]A identifica\u00e7\u00e3o e integridade dos produtos alimentares e sua traceabilidade, sejam l\u00edquidos, s\u00f3lidos ou a granel, a seguran\u00e7a do seu transporte e o arquivo seguro das amostras de lotes de produ\u00e7\u00f5es efetuadas, s\u00e3o algumas das necessidades encontradas pelos nossos clientes do setor alimentar e animal.<\/p>\n<p>Os Selos de Seguran\u00e7a <strong>NewGO<\/strong> pensados para a selagem de cisternas ou big-bags e as Etiquetas de Seguran\u00e7a NewLAB para a selagem de recipientes, s\u00e3o alguns dos nossos mais populares produtos junto dos clientes deste setor. Consulte-nos e veja o que podemos fazer por si.[\/vc_column_text]<div class=\"dfd-spacer-module\"  data-units=\"px\" data-wide_resolution=\"1280\" data-wide_size=\"20\" data-normal_resolution=\"1024\" data-normal_size=\"20\" data-tablet_resolution=\"800\" data-tablet_size=\"20\" data-mobile_resolution=\"480\" data-mobile_size=\"20\" style=\"height: 20px;\"><\/div>[\/vc_column][\/vc_row][vc_row dfd_row_config=&#8221;full_width_content&#8221; css=&#8221;.vc_custom_1548237061252{padding-right: 5% !important;padding-left: 5% !important;background-color: #efefef !important;}&#8221;][vc_column]<div class=\"dfd-spacer-module\"  data-units=\"px\" data-wide_resolution=\"1280\" data-wide_size=\"50\" data-normal_resolution=\"1024\" data-normal_size=\"50\" data-tablet_resolution=\"800\" data-tablet_size=\"50\" data-mobile_resolution=\"480\" data-mobile_size=\"40\" style=\"height: 50px;\"><\/div><div id=\"woo-grid-69dcf230cc9ca\" class=\"woocomposer_grid woo-product-grid-wrap  cr-animate-gen\"  data-animate-item=\".prod-wrap\" data-animate-type = \"transition.fadeIn\" ><div class=\"woocommerce columns-3\"><div id=\"dfd-products-grid-69dcf230ccc82\" class=\"products row\">\t\t\t\t\t<div class=\"columns dfd-loop-shop-responsive three style-1 post-2057 product type-product status-publish has-post-thumbnail hentry product_cat-agricultura-e-agro-pecuaria product_cat-correios-e-courier product_cat-higiene-e-seguranca-alimentar product_cat-logistica-e-transportes product_cat-petroleo-e-gas product_cat-seguranca-e-cash-in-transit product_tag-selo-de-seguranca-plastico pa_agricultura-sim pa_alimentar-sim pa_cash-in-transit-sim pa_cores-amarelo pa_cores-azul pa_cores-branco pa_cores-outras-cores-a-pedido pa_cores-preto pa_cores-verde pa_cores-vermelho pa_correios-courier-sim pa_electronica-informatica-n-a pa_estado-n-a pa_extintores-incendio-n-a pa_familia-selo-de-seguranca-plastico pa_impressao-laser-n-a pa_impressao-termica-sim pa_logistica-transporte-sim pa_maq-vending-jogo-n-a pa_material-polipropileno-com-inserto-metalico-em-aco pa_petroleo-gas-sim pa_produto-lissos-t pa_reciclavel-nao pa_retalho-n-a pa_saude-hospitalar-n-a pa_tipo-seguranca-indicativo pa_utilities-n-a\">\r\n\t\t\t\t\t\t<div class=\"prod-wrap text-center\">\r\n\r\n\t\t\t\t\t\t\t\t\t\t\t\t\t\t<div class=\"woo-cover\">\r\n\t\t\t\t\t\t\t\t<div class=\"prod-image-wrap woo-entry-thumb\">\r\n\t\t\t\t\t\t\t\t\t\r\n\t<div id=\"product_slider_69dcf230d34b1\" class=\"woo-entry-thumb\">\r\n\t\t\r\n\t\t<div class=\"woo-entry-thumb-carousel\" data-speed=\"2000\">\r\n\r\n\t\t<div class=\"\"><img src=\"https:\/\/newgo.eu\/wp-content\/uploads\/2019\/11\/Lacre-de-seguran\u00e7a-LISSO-1024x647-500x313.jpg\" alt=\"\" \/><\/div><div class=\"\"><img src=\"https:\/\/newgo.eu\/wp-content\/uploads\/2019\/11\/Selo-de-seguran\u00e7a-plastico-LISSO-1024x822-500x313.jpg\" alt=\"\" \/><\/div><div class=\"\"><img src=\"https:\/\/newgo.eu\/wp-content\/uploads\/2019\/11\/Mala-de-Seguran\u00e7a-1024x683-500x313.jpg\" alt=\"\" \/><\/div>\r\n\t\t<\/div>\r\n\t\t\t\t<div class=\"preview-thumb\">\r\n\t\t\t<img src=\"https:\/\/newgo.eu\/wp-content\/uploads\/2019\/11\/Lacre-de-seguran\u00e7a-LISSO-1024x647-500x313.jpg\" alt=\"\" \/>\r\n\t\t<\/div>\r\n\t<\/div>\r\n\t<div class=\"buttons-wrap  dfd-buttons-light text-center\">\r\n\t\t<div>\r\n\t\t\t\t\t\t\t<a href=\"https:\/\/newgo.eu\/pt-pt\/prod\/lissos-t\/\" data-quantity=\"1\" class=\"add_to_cart_button product_type_simple\" data-product_id=\"2057\" data-product_sku=\"LISSO2P\" aria-label=\"Leia mais sobre &ldquo;LISSOS-T&rdquo;\" rel=\"nofollow\"><span style=\"padding-left:25px;\">Ler mais<\/span><\/a>\t\t\t\t\t\t\t\t\t\t\t\t\t\t<a href=\"https:\/\/newgo.eu\/wp-content\/uploads\/2019\/11\/Lacre-de-seguran\u00e7a-LISSO.jpg\" title=\"\" class=\"dfd-prod-lightbox\" data-rel=\"prettyPhoto[product-gallery-2057]\">\r\n\t\t\t\t\t\t\t\t\t\t\t<i class=\"dfd-icon-zoom\"><\/i>\r\n\t\t\t\t\t\t\t\t\t<\/a>\r\n\t\t\t\t\t<\/div>\r\n\t<\/div>\r\n\r\n\t\t\t\t\t\t\t\t\t\t<a href=\"https:\/\/newgo.eu\/pt-pt\/prod\/lissos-t\/\" class=\"link\"><\/a>\r\n\t\t\t\t\t\t\t\t<\/div>\r\n\t\t\t\t\t\t\t<\/div>\r\n\t\t\t\t\t\t\t\t\t\t\t\t\t\t\t<div class=\"woo-title-wrap  text-center\">\r\n\t\t\t\t\t\t\t\t\t<div class=\"heading\">\r\n\t\t\t\t\t\t\t\t\t\t\t\t\t\t\t\t\t\t\t\t<div class=\"box-name\"><a href=\"https:\/\/newgo.eu\/pt-pt\/prod\/lissos-t\/\">LISSOS-T<\/a><\/div>\r\n\t\t\t\t\t\t\t\t\t\t\t\t\t\t\t\t\t\t\t\t<div class=\"woo-price-cart-wrap\">\r\n\t\t\t\t\t\t\t\t\t\t\t<div class=\"price-wrap\">\r\n\t\t\t\t\t\t\t\t\t\t\t\t\t\t\t\t\t\t\t\t\t\t\t<\/div>\r\n\t\t\t\t\t\t\t\t\t\t<\/div>\r\n\t\t\t\t\t\t\t\t\t\t<div class=\"rating-section\">\r\n\t\t\t\t\t\t\t\t\t\t\t\t\t\t\t\t\t\t\t\t\t<\/div>\r\n\t\t\t\t\t\t\t\t\t<\/div>\r\n\t\t\t\t\t\t\t\t\t\t\t\t\t\t\t\t\t<\/div>\r\n\t\t\t\t\t\t\t\t\t\t\t\t\t\t\t\t\t\t\t\t\t<\/div>\r\n\t\t\t\t\t<\/div>\r\n\t\t\t\t\t\t\t\t\t<div class=\"columns dfd-loop-shop-responsive three style-1 post-2058 product type-product status-publish has-post-thumbnail hentry product_cat-agricultura-e-agro-pecuaria product_cat-correios-e-courier product_cat-estado-e-seguranca-publica product_cat-higiene-e-seguranca-alimentar product_cat-logistica-e-transportes product_cat-petroleo-e-gas product_cat-retalho-e-venda-on-line product_tag-selo-de-seguranca-plastico pa_agricultura-sim pa_alimentar-sim pa_cash-in-transit-sim pa_cores-amarelo pa_cores-azul pa_cores-branco pa_cores-outras-cores-a-pedido pa_cores-verde pa_cores-vermelho pa_correios-courier-sim pa_electronica-informatica-n-a pa_estado-sim pa_extintores-incendio-n-a pa_familia-selo-de-seguranca-plastico pa_impressao-laser-n-a pa_impressao-termica-sim pa_logistica-transporte-sim pa_maq-vending-jogo-n-a pa_material-polipropileno-com-inserto-metalico-em-aco pa_petroleo-gas-sim pa_produto-llarg pa_reciclavel-nao pa_retalho-sim pa_saude-hospitalar-n-a pa_tipo-seguranca-indicativo pa_utilities-n-a\">\r\n\t\t\t\t\t\t<div class=\"prod-wrap text-center\">\r\n\r\n\t\t\t\t\t\t\t\t\t\t\t\t\t\t<div class=\"woo-cover\">\r\n\t\t\t\t\t\t\t\t<div class=\"prod-image-wrap woo-entry-thumb\">\r\n\t\t\t\t\t\t\t\t\t\r\n\t<div id=\"product_slider_69dcf230d6086\" class=\"woo-entry-thumb\">\r\n\t\t\r\n\t\t<div class=\"woo-entry-thumb-carousel\" data-speed=\"2000\">\r\n\r\n\t\t<div class=\"\"><img src=\"https:\/\/newgo.eu\/wp-content\/uploads\/2019\/10\/precinto-de-seguridad-llarg3p-1024x682-500x313.jpg\" alt=\"\" \/><\/div><div class=\"\"><img src=\"https:\/\/newgo.eu\/wp-content\/uploads\/2019\/10\/precinto-de-seguridad-plastico-llarg3p_v-1024x683-500x313.jpg\" alt=\"\" \/><\/div><div class=\"\"><img src=\"https:\/\/newgo.eu\/wp-content\/uploads\/2019\/10\/selo-para-mala-llarg4p-1024x683-500x313.jpg\" alt=\"\" \/><\/div><div class=\"\"><img src=\"https:\/\/newgo.eu\/wp-content\/uploads\/2019\/11\/Selo-seguran\u00e7a-LLARG4P-1024x683-500x313.jpg\" alt=\"\" \/><\/div><div class=\"\"><img src=\"https:\/\/newgo.eu\/wp-content\/uploads\/2019\/11\/Mala-de-seguranc\u0327a-LLARG3P-1024x648-500x313.jpg\" alt=\"\" \/><\/div>\r\n\t\t<\/div>\r\n\t\t\t\t<div class=\"preview-thumb\">\r\n\t\t\t<img src=\"https:\/\/newgo.eu\/wp-content\/uploads\/2019\/10\/precinto-de-seguridad-llarg3p-1024x682-500x313.jpg\" alt=\"\" \/>\r\n\t\t<\/div>\r\n\t<\/div>\r\n\t<div class=\"buttons-wrap  dfd-buttons-light text-center\">\r\n\t\t<div>\r\n\t\t\t\t\t\t\t<a href=\"https:\/\/newgo.eu\/pt-pt\/prod\/llarg\/\" data-quantity=\"1\" class=\"add_to_cart_button product_type_simple\" data-product_id=\"2058\" data-product_sku=\"LLARG3P\" aria-label=\"Leia mais sobre &ldquo;LLARG&rdquo;\" rel=\"nofollow\"><span style=\"padding-left:25px;\">Ler mais<\/span><\/a>\t\t\t\t\t\t\t\t\t\t\t\t\t\t<a href=\"https:\/\/newgo.eu\/wp-content\/uploads\/2019\/10\/precinto-de-seguridad-llarg3p.jpg\" title=\"\" class=\"dfd-prod-lightbox\" data-rel=\"prettyPhoto[product-gallery-2058]\">\r\n\t\t\t\t\t\t\t\t\t\t\t<i class=\"dfd-icon-zoom\"><\/i>\r\n\t\t\t\t\t\t\t\t\t<\/a>\r\n\t\t\t\t\t<\/div>\r\n\t<\/div>\r\n\r\n\t\t\t\t\t\t\t\t\t\t<a href=\"https:\/\/newgo.eu\/pt-pt\/prod\/llarg\/\" class=\"link\"><\/a>\r\n\t\t\t\t\t\t\t\t<\/div>\r\n\t\t\t\t\t\t\t<\/div>\r\n\t\t\t\t\t\t\t\t\t\t\t\t\t\t\t<div class=\"woo-title-wrap  text-center\">\r\n\t\t\t\t\t\t\t\t\t<div class=\"heading\">\r\n\t\t\t\t\t\t\t\t\t\t\t\t\t\t\t\t\t\t\t\t<div class=\"box-name\"><a href=\"https:\/\/newgo.eu\/pt-pt\/prod\/llarg\/\">LLARG<\/a><\/div>\r\n\t\t\t\t\t\t\t\t\t\t\t\t\t\t\t\t\t\t\t\t<div class=\"woo-price-cart-wrap\">\r\n\t\t\t\t\t\t\t\t\t\t\t<div class=\"price-wrap\">\r\n\t\t\t\t\t\t\t\t\t\t\t\t\t\t\t\t\t\t\t\t\t\t\t<\/div>\r\n\t\t\t\t\t\t\t\t\t\t<\/div>\r\n\t\t\t\t\t\t\t\t\t\t<div class=\"rating-section\">\r\n\t\t\t\t\t\t\t\t\t\t\t\t\t\t\t\t\t\t\t\t\t<\/div>\r\n\t\t\t\t\t\t\t\t\t<\/div>\r\n\t\t\t\t\t\t\t\t\t\t\t\t\t\t\t\t\t<\/div>\r\n\t\t\t\t\t\t\t\t\t\t\t\t\t\t\t\t\t\t\t\t\t<\/div>\r\n\t\t\t\t\t<\/div>\r\n\t\t\t\t\t\t\t\t\t<div class=\"columns dfd-loop-shop-responsive three style-1 post-2074 product type-product status-publish has-post-thumbnail hentry product_cat-agricultura-e-agro-pecuaria product_cat-estado-e-seguranca-publica product_cat-extintores-e-incendio product_cat-higiene-e-seguranca-alimentar product_cat-logistica-e-transportes product_cat-petroleo-e-gas product_cat-retalho-e-venda-on-line product_cat-saude-e-hospitalar product_cat-vending-e-maquinas-de-jogo product_tag-selo-de-seguranca-plastico pa_agricultura-sim pa_alimentar-sim pa_cash-in-transit-n-a pa_cores-amarelo pa_cores-azul pa_cores-branco pa_cores-outras-cores-a-pedido pa_cores-verde pa_cores-vermelho pa_correios-courier-n-a pa_electronica-informatica-n-a pa_estado-sim pa_extintores-incendio-sim pa_familia-selo-de-seguranca-plastico pa_impressao-laser-sim pa_impressao-termica-sim pa_logistica-transporte-sim pa_maq-vending-jogo-sim pa_material-polipropileno-com-inserto-metalico-em-aco pa_petroleo-gas-sim pa_produto-skkorb-430 pa_reciclavel-nao pa_retalho-sim pa_saude-hospitalar-sim pa_tipo-seguranca-indicativo pa_utilities-n-a\">\r\n\t\t\t\t\t\t<div class=\"prod-wrap text-center\">\r\n\r\n\t\t\t\t\t\t\t\t\t\t\t\t\t\t<div class=\"woo-cover\">\r\n\t\t\t\t\t\t\t\t<div class=\"prod-image-wrap woo-entry-thumb\">\r\n\t\t\t\t\t\t\t\t\t\r\n\t<div id=\"product_slider_69dcf230db518\" class=\"woo-entry-thumb\">\r\n\t\t\r\n\t\t<div class=\"woo-entry-thumb-carousel\" data-speed=\"2000\">\r\n\r\n\t\t<div class=\"\"><img src=\"https:\/\/newgo.eu\/wp-content\/uploads\/2019\/11\/Etiqueta-de-seguran\u00e7a-SKOR4P-1024x682-500x313.jpg\" alt=\"\" \/><\/div><div class=\"\"><img src=\"https:\/\/newgo.eu\/wp-content\/uploads\/2019\/11\/Etiqueta-seguran\u00e7a-SKOR4P_V-1024x683-500x313.jpg\" alt=\"\" \/><\/div><div class=\"\"><img src=\"https:\/\/newgo.eu\/wp-content\/uploads\/2019\/10\/lacre-de-plastico-skor4pa-1024x643-500x313.jpg\" alt=\"\" \/><\/div><div class=\"\"><img src=\"https:\/\/newgo.eu\/wp-content\/uploads\/2019\/10\/lacre-plastico-skor4pa_v-1024x675-500x313.jpg\" alt=\"\" \/><\/div>\r\n\t\t<\/div>\r\n\t\t\t\t<div class=\"preview-thumb\">\r\n\t\t\t<img src=\"https:\/\/newgo.eu\/wp-content\/uploads\/2019\/11\/Etiqueta-de-seguran\u00e7a-SKOR4P-1024x682-500x313.jpg\" alt=\"\" \/>\r\n\t\t<\/div>\r\n\t<\/div>\r\n\t<div class=\"buttons-wrap  dfd-buttons-light text-center\">\r\n\t\t<div>\r\n\t\t\t\t\t\t\t<a href=\"https:\/\/newgo.eu\/pt-pt\/prod\/skkorb-430\/\" data-quantity=\"1\" class=\"add_to_cart_button product_type_simple\" data-product_id=\"2074\" data-product_sku=\"SKOR4P\" aria-label=\"Leia mais sobre &ldquo;SKKORB 430&rdquo;\" rel=\"nofollow\"><span style=\"padding-left:25px;\">Ler mais<\/span><\/a>\t\t\t\t\t\t\t\t\t\t\t\t\t\t<a href=\"https:\/\/newgo.eu\/wp-content\/uploads\/2019\/11\/Etiqueta-de-seguran\u00e7a-SKOR4P.jpg\" title=\"\" class=\"dfd-prod-lightbox\" data-rel=\"prettyPhoto[product-gallery-2074]\">\r\n\t\t\t\t\t\t\t\t\t\t\t<i class=\"dfd-icon-zoom\"><\/i>\r\n\t\t\t\t\t\t\t\t\t<\/a>\r\n\t\t\t\t\t<\/div>\r\n\t<\/div>\r\n\r\n\t\t\t\t\t\t\t\t\t\t<a href=\"https:\/\/newgo.eu\/pt-pt\/prod\/skkorb-430\/\" class=\"link\"><\/a>\r\n\t\t\t\t\t\t\t\t<\/div>\r\n\t\t\t\t\t\t\t<\/div>\r\n\t\t\t\t\t\t\t\t\t\t\t\t\t\t\t<div class=\"woo-title-wrap  text-center\">\r\n\t\t\t\t\t\t\t\t\t<div class=\"heading\">\r\n\t\t\t\t\t\t\t\t\t\t\t\t\t\t\t\t\t\t\t\t<div class=\"box-name\"><a href=\"https:\/\/newgo.eu\/pt-pt\/prod\/skkorb-430\/\">SKKORB 430<\/a><\/div>\r\n\t\t\t\t\t\t\t\t\t\t\t\t\t\t\t\t\t\t\t\t<div class=\"woo-price-cart-wrap\">\r\n\t\t\t\t\t\t\t\t\t\t\t<div class=\"price-wrap\">\r\n\t\t\t\t\t\t\t\t\t\t\t\t\t\t\t\t\t\t\t\t\t\t\t<\/div>\r\n\t\t\t\t\t\t\t\t\t\t<\/div>\r\n\t\t\t\t\t\t\t\t\t\t<div class=\"rating-section\">\r\n\t\t\t\t\t\t\t\t\t\t\t\t\t\t\t\t\t\t\t\t\t<\/div>\r\n\t\t\t\t\t\t\t\t\t<\/div>\r\n\t\t\t\t\t\t\t\t\t\t\t\t\t\t\t\t\t<\/div>\r\n\t\t\t\t\t\t\t\t\t\t\t\t\t\t\t\t\t\t\t\t\t<\/div>\r\n\t\t\t\t\t<\/div>\r\n\t\t\t\t<\/div><\/div><\/div><script>\r\n\t\t\t\t\t\t\t\t(function($){\r\n\t\t\t\t\t\t\t\t\t$(\"head\").append(\"<style>#woo-grid-69dcf230cc9ca .onsale {style=&quot;&quot;}<\/style>\");\r\n\t\t\t\t\t\t\t\t})(jQuery)\r\n\t\t\t\t\t\t\t<\/script><div class=\"dfd-spacer-module\"  data-units=\"px\" data-wide_resolution=\"1280\" data-wide_size=\"50\" data-normal_resolution=\"1024\" data-normal_size=\"50\" data-tablet_resolution=\"800\" data-tablet_size=\"50\" data-mobile_resolution=\"480\" data-mobile_size=\"40\" style=\"height: 50px;\"><\/div>[\/vc_column][\/vc_row]<\/p>\n","protected":false},"excerpt":{"rendered":"<p>Selo de Seguran\u00e7a Pl\u00e1stico<\/p>\n","protected":false},"author":1,"featured_media":0,"parent":0,"menu_order":0,"comment_status":"closed","ping_status":"closed","template":"page-custom.php","meta":{"inline_featured_image":false},"acf":[],"yoast_head":"<!-- This site is optimized with the Yoast SEO plugin v18.2 - https:\/\/yoast.com\/wordpress\/plugins\/seo\/ -->\n<title>NewGo - Selos de Higiene e Seguran\u00e7a Alimentar<\/title>\n<meta name=\"description\" content=\"Os selos de Higiene e Seguran\u00e7a Alimentar da NewGo garantem a identifica\u00e7\u00e3o, integridade dos produtos alimentares e o seu transporte de forma segura.\" \/>\n<meta name=\"robots\" content=\"index, follow, max-snippet:-1, max-image-preview:large, max-video-preview:-1\" \/>\n<link rel=\"canonical\" href=\"https:\/\/newgo.eu\/pt-pt\/higiene-e-seguranca-alimentar\/\" \/>\n<meta property=\"og:locale\" content=\"pt_PT\" \/>\n<meta property=\"og:type\" content=\"article\" \/>\n<meta property=\"og:title\" content=\"NewGo - Selos de Higiene e Seguran\u00e7a Alimentar\" \/>\n<meta property=\"og:description\" content=\"Os selos de Higiene e Seguran\u00e7a Alimentar da NewGo garantem a identifica\u00e7\u00e3o, integridade dos produtos alimentares e o seu transporte de forma segura.\" \/>\n<meta property=\"og:url\" content=\"https:\/\/newgo.eu\/pt-pt\/higiene-e-seguranca-alimentar\/\" \/>\n<meta property=\"og:site_name\" content=\"NewGO\" \/>\n<meta property=\"article:modified_time\" content=\"2019-11-05T15:39:46+00:00\" \/>\n<meta name=\"twitter:card\" content=\"summary_large_image\" \/>\n<meta name=\"twitter:label1\" content=\"Tempo estimado de leitura\" \/>\n\t<meta name=\"twitter:data1\" content=\"3 minutos\" \/>\n<script type=\"application\/ld+json\" class=\"yoast-schema-graph\">{\"@context\":\"https:\/\/schema.org\",\"@graph\":[{\"@type\":\"Organization\",\"@id\":\"https:\/\/newgo.eu\/#organization\",\"name\":\"Newgo Soluciones de Seguridad e Identificacion SL\",\"url\":\"https:\/\/newgo.eu\/\",\"sameAs\":[],\"logo\":{\"@type\":\"ImageObject\",\"@id\":\"https:\/\/newgo.eu\/#logo\",\"inLanguage\":\"pt-PT\",\"url\":\"https:\/\/newgo.eu\/wp-content\/uploads\/2019\/12\/NG_color-sin-fondo-blanco.png\",\"contentUrl\":\"https:\/\/newgo.eu\/wp-content\/uploads\/2019\/12\/NG_color-sin-fondo-blanco.png\",\"width\":1200,\"height\":223,\"caption\":\"Newgo Soluciones de Seguridad e Identificacion SL\"},\"image\":{\"@id\":\"https:\/\/newgo.eu\/#logo\"}},{\"@type\":\"WebSite\",\"@id\":\"https:\/\/newgo.eu\/#website\",\"url\":\"https:\/\/newgo.eu\/\",\"name\":\"NewGO\",\"description\":\"Selos, Sacos e Eqtiquetas de Seguran\u00e7a | Solu\u00e7\u00f5es de Seguran\u00e7a\",\"publisher\":{\"@id\":\"https:\/\/newgo.eu\/#organization\"},\"potentialAction\":[{\"@type\":\"SearchAction\",\"target\":{\"@type\":\"EntryPoint\",\"urlTemplate\":\"https:\/\/newgo.eu\/?s={search_term_string}\"},\"query-input\":\"required name=search_term_string\"}],\"inLanguage\":\"pt-PT\"},{\"@type\":\"WebPage\",\"@id\":\"https:\/\/newgo.eu\/pt-pt\/higiene-e-seguranca-alimentar\/#webpage\",\"url\":\"https:\/\/newgo.eu\/pt-pt\/higiene-e-seguranca-alimentar\/\",\"name\":\"NewGo - Selos de Higiene e Seguran\u00e7a Alimentar\",\"isPartOf\":{\"@id\":\"https:\/\/newgo.eu\/#website\"},\"datePublished\":\"2019-01-23T13:42:59+00:00\",\"dateModified\":\"2019-11-05T15:39:46+00:00\",\"description\":\"Os selos de Higiene e Seguran\u00e7a Alimentar da NewGo garantem a identifica\u00e7\u00e3o, integridade dos produtos alimentares e o seu transporte de forma segura.\",\"breadcrumb\":{\"@id\":\"https:\/\/newgo.eu\/pt-pt\/higiene-e-seguranca-alimentar\/#breadcrumb\"},\"inLanguage\":\"pt-PT\",\"potentialAction\":[{\"@type\":\"ReadAction\",\"target\":[\"https:\/\/newgo.eu\/pt-pt\/higiene-e-seguranca-alimentar\/\"]}]},{\"@type\":\"BreadcrumbList\",\"@id\":\"https:\/\/newgo.eu\/pt-pt\/higiene-e-seguranca-alimentar\/#breadcrumb\",\"itemListElement\":[{\"@type\":\"ListItem\",\"position\":1,\"name\":\"Portada\",\"item\":\"https:\/\/newgo.eu\/pt-pt\/\"},{\"@type\":\"ListItem\",\"position\":2,\"name\":\"HIGIENE E SEGURAN\u00c7A ALIMENTAR\"}]}]}<\/script>\n<!-- \/ Yoast SEO plugin. -->","yoast_head_json":{"title":"NewGo - Selos de Higiene e Seguran\u00e7a Alimentar","description":"Os selos de Higiene e Seguran\u00e7a Alimentar da NewGo garantem a identifica\u00e7\u00e3o, integridade dos produtos alimentares e o seu transporte de forma segura.","robots":{"index":"index","follow":"follow","max-snippet":"max-snippet:-1","max-image-preview":"max-image-preview:large","max-video-preview":"max-video-preview:-1"},"canonical":"https:\/\/newgo.eu\/pt-pt\/higiene-e-seguranca-alimentar\/","og_locale":"pt_PT","og_type":"article","og_title":"NewGo - Selos de Higiene e Seguran\u00e7a Alimentar","og_description":"Os selos de Higiene e Seguran\u00e7a Alimentar da NewGo garantem a identifica\u00e7\u00e3o, integridade dos produtos alimentares e o seu transporte de forma segura.","og_url":"https:\/\/newgo.eu\/pt-pt\/higiene-e-seguranca-alimentar\/","og_site_name":"NewGO","article_modified_time":"2019-11-05T15:39:46+00:00","twitter_card":"summary_large_image","twitter_misc":{"Tempo estimado de leitura":"3 minutos"},"schema":{"@context":"https:\/\/schema.org","@graph":[{"@type":"Organization","@id":"https:\/\/newgo.eu\/#organization","name":"Newgo Soluciones de Seguridad e Identificacion SL","url":"https:\/\/newgo.eu\/","sameAs":[],"logo":{"@type":"ImageObject","@id":"https:\/\/newgo.eu\/#logo","inLanguage":"pt-PT","url":"https:\/\/newgo.eu\/wp-content\/uploads\/2019\/12\/NG_color-sin-fondo-blanco.png","contentUrl":"https:\/\/newgo.eu\/wp-content\/uploads\/2019\/12\/NG_color-sin-fondo-blanco.png","width":1200,"height":223,"caption":"Newgo Soluciones de Seguridad e Identificacion SL"},"image":{"@id":"https:\/\/newgo.eu\/#logo"}},{"@type":"WebSite","@id":"https:\/\/newgo.eu\/#website","url":"https:\/\/newgo.eu\/","name":"NewGO","description":"Selos, Sacos e Eqtiquetas de Seguran\u00e7a | Solu\u00e7\u00f5es de Seguran\u00e7a","publisher":{"@id":"https:\/\/newgo.eu\/#organization"},"potentialAction":[{"@type":"SearchAction","target":{"@type":"EntryPoint","urlTemplate":"https:\/\/newgo.eu\/?s={search_term_string}"},"query-input":"required name=search_term_string"}],"inLanguage":"pt-PT"},{"@type":"WebPage","@id":"https:\/\/newgo.eu\/pt-pt\/higiene-e-seguranca-alimentar\/#webpage","url":"https:\/\/newgo.eu\/pt-pt\/higiene-e-seguranca-alimentar\/","name":"NewGo - Selos de Higiene e Seguran\u00e7a Alimentar","isPartOf":{"@id":"https:\/\/newgo.eu\/#website"},"datePublished":"2019-01-23T13:42:59+00:00","dateModified":"2019-11-05T15:39:46+00:00","description":"Os selos de Higiene e Seguran\u00e7a Alimentar da NewGo garantem a identifica\u00e7\u00e3o, integridade dos produtos alimentares e o seu transporte de forma segura.","breadcrumb":{"@id":"https:\/\/newgo.eu\/pt-pt\/higiene-e-seguranca-alimentar\/#breadcrumb"},"inLanguage":"pt-PT","potentialAction":[{"@type":"ReadAction","target":["https:\/\/newgo.eu\/pt-pt\/higiene-e-seguranca-alimentar\/"]}]},{"@type":"BreadcrumbList","@id":"https:\/\/newgo.eu\/pt-pt\/higiene-e-seguranca-alimentar\/#breadcrumb","itemListElement":[{"@type":"ListItem","position":1,"name":"Portada","item":"https:\/\/newgo.eu\/pt-pt\/"},{"@type":"ListItem","position":2,"name":"HIGIENE E SEGURAN\u00c7A ALIMENTAR"}]}]}},"_links":{"self":[{"href":"https:\/\/newgo.eu\/pt-pt\/wp-json\/wp\/v2\/pages\/605"}],"collection":[{"href":"https:\/\/newgo.eu\/pt-pt\/wp-json\/wp\/v2\/pages"}],"about":[{"href":"https:\/\/newgo.eu\/pt-pt\/wp-json\/wp\/v2\/types\/page"}],"author":[{"embeddable":true,"href":"https:\/\/newgo.eu\/pt-pt\/wp-json\/wp\/v2\/users\/1"}],"replies":[{"embeddable":true,"href":"https:\/\/newgo.eu\/pt-pt\/wp-json\/wp\/v2\/comments?post=605"}],"version-history":[{"count":9,"href":"https:\/\/newgo.eu\/pt-pt\/wp-json\/wp\/v2\/pages\/605\/revisions"}],"predecessor-version":[{"id":1593,"href":"https:\/\/newgo.eu\/pt-pt\/wp-json\/wp\/v2\/pages\/605\/revisions\/1593"}],"wp:attachment":[{"href":"https:\/\/newgo.eu\/pt-pt\/wp-json\/wp\/v2\/media?parent=605"}],"curies":[{"name":"wp","href":"https:\/\/api.w.org\/{rel}","templated":true}]}}