{"id":7,"date":"2018-11-13T16:35:20","date_gmt":"2018-11-13T16:35:20","guid":{"rendered":"https:\/\/newgo.eu\/?page_id=7"},"modified":"2020-04-16T13:47:02","modified_gmt":"2020-04-16T13:47:02","slug":"empresa","status":"publish","type":"page","link":"https:\/\/newgo.eu\/pt-pt\/empresa\/","title":{"rendered":"EMPRESA"},"content":{"rendered":"<p>[vc_row force_equal_height_columns=&#8221;main_row&#8221; dfd_row_config=&#8221;full_width_content&#8221; row_effect=&#8221;dfd-fade-on-scroll&#8221; dfd_bg_style=&#8221;image&#8221; dfd_bg_image_new=&#8221;232&#8243; dfd_bg_image_repeat=&#8221;no-repeat&#8221; dfd_overlay_pattern=&#8221;01.png&#8221; css=&#8221;.vc_custom_1542727918826{background-position: center !important;background-repeat: no-repeat !important;background-size: cover !important;}&#8221;][vc_column column_bg_check=&#8221;column-background-dark&#8221; column_bg_position=&#8221;center center&#8221; column_bg_repeat=&#8221;no-repeat&#8221; css=&#8221;.vc_custom_1542285532408{background-position: center !important;background-repeat: no-repeat !important;background-size: cover !important;}&#8221;]<div class=\"dfd-spacer-module\"  data-units=\"px\" data-wide_resolution=\"1280\" data-wide_size=\"160\" data-normal_resolution=\"1024\" data-normal_size=\"160\" data-tablet_resolution=\"800\" data-tablet_size=\"160\" data-mobile_resolution=\"480\" data-mobile_size=\"100\" style=\"height: 160px;\"><\/div><div class=\"dfd-heading-shortcode\"><div class=\"dfd-heading-module-wrap  text-center style_05 cr-animate-gen dfd-heading-6a08268809b59 dfd-disable-resposive-headings\" id=\"dfd-heading-6a08268809b59\" data-animate-type = \"transition.slideLeftIn\" ><div class=\"inline-block\"><div class=\"dfd-heading-module\"><h1 class=\"widget-title dfd-title \" style=\"\">EMPRESA<\/h1><\/div><\/div><\/div><script type=\"text\/javascript\">\r\n\t\t\t\t\t\t\t\t\t(function($) {\r\n\t\t\t\t\t\t\t\t\t\t$(\"head\").append(\"<style>.dfd-heading-6a08268809b59.dfd-heading-module-wrap .dfd-heading-module .dfd-heading-delimiter {margin-top:10px;margin-bottom:10px;}<\/style>\");\r\n\t\t\t\t\t\t\t\t\t})(jQuery);\r\n\t\t\t\t\t\t\t\t<\/script><\/div><div class=\"dfd-spacer-module\"  data-units=\"px\" data-wide_resolution=\"1280\" data-wide_size=\"120\" data-normal_resolution=\"1024\" data-normal_size=\"120\" data-tablet_resolution=\"800\" data-tablet_size=\"120\" data-mobile_resolution=\"480\" data-mobile_size=\"100\" style=\"height: 120px;\"><\/div>[\/vc_column][\/vc_row][vc_row dfd_row_config=&#8221;full_width_content&#8221; css=&#8221;.vc_custom_1547727766153{padding-right: 8% !important;padding-left: 8% !important;}&#8221;][vc_column]<div class=\"dfd-spacer-module\"  data-units=\"px\" data-wide_resolution=\"1280\" data-wide_size=\"100\" data-normal_resolution=\"1024\" data-normal_size=\"100\" data-tablet_resolution=\"800\" data-tablet_size=\"100\" data-mobile_resolution=\"480\" data-mobile_size=\"100\" style=\"height: 100px;\"><\/div><div class=\"dfd-heading-shortcode\"><div class=\"dfd-heading-module-wrap  text-left style_05 cr-animate-gen dfd-heading-6a08268809d64 dfd-disable-resposive-headings\" id=\"dfd-heading-6a08268809d64\" data-animate-type = \"transition.slideLeftIn\" ><div class=\"inline-block\"><div class=\"dfd-heading-module\"><h5 class=\"widget-title dfd-title \" style=\"\">QUEM SOMOS<\/h5><div class=\"dfd-heading-delimiter\"><\/div><\/div><\/div><\/div><script type=\"text\/javascript\">\r\n\t\t\t\t\t\t\t\t\t(function($) {\r\n\t\t\t\t\t\t\t\t\t\t$(\"head\").append(\"<style>.dfd-heading-6a08268809d64.dfd-heading-module-wrap .dfd-heading-module .dfd-heading-delimiter {border-bottom-style:solid;border-bottom-width:2px;width:144px;border-bottom-color:#009a3d;}.dfd-heading-6a08268809d64.dfd-heading-module-wrap .dfd-heading-module .dfd-heading-delimiter {margin-top:10px;margin-bottom:10px;}<\/style>\");\r\n\t\t\t\t\t\t\t\t\t})(jQuery);\r\n\t\t\t\t\t\t\t\t<\/script><\/div><div class=\"dfd-spacer-module\"  data-units=\"px\" data-wide_resolution=\"1280\" data-wide_size=\"15\" data-normal_resolution=\"1024\" data-normal_size=\"15\" data-tablet_resolution=\"800\" data-tablet_size=\"15\" data-mobile_resolution=\"480\" data-mobile_size=\"15\" style=\"height: 15px;\"><\/div>[vc_column_text css_animation=&#8221;fadeInUp&#8221;]A <strong>NewGO<\/strong> oferece uma extensa linha de produtos de seguran\u00e7a e identifica\u00e7\u00e3o de manipula\u00e7\u00e3o indevida e preven\u00e7\u00e3o de fraude, para clientes de uma ampla variedade de setores de mercado.<\/p>\n<p>Sediada em Madrid e Lisboa, sua oferta de produtos inclui os mais populares Selos de Seguran\u00e7a, Sacos reutiliz\u00e1veis ou de uso \u00fanico, para transporte ou arquivo de bens ou documentos e Etiquetas espec\u00edficas para a selagem de equipamentos ou caixas de ditribui\u00e7\u00e3o.[\/vc_column_text]<div class=\"dfd-spacer-module\"  data-units=\"px\" data-wide_resolution=\"1280\" data-wide_size=\"100\" data-normal_resolution=\"1024\" data-normal_size=\"100\" data-tablet_resolution=\"800\" data-tablet_size=\"100\" data-mobile_resolution=\"480\" data-mobile_size=\"100\" style=\"height: 100px;\"><\/div>[\/vc_column][\/vc_row][vc_row force_equal_height_columns=&#8221;main_row&#8221; dfd_row_config=&#8221;full_width_content&#8221;][vc_column column_bg_check=&#8221;column-background-dark&#8221; width=&#8221;1\/2&#8243; css=&#8221;.vc_custom_1549457279798{padding-right: 8% !important;padding-left: 8% !important;background-color: #008c34 !important;}&#8221;]<div class=\"dfd-spacer-module\"  data-units=\"px\" data-wide_resolution=\"1280\" data-wide_size=\"100\" data-normal_resolution=\"1024\" data-normal_size=\"100\" data-tablet_resolution=\"800\" data-tablet_size=\"100\" data-mobile_resolution=\"480\" data-mobile_size=\"100\" style=\"height: 100px;\"><\/div><div class=\"dfd-heading-shortcode\"><div class=\"dfd-heading-module-wrap  text-left style_05 cr-animate-gen dfd-heading-6a08268809ef8 dfd-disable-resposive-headings\" id=\"dfd-heading-6a08268809ef8\" data-animate-type = \"transition.slideLeftIn\" ><div class=\"inline-block\"><div class=\"dfd-heading-module\"><h5 class=\"widget-title dfd-title \" style=\"\">O QUE FAZEMOS<\/h5><div class=\"dfd-heading-delimiter\"><\/div><\/div><\/div><\/div><script type=\"text\/javascript\">\r\n\t\t\t\t\t\t\t\t\t(function($) {\r\n\t\t\t\t\t\t\t\t\t\t$(\"head\").append(\"<style>.dfd-heading-6a08268809ef8.dfd-heading-module-wrap .dfd-heading-module .dfd-heading-delimiter {border-bottom-style:solid;border-bottom-width:2px;width:144px;border-bottom-color:#5cb4e5;}.dfd-heading-6a08268809ef8.dfd-heading-module-wrap .dfd-heading-module .dfd-heading-delimiter {margin-top:10px;margin-bottom:10px;}<\/style>\");\r\n\t\t\t\t\t\t\t\t\t})(jQuery);\r\n\t\t\t\t\t\t\t\t<\/script><\/div><div class=\"dfd-spacer-module\"  data-units=\"px\" data-wide_resolution=\"1280\" data-wide_size=\"15\" data-normal_resolution=\"1024\" data-normal_size=\"15\" data-tablet_resolution=\"800\" data-tablet_size=\"15\" data-mobile_resolution=\"480\" data-mobile_size=\"15\" style=\"height: 15px;\"><\/div>[vc_column_text css_animation=&#8221;zoomIn&#8221;]A <strong>NewGO<\/strong> presta servi\u00e7os a uma base de clientes cada vez mais diversificada, abrangendo uma variedade de ind\u00fastrias incluindo companhias a\u00e9reas, de log\u00edstica, transporte e distribui\u00e7\u00e3o de mercadorias, de bens e valores, transporte ferrovi\u00e1rio, estado e entidades fiscalizadoras, farmac\u00eautico, alimentos e bebidas, medicina e agricultura, etc.[\/vc_column_text]<div class=\"dfd-spacer-module\"  data-units=\"px\" data-wide_resolution=\"1280\" data-wide_size=\"100\" data-normal_resolution=\"1024\" data-normal_size=\"100\" data-tablet_resolution=\"800\" data-tablet_size=\"100\" data-mobile_resolution=\"480\" data-mobile_size=\"100\" style=\"height: 100px;\"><\/div>[\/vc_column][vc_column width=&#8221;1\/2&#8243; column_bg_position=&#8221;center center&#8221; column_bg_repeat=&#8221;no-repeat&#8221; css=&#8221;.vc_custom_1547730487875{background-image: url(https:\/\/newgo.eu\/wp-content\/uploads\/2019\/01\/Empresa_NG_01.png?id=352) !important;background-position: center !important;background-repeat: no-repeat !important;background-size: cover !important;}&#8221;]<div class=\"dfd-spacer-module\"  data-units=\"px\" data-wide_resolution=\"1280\" data-wide_size=\"15\" data-normal_resolution=\"1024\" data-normal_size=\"15\" data-tablet_resolution=\"800\" data-tablet_size=\"15\" data-mobile_resolution=\"480\" data-mobile_size=\"15\" style=\"height: 15px;\"><\/div><div id=\"dfd-single-image-module6a0826880a685-1926\" class=\"dfd-single-image-module  image-center dfd-image-fade-in cr-animate-gen\" data-animate-type = \"transition.expandIn\" ><img src=\"https:\/\/newgo.eu\/wp-content\/uploads\/2019\/01\/Icon_background.png\" width=\"150\" height=\"141\"  alt=\"Image module\" \/><\/div><div class=\"dfd-spacer-module\"  data-units=\"px\" data-wide_resolution=\"1280\" data-wide_size=\"15\" data-normal_resolution=\"1024\" data-normal_size=\"15\" data-tablet_resolution=\"800\" data-tablet_size=\"15\" data-mobile_resolution=\"480\" data-mobile_size=\"15\" style=\"height: 15px;\"><\/div>[\/vc_column][\/vc_row][vc_row force_equal_height_columns=&#8221;main_row&#8221; dfd_row_config=&#8221;full_width_content&#8221;][vc_column width=&#8221;1\/2&#8243; column_bg_position=&#8221;center center&#8221; css=&#8221;.vc_custom_1547731887793{background-image: url(https:\/\/newgo.eu\/wp-content\/uploads\/2019\/01\/Empresa_NG_02_2.jpg?id=359) !important;background-position: center !important;background-repeat: no-repeat !important;background-size: cover !important;}&#8221;]<div class=\"dfd-spacer-module\"  data-units=\"px\" data-wide_resolution=\"1280\" data-wide_size=\"15\" data-normal_resolution=\"1024\" data-normal_size=\"15\" data-tablet_resolution=\"800\" data-tablet_size=\"15\" data-mobile_resolution=\"480\" data-mobile_size=\"15\" style=\"height: 15px;\"><\/div><div id=\"dfd-single-image-module6a0826880a968-5640\" class=\"dfd-single-image-module  image-center dfd-image-fade-in cr-animate-gen\" data-animate-type = \"transition.expandIn\" ><img src=\"https:\/\/newgo.eu\/wp-content\/uploads\/2019\/01\/Icon_background.png\" width=\"150\" height=\"141\"  alt=\"Image module\" \/><\/div><div class=\"dfd-spacer-module\"  data-units=\"px\" data-wide_resolution=\"1280\" data-wide_size=\"15\" data-normal_resolution=\"1024\" data-normal_size=\"15\" data-tablet_resolution=\"800\" data-tablet_size=\"15\" data-mobile_resolution=\"480\" data-mobile_size=\"15\" style=\"height: 15px;\"><\/div>[\/vc_column][vc_column width=&#8221;1\/2&#8243; css=&#8221;.vc_custom_1547728973057{padding-right: 8% !important;padding-left: 8% !important;}&#8221;]<div class=\"dfd-spacer-module\"  data-units=\"px\" data-wide_resolution=\"1280\" data-wide_size=\"100\" data-normal_resolution=\"1024\" data-normal_size=\"100\" data-tablet_resolution=\"800\" data-tablet_size=\"100\" data-mobile_resolution=\"480\" data-mobile_size=\"100\" style=\"height: 100px;\"><\/div><div class=\"dfd-heading-shortcode\"><div class=\"dfd-heading-module-wrap  text-left style_05 cr-animate-gen dfd-heading-6a0826880aae2 dfd-disable-resposive-headings\" id=\"dfd-heading-6a0826880aae2\" data-animate-type = \"transition.slideLeftIn\" ><div class=\"inline-block\"><div class=\"dfd-heading-module\"><h5 class=\"widget-title dfd-title \" style=\"\">COMPROMISSO<\/h5><div class=\"dfd-heading-delimiter\"><\/div><\/div><\/div><\/div><script type=\"text\/javascript\">\r\n\t\t\t\t\t\t\t\t\t(function($) {\r\n\t\t\t\t\t\t\t\t\t\t$(\"head\").append(\"<style>.dfd-heading-6a0826880aae2.dfd-heading-module-wrap .dfd-heading-module .dfd-heading-delimiter {border-bottom-style:solid;border-bottom-width:2px;width:144px;border-bottom-color:#008c34;}.dfd-heading-6a0826880aae2.dfd-heading-module-wrap .dfd-heading-module .dfd-heading-delimiter {margin-top:10px;margin-bottom:10px;}<\/style>\");\r\n\t\t\t\t\t\t\t\t\t})(jQuery);\r\n\t\t\t\t\t\t\t\t<\/script><\/div><div class=\"dfd-spacer-module\"  data-units=\"px\" data-wide_resolution=\"1280\" data-wide_size=\"15\" data-normal_resolution=\"1024\" data-normal_size=\"15\" data-tablet_resolution=\"800\" data-tablet_size=\"15\" data-mobile_resolution=\"480\" data-mobile_size=\"15\" style=\"height: 15px;\"><\/div>[vc_column_text css_animation=&#8221;zoomIn&#8221;]Os compromissos da <strong>NewGO<\/strong> com a tecnologia e evolu\u00e7\u00e3o cont\u00ednua, a aposta na manuten\u00e7\u00e3o de elevados padr\u00f5es de qualidade, a responsabilidade ambiental, aten\u00e7\u00e3o aos detalhes operacionais e o atendimento dedicado aos seus clientes, s\u00e3o o garante do acesso a projetos seguros e de elevada confian\u00e7a.[\/vc_column_text]<div class=\"dfd-spacer-module\"  data-units=\"px\" data-wide_resolution=\"1280\" data-wide_size=\"100\" data-normal_resolution=\"1024\" data-normal_size=\"100\" data-tablet_resolution=\"800\" data-tablet_size=\"100\" data-mobile_resolution=\"480\" data-mobile_size=\"100\" style=\"height: 100px;\"><\/div>[\/vc_column][\/vc_row][vc_row force_equal_height_columns=&#8221;main_row&#8221; dfd_row_config=&#8221;full_width_content&#8221;][vc_column column_bg_check=&#8221;column-background-dark&#8221; width=&#8221;1\/2&#8243; css=&#8221;.vc_custom_1547728818928{padding-right: 8% !important;padding-left: 8% !important;background-color: #5cb4e5 !important;}&#8221;]<div class=\"dfd-spacer-module\"  data-units=\"px\" data-wide_resolution=\"1280\" data-wide_size=\"100\" data-normal_resolution=\"1024\" data-normal_size=\"100\" data-tablet_resolution=\"800\" data-tablet_size=\"100\" data-mobile_resolution=\"480\" data-mobile_size=\"100\" style=\"height: 100px;\"><\/div><div class=\"dfd-heading-shortcode\"><div class=\"dfd-heading-module-wrap  text-left style_05 cr-animate-gen dfd-heading-6a0826880ad8f dfd-disable-resposive-headings\" id=\"dfd-heading-6a0826880ad8f\" data-animate-type = \"transition.slideLeftIn\" ><div class=\"inline-block\"><div class=\"dfd-heading-module\"><h5 class=\"widget-title dfd-title \" style=\"\">A EQUIPA<\/h5><div class=\"dfd-heading-delimiter\"><\/div><\/div><\/div><\/div><script type=\"text\/javascript\">\r\n\t\t\t\t\t\t\t\t\t(function($) {\r\n\t\t\t\t\t\t\t\t\t\t$(\"head\").append(\"<style>.dfd-heading-6a0826880ad8f.dfd-heading-module-wrap .dfd-heading-module .dfd-heading-delimiter {border-bottom-style:solid;border-bottom-width:2px;width:144px;border-bottom-color:#079c42;}.dfd-heading-6a0826880ad8f.dfd-heading-module-wrap .dfd-heading-module .dfd-heading-delimiter {margin-top:10px;margin-bottom:10px;}<\/style>\");\r\n\t\t\t\t\t\t\t\t\t})(jQuery);\r\n\t\t\t\t\t\t\t\t<\/script><\/div><div class=\"dfd-spacer-module\"  data-units=\"px\" data-wide_resolution=\"1280\" data-wide_size=\"15\" data-normal_resolution=\"1024\" data-normal_size=\"15\" data-tablet_resolution=\"800\" data-tablet_size=\"15\" data-mobile_resolution=\"480\" data-mobile_size=\"15\" style=\"height: 15px;\"><\/div>[vc_column_text css_animation=&#8221;zoomIn&#8221;]A <strong>NewGO<\/strong> \u00e9 constitu\u00edda por uma diversificada equipe de t\u00e9cnicos e profissionais de neg\u00f3cios, incluindo especialistas em an\u00e1lise de projetos e engenharia, design, produ\u00e7\u00e3o e log\u00edstica, alguns dos quais com mais de duas d\u00e9cadas de experi\u00eancia neste setor de atividade.[\/vc_column_text]<div class=\"dfd-spacer-module\"  data-units=\"px\" data-wide_resolution=\"1280\" data-wide_size=\"100\" data-normal_resolution=\"1024\" data-normal_size=\"100\" data-tablet_resolution=\"800\" data-tablet_size=\"100\" data-mobile_resolution=\"480\" data-mobile_size=\"100\" style=\"height: 100px;\"><\/div>[\/vc_column][vc_column width=&#8221;1\/2&#8243; column_bg_position=&#8221;center center&#8221; column_bg_repeat=&#8221;no-repeat&#8221; css=&#8221;.vc_custom_1547731674549{background-image: url(https:\/\/newgo.eu\/wp-content\/uploads\/2019\/01\/Empresa_NG_3.jpg?id=356) !important;background-position: center !important;background-repeat: no-repeat !important;background-size: cover !important;}&#8221;]<div class=\"dfd-spacer-module\"  data-units=\"px\" data-wide_resolution=\"1280\" data-wide_size=\"15\" data-normal_resolution=\"1024\" data-normal_size=\"15\" data-tablet_resolution=\"800\" data-tablet_size=\"15\" data-mobile_resolution=\"480\" data-mobile_size=\"15\" style=\"height: 15px;\"><\/div><div id=\"dfd-single-image-module6a0826880b157-5410\" class=\"dfd-single-image-module  image-center dfd-image-fade-in cr-animate-gen\" data-animate-type = \"transition.expandIn\" ><img src=\"https:\/\/newgo.eu\/wp-content\/uploads\/2019\/01\/Icon_background.png\" width=\"150\" height=\"141\"  alt=\"Image module\" \/><\/div><div class=\"dfd-spacer-module\"  data-units=\"px\" data-wide_resolution=\"1280\" data-wide_size=\"15\" data-normal_resolution=\"1024\" data-normal_size=\"15\" data-tablet_resolution=\"800\" data-tablet_size=\"15\" data-mobile_resolution=\"480\" data-mobile_size=\"15\" style=\"height: 15px;\"><\/div>[\/vc_column][\/vc_row]<\/p>\n","protected":false},"excerpt":{"rendered":"<p>[vc_row force_equal_height_columns=&#8221;main_row&#8221; dfd_row_config=&#8221;full_width_content&#8221; row_effect=&#8221;dfd-fade-on-scroll&#8221; dfd_bg_style=&#8221;image&#8221; dfd_bg_image_new=&#8221;232&#8243; dfd_bg_image_repeat=&#8221;no-repeat&#8221; dfd_overlay_pattern=&#8221;01.png&#8221; css=&#8221;.vc_custom_1542727918826{background-position: center !important;background-repeat: no-repeat !important;background-size: cover !important;}&#8221;][vc_column column_bg_check=&#8221;column-background-dark&#8221; column_bg_position=&#8221;center center&#8221; column_bg_repeat=&#8221;no-repeat&#8221; css=&#8221;.vc_custom_1542285532408{background-position: center !important;background-repeat: no-repeat !important;background-size: cover !important;}&#8221;][\/vc_column][\/vc_row][vc_row dfd_row_config=&#8221;full_width_content&#8221; css=&#8221;.vc_custom_1547727766153{padding-right: 8% !important;padding-left:<\/p>\n","protected":false},"author":1,"featured_media":0,"parent":0,"menu_order":0,"comment_status":"closed","ping_status":"closed","template":"page-custom.php","meta":{"inline_featured_image":false},"acf":[],"yoast_head":"<!-- This site is optimized with the Yoast SEO plugin v18.2 - https:\/\/yoast.com\/wordpress\/plugins\/seo\/ -->\n<title>New Go - Produtos de seguran\u00e7a e identifica\u00e7\u00e3o de manipula\u00e7\u00e3o<\/title>\n<meta name=\"description\" content=\"A NewGo fornece produtos de seguran\u00e7a Prova Evidente de Manipula\u00e7\u00e3o para diversas aplica\u00e7\u00f5es operacionais de controlo em sectores como Retalho e Log\u00edsticas.\" \/>\n<meta name=\"robots\" content=\"index, follow, max-snippet:-1, max-image-preview:large, max-video-preview:-1\" \/>\n<link rel=\"canonical\" href=\"https:\/\/newgo.eu\/pt-pt\/empresa\/\" \/>\n<meta property=\"og:locale\" content=\"pt_PT\" \/>\n<meta property=\"og:type\" content=\"article\" \/>\n<meta property=\"og:title\" content=\"New Go - Produtos de seguran\u00e7a e identifica\u00e7\u00e3o de manipula\u00e7\u00e3o\" \/>\n<meta property=\"og:description\" content=\"A NewGo fornece produtos de seguran\u00e7a Prova Evidente de Manipula\u00e7\u00e3o para diversas aplica\u00e7\u00f5es operacionais de controlo em sectores como Retalho e Log\u00edsticas.\" \/>\n<meta property=\"og:url\" content=\"https:\/\/newgo.eu\/pt-pt\/empresa\/\" \/>\n<meta property=\"og:site_name\" content=\"NewGO\" \/>\n<meta property=\"article:modified_time\" content=\"2020-04-16T13:47:02+00:00\" \/>\n<meta name=\"twitter:card\" content=\"summary_large_image\" \/>\n<meta name=\"twitter:label1\" content=\"Tempo estimado de leitura\" \/>\n\t<meta name=\"twitter:data1\" content=\"7 minutos\" \/>\n<script type=\"application\/ld+json\" class=\"yoast-schema-graph\">{\"@context\":\"https:\/\/schema.org\",\"@graph\":[{\"@type\":\"Organization\",\"@id\":\"https:\/\/newgo.eu\/#organization\",\"name\":\"Newgo Soluciones de Seguridad e Identificacion SL\",\"url\":\"https:\/\/newgo.eu\/\",\"sameAs\":[],\"logo\":{\"@type\":\"ImageObject\",\"@id\":\"https:\/\/newgo.eu\/#logo\",\"inLanguage\":\"pt-PT\",\"url\":\"https:\/\/newgo.eu\/wp-content\/uploads\/2019\/12\/NG_color-sin-fondo-blanco.png\",\"contentUrl\":\"https:\/\/newgo.eu\/wp-content\/uploads\/2019\/12\/NG_color-sin-fondo-blanco.png\",\"width\":1200,\"height\":223,\"caption\":\"Newgo Soluciones de Seguridad e Identificacion SL\"},\"image\":{\"@id\":\"https:\/\/newgo.eu\/#logo\"}},{\"@type\":\"WebSite\",\"@id\":\"https:\/\/newgo.eu\/#website\",\"url\":\"https:\/\/newgo.eu\/\",\"name\":\"NewGO\",\"description\":\"Selos, Sacos e Eqtiquetas de Seguran\u00e7a | Solu\u00e7\u00f5es de Seguran\u00e7a\",\"publisher\":{\"@id\":\"https:\/\/newgo.eu\/#organization\"},\"potentialAction\":[{\"@type\":\"SearchAction\",\"target\":{\"@type\":\"EntryPoint\",\"urlTemplate\":\"https:\/\/newgo.eu\/?s={search_term_string}\"},\"query-input\":\"required name=search_term_string\"}],\"inLanguage\":\"pt-PT\"},{\"@type\":\"WebPage\",\"@id\":\"https:\/\/newgo.eu\/pt-pt\/empresa\/#webpage\",\"url\":\"https:\/\/newgo.eu\/pt-pt\/empresa\/\",\"name\":\"New Go - Produtos de seguran\u00e7a e identifica\u00e7\u00e3o de manipula\u00e7\u00e3o\",\"isPartOf\":{\"@id\":\"https:\/\/newgo.eu\/#website\"},\"datePublished\":\"2018-11-13T16:35:20+00:00\",\"dateModified\":\"2020-04-16T13:47:02+00:00\",\"description\":\"A NewGo fornece produtos de seguran\u00e7a Prova Evidente de Manipula\u00e7\u00e3o para diversas aplica\u00e7\u00f5es operacionais de controlo em sectores como Retalho e Log\u00edsticas.\",\"breadcrumb\":{\"@id\":\"https:\/\/newgo.eu\/pt-pt\/empresa\/#breadcrumb\"},\"inLanguage\":\"pt-PT\",\"potentialAction\":[{\"@type\":\"ReadAction\",\"target\":[\"https:\/\/newgo.eu\/pt-pt\/empresa\/\"]}]},{\"@type\":\"BreadcrumbList\",\"@id\":\"https:\/\/newgo.eu\/pt-pt\/empresa\/#breadcrumb\",\"itemListElement\":[{\"@type\":\"ListItem\",\"position\":1,\"name\":\"Portada\",\"item\":\"https:\/\/newgo.eu\/pt-pt\/\"},{\"@type\":\"ListItem\",\"position\":2,\"name\":\"EMPRESA\"}]}]}<\/script>\n<!-- \/ Yoast SEO plugin. -->","yoast_head_json":{"title":"New Go - Produtos de seguran\u00e7a e identifica\u00e7\u00e3o de manipula\u00e7\u00e3o","description":"A NewGo fornece produtos de seguran\u00e7a Prova Evidente de Manipula\u00e7\u00e3o para diversas aplica\u00e7\u00f5es operacionais de controlo em sectores como Retalho e Log\u00edsticas.","robots":{"index":"index","follow":"follow","max-snippet":"max-snippet:-1","max-image-preview":"max-image-preview:large","max-video-preview":"max-video-preview:-1"},"canonical":"https:\/\/newgo.eu\/pt-pt\/empresa\/","og_locale":"pt_PT","og_type":"article","og_title":"New Go - Produtos de seguran\u00e7a e identifica\u00e7\u00e3o de manipula\u00e7\u00e3o","og_description":"A NewGo fornece produtos de seguran\u00e7a Prova Evidente de Manipula\u00e7\u00e3o para diversas aplica\u00e7\u00f5es operacionais de controlo em sectores como Retalho e Log\u00edsticas.","og_url":"https:\/\/newgo.eu\/pt-pt\/empresa\/","og_site_name":"NewGO","article_modified_time":"2020-04-16T13:47:02+00:00","twitter_card":"summary_large_image","twitter_misc":{"Tempo estimado de leitura":"7 minutos"},"schema":{"@context":"https:\/\/schema.org","@graph":[{"@type":"Organization","@id":"https:\/\/newgo.eu\/#organization","name":"Newgo Soluciones de Seguridad e Identificacion SL","url":"https:\/\/newgo.eu\/","sameAs":[],"logo":{"@type":"ImageObject","@id":"https:\/\/newgo.eu\/#logo","inLanguage":"pt-PT","url":"https:\/\/newgo.eu\/wp-content\/uploads\/2019\/12\/NG_color-sin-fondo-blanco.png","contentUrl":"https:\/\/newgo.eu\/wp-content\/uploads\/2019\/12\/NG_color-sin-fondo-blanco.png","width":1200,"height":223,"caption":"Newgo Soluciones de Seguridad e Identificacion SL"},"image":{"@id":"https:\/\/newgo.eu\/#logo"}},{"@type":"WebSite","@id":"https:\/\/newgo.eu\/#website","url":"https:\/\/newgo.eu\/","name":"NewGO","description":"Selos, Sacos e Eqtiquetas de Seguran\u00e7a | Solu\u00e7\u00f5es de Seguran\u00e7a","publisher":{"@id":"https:\/\/newgo.eu\/#organization"},"potentialAction":[{"@type":"SearchAction","target":{"@type":"EntryPoint","urlTemplate":"https:\/\/newgo.eu\/?s={search_term_string}"},"query-input":"required name=search_term_string"}],"inLanguage":"pt-PT"},{"@type":"WebPage","@id":"https:\/\/newgo.eu\/pt-pt\/empresa\/#webpage","url":"https:\/\/newgo.eu\/pt-pt\/empresa\/","name":"New Go - Produtos de seguran\u00e7a e identifica\u00e7\u00e3o de manipula\u00e7\u00e3o","isPartOf":{"@id":"https:\/\/newgo.eu\/#website"},"datePublished":"2018-11-13T16:35:20+00:00","dateModified":"2020-04-16T13:47:02+00:00","description":"A NewGo fornece produtos de seguran\u00e7a Prova Evidente de Manipula\u00e7\u00e3o para diversas aplica\u00e7\u00f5es operacionais de controlo em sectores como Retalho e Log\u00edsticas.","breadcrumb":{"@id":"https:\/\/newgo.eu\/pt-pt\/empresa\/#breadcrumb"},"inLanguage":"pt-PT","potentialAction":[{"@type":"ReadAction","target":["https:\/\/newgo.eu\/pt-pt\/empresa\/"]}]},{"@type":"BreadcrumbList","@id":"https:\/\/newgo.eu\/pt-pt\/empresa\/#breadcrumb","itemListElement":[{"@type":"ListItem","position":1,"name":"Portada","item":"https:\/\/newgo.eu\/pt-pt\/"},{"@type":"ListItem","position":2,"name":"EMPRESA"}]}]}},"_links":{"self":[{"href":"https:\/\/newgo.eu\/pt-pt\/wp-json\/wp\/v2\/pages\/7"}],"collection":[{"href":"https:\/\/newgo.eu\/pt-pt\/wp-json\/wp\/v2\/pages"}],"about":[{"href":"https:\/\/newgo.eu\/pt-pt\/wp-json\/wp\/v2\/types\/page"}],"author":[{"embeddable":true,"href":"https:\/\/newgo.eu\/pt-pt\/wp-json\/wp\/v2\/users\/1"}],"replies":[{"embeddable":true,"href":"https:\/\/newgo.eu\/pt-pt\/wp-json\/wp\/v2\/comments?post=7"}],"version-history":[{"count":61,"href":"https:\/\/newgo.eu\/pt-pt\/wp-json\/wp\/v2\/pages\/7\/revisions"}],"predecessor-version":[{"id":2920,"href":"https:\/\/newgo.eu\/pt-pt\/wp-json\/wp\/v2\/pages\/7\/revisions\/2920"}],"wp:attachment":[{"href":"https:\/\/newgo.eu\/pt-pt\/wp-json\/wp\/v2\/media?parent=7"}],"curies":[{"name":"wp","href":"https:\/\/api.w.org\/{rel}","templated":true}]}}