{"id":2050,"date":"2019-11-04T12:26:45","date_gmt":"2019-11-04T12:26:45","guid":{"rendered":"https:\/\/newgo.eu\/prod\/aggah\/"},"modified":"2020-11-04T11:55:15","modified_gmt":"2020-11-04T11:55:15","slug":"aggah","status":"publish","type":"product","link":"https:\/\/newgo.eu\/pt-pt\/prod\/aggah\/","title":{"rendered":"AGGAH"},"content":{"rendered":"<p>O AGGAH \u00e9 o nosso mais resistente selo de seguran\u00e7a pl\u00e1stico com inserto met\u00e1lico e cauda plana.<br \/>\nO sistema de fecho do AGGAH (inserto met\u00e1lico de a\u00e7o) vem protegido por uma tampa moldada e termo moldada que demostra qualquer tentativa de manipula\u00e7\u00e3o indevida.<br \/>\nFornecido em tr\u00eas longitudes opcionais, o AGGAH tem uma cauda com 7mm de espessura garantindo mais de 55 kgs de resist\u00eancia m\u00e9dia \u00e0 rotura. Pode ainda ser fornecido com dentes de sujei\u00e7\u00e3o para um mais eficaz aperto em sacos ou bolsas de diferentes materiais e um eficaz porta-etiquetas para opera\u00e7\u00f5es como correio internacional.<br \/>\nA pala do AGGAH permite varias possibilidades de personaliza\u00e7\u00e3o do produto como c\u00f3digos de barras ou QR, numera\u00e7\u00e3o sequencial e logotipos de clientes.<br \/>\nO AGGAH \u00e9 seguramente a melhor solu\u00e7\u00e3o para as opera\u00e7\u00f5es em que a seguran\u00e7a, elevada resist\u00eancia e rapidez operacional de um selo pl\u00e1stico sejam factores fundamentais.<\/p>\n","protected":false},"excerpt":{"rendered":"<p>Selo de Seguran\u00e7a Pl\u00e1stico<\/p>\n<p><span style=\"background-color: #048d3b; color: #ffffff;\">\u00a0BIODEGRAD\u00c1VEL\u00a0<\/span><\/p>\n","protected":false},"featured_media":4695,"template":"","meta":{"inline_featured_image":false},"product_cat":[473,477,476,475,474],"product_tag":[651],"acf":[],"yoast_head":"<!-- This site is optimized with the Yoast SEO plugin v18.2 - https:\/\/yoast.com\/wordpress\/plugins\/seo\/ -->\n<title>AGGAH - NewGO<\/title>\n<meta name=\"robots\" content=\"index, follow, max-snippet:-1, max-image-preview:large, max-video-preview:-1\" \/>\n<link rel=\"canonical\" href=\"https:\/\/newgo.eu\/pt-pt\/prod\/aggah\/\" \/>\n<meta property=\"og:locale\" content=\"pt_PT\" \/>\n<meta property=\"og:type\" content=\"article\" \/>\n<meta property=\"og:title\" content=\"AGGAH - NewGO\" \/>\n<meta property=\"og:description\" content=\"Selo de Seguran\u00e7a Pl\u00e1stico  \u00a0BIODEGRAD\u00c1VEL\u00a0\" \/>\n<meta property=\"og:url\" content=\"https:\/\/newgo.eu\/pt-pt\/prod\/aggah\/\" \/>\n<meta property=\"og:site_name\" content=\"NewGO\" \/>\n<meta property=\"article:modified_time\" content=\"2020-11-04T11:55:15+00:00\" \/>\n<meta property=\"og:image\" content=\"https:\/\/newgo.eu\/wp-content\/uploads\/2019\/11\/Aggah-Selo-Biodegradavel.jpg\" \/>\n\t<meta property=\"og:image:width\" content=\"1024\" \/>\n\t<meta property=\"og:image:height\" content=\"682\" \/>\n\t<meta property=\"og:image:type\" content=\"image\/jpeg\" \/>\n<meta name=\"twitter:card\" content=\"summary_large_image\" \/>\n<meta name=\"twitter:label1\" content=\"Tempo estimado de leitura\" \/>\n\t<meta name=\"twitter:data1\" content=\"1 minuto\" \/>\n<script type=\"application\/ld+json\" class=\"yoast-schema-graph\">{\"@context\":\"https:\/\/schema.org\",\"@graph\":[{\"@type\":\"Organization\",\"@id\":\"https:\/\/newgo.eu\/#organization\",\"name\":\"Newgo Soluciones de Seguridad e Identificacion SL\",\"url\":\"https:\/\/newgo.eu\/\",\"sameAs\":[],\"logo\":{\"@type\":\"ImageObject\",\"@id\":\"https:\/\/newgo.eu\/#logo\",\"inLanguage\":\"pt-PT\",\"url\":\"https:\/\/newgo.eu\/wp-content\/uploads\/2019\/12\/NG_color-sin-fondo-blanco.png\",\"contentUrl\":\"https:\/\/newgo.eu\/wp-content\/uploads\/2019\/12\/NG_color-sin-fondo-blanco.png\",\"width\":1200,\"height\":223,\"caption\":\"Newgo Soluciones de Seguridad e Identificacion SL\"},\"image\":{\"@id\":\"https:\/\/newgo.eu\/#logo\"}},{\"@type\":\"WebSite\",\"@id\":\"https:\/\/newgo.eu\/#website\",\"url\":\"https:\/\/newgo.eu\/\",\"name\":\"NewGO\",\"description\":\"Selos, Sacos e Eqtiquetas de Seguran\u00e7a | Solu\u00e7\u00f5es de Seguran\u00e7a\",\"publisher\":{\"@id\":\"https:\/\/newgo.eu\/#organization\"},\"potentialAction\":[{\"@type\":\"SearchAction\",\"target\":{\"@type\":\"EntryPoint\",\"urlTemplate\":\"https:\/\/newgo.eu\/?s={search_term_string}\"},\"query-input\":\"required name=search_term_string\"}],\"inLanguage\":\"pt-PT\"},{\"@type\":\"ImageObject\",\"@id\":\"https:\/\/newgo.eu\/pt-pt\/prod\/aggah\/#primaryimage\",\"inLanguage\":\"pt-PT\",\"url\":\"https:\/\/newgo.eu\/wp-content\/uploads\/2019\/11\/Aggah-Selo-Biodegradavel.jpg\",\"contentUrl\":\"https:\/\/newgo.eu\/wp-content\/uploads\/2019\/11\/Aggah-Selo-Biodegradavel.jpg\",\"width\":1024,\"height\":682},{\"@type\":\"WebPage\",\"@id\":\"https:\/\/newgo.eu\/pt-pt\/prod\/aggah\/#webpage\",\"url\":\"https:\/\/newgo.eu\/pt-pt\/prod\/aggah\/\",\"name\":\"AGGAH - NewGO\",\"isPartOf\":{\"@id\":\"https:\/\/newgo.eu\/#website\"},\"primaryImageOfPage\":{\"@id\":\"https:\/\/newgo.eu\/pt-pt\/prod\/aggah\/#primaryimage\"},\"datePublished\":\"2019-11-04T12:26:45+00:00\",\"dateModified\":\"2020-11-04T11:55:15+00:00\",\"breadcrumb\":{\"@id\":\"https:\/\/newgo.eu\/pt-pt\/prod\/aggah\/#breadcrumb\"},\"inLanguage\":\"pt-PT\",\"potentialAction\":[{\"@type\":\"ReadAction\",\"target\":[\"https:\/\/newgo.eu\/pt-pt\/prod\/aggah\/\"]}]},{\"@type\":\"BreadcrumbList\",\"@id\":\"https:\/\/newgo.eu\/pt-pt\/prod\/aggah\/#breadcrumb\",\"itemListElement\":[{\"@type\":\"ListItem\",\"position\":1,\"name\":\"Portada\",\"item\":\"https:\/\/newgo.eu\/pt-pt\/\"},{\"@type\":\"ListItem\",\"position\":2,\"name\":\"Selos\",\"item\":\"https:\/\/newgo.eu\/pt-pt\/selos\/\"},{\"@type\":\"ListItem\",\"position\":3,\"name\":\"AGGAH\"}]}]}<\/script>\n<!-- \/ Yoast SEO plugin. -->","yoast_head_json":{"title":"AGGAH - NewGO","robots":{"index":"index","follow":"follow","max-snippet":"max-snippet:-1","max-image-preview":"max-image-preview:large","max-video-preview":"max-video-preview:-1"},"canonical":"https:\/\/newgo.eu\/pt-pt\/prod\/aggah\/","og_locale":"pt_PT","og_type":"article","og_title":"AGGAH - NewGO","og_description":"Selo de Seguran\u00e7a Pl\u00e1stico  \u00a0BIODEGRAD\u00c1VEL\u00a0","og_url":"https:\/\/newgo.eu\/pt-pt\/prod\/aggah\/","og_site_name":"NewGO","article_modified_time":"2020-11-04T11:55:15+00:00","og_image":[{"width":1024,"height":682,"url":"https:\/\/newgo.eu\/wp-content\/uploads\/2019\/11\/Aggah-Selo-Biodegradavel.jpg","type":"image\/jpeg"}],"twitter_card":"summary_large_image","twitter_misc":{"Tempo estimado de leitura":"1 minuto"},"schema":{"@context":"https:\/\/schema.org","@graph":[{"@type":"Organization","@id":"https:\/\/newgo.eu\/#organization","name":"Newgo Soluciones de Seguridad e Identificacion SL","url":"https:\/\/newgo.eu\/","sameAs":[],"logo":{"@type":"ImageObject","@id":"https:\/\/newgo.eu\/#logo","inLanguage":"pt-PT","url":"https:\/\/newgo.eu\/wp-content\/uploads\/2019\/12\/NG_color-sin-fondo-blanco.png","contentUrl":"https:\/\/newgo.eu\/wp-content\/uploads\/2019\/12\/NG_color-sin-fondo-blanco.png","width":1200,"height":223,"caption":"Newgo Soluciones de Seguridad e Identificacion SL"},"image":{"@id":"https:\/\/newgo.eu\/#logo"}},{"@type":"WebSite","@id":"https:\/\/newgo.eu\/#website","url":"https:\/\/newgo.eu\/","name":"NewGO","description":"Selos, Sacos e Eqtiquetas de Seguran\u00e7a | Solu\u00e7\u00f5es de Seguran\u00e7a","publisher":{"@id":"https:\/\/newgo.eu\/#organization"},"potentialAction":[{"@type":"SearchAction","target":{"@type":"EntryPoint","urlTemplate":"https:\/\/newgo.eu\/?s={search_term_string}"},"query-input":"required name=search_term_string"}],"inLanguage":"pt-PT"},{"@type":"ImageObject","@id":"https:\/\/newgo.eu\/pt-pt\/prod\/aggah\/#primaryimage","inLanguage":"pt-PT","url":"https:\/\/newgo.eu\/wp-content\/uploads\/2019\/11\/Aggah-Selo-Biodegradavel.jpg","contentUrl":"https:\/\/newgo.eu\/wp-content\/uploads\/2019\/11\/Aggah-Selo-Biodegradavel.jpg","width":1024,"height":682},{"@type":"WebPage","@id":"https:\/\/newgo.eu\/pt-pt\/prod\/aggah\/#webpage","url":"https:\/\/newgo.eu\/pt-pt\/prod\/aggah\/","name":"AGGAH - NewGO","isPartOf":{"@id":"https:\/\/newgo.eu\/#website"},"primaryImageOfPage":{"@id":"https:\/\/newgo.eu\/pt-pt\/prod\/aggah\/#primaryimage"},"datePublished":"2019-11-04T12:26:45+00:00","dateModified":"2020-11-04T11:55:15+00:00","breadcrumb":{"@id":"https:\/\/newgo.eu\/pt-pt\/prod\/aggah\/#breadcrumb"},"inLanguage":"pt-PT","potentialAction":[{"@type":"ReadAction","target":["https:\/\/newgo.eu\/pt-pt\/prod\/aggah\/"]}]},{"@type":"BreadcrumbList","@id":"https:\/\/newgo.eu\/pt-pt\/prod\/aggah\/#breadcrumb","itemListElement":[{"@type":"ListItem","position":1,"name":"Portada","item":"https:\/\/newgo.eu\/pt-pt\/"},{"@type":"ListItem","position":2,"name":"Selos","item":"https:\/\/newgo.eu\/pt-pt\/selos\/"},{"@type":"ListItem","position":3,"name":"AGGAH"}]}]}},"_links":{"self":[{"href":"https:\/\/newgo.eu\/pt-pt\/wp-json\/wp\/v2\/product\/2050"}],"collection":[{"href":"https:\/\/newgo.eu\/pt-pt\/wp-json\/wp\/v2\/product"}],"about":[{"href":"https:\/\/newgo.eu\/pt-pt\/wp-json\/wp\/v2\/types\/product"}],"wp:featuredmedia":[{"embeddable":true,"href":"https:\/\/newgo.eu\/pt-pt\/wp-json\/wp\/v2\/media\/4695"}],"wp:attachment":[{"href":"https:\/\/newgo.eu\/pt-pt\/wp-json\/wp\/v2\/media?parent=2050"}],"wp:term":[{"taxonomy":"product_cat","embeddable":true,"href":"https:\/\/newgo.eu\/pt-pt\/wp-json\/wp\/v2\/product_cat?post=2050"},{"taxonomy":"product_tag","embeddable":true,"href":"https:\/\/newgo.eu\/pt-pt\/wp-json\/wp\/v2\/product_tag?post=2050"}],"curies":[{"name":"wp","href":"https:\/\/api.w.org\/{rel}","templated":true}]}}