{"id":2055,"date":"2019-11-04T12:26:45","date_gmt":"2019-11-04T12:26:45","guid":{"rendered":"https:\/\/newgo.eu\/prod\/flagxxagus\/"},"modified":"2019-11-04T12:27:11","modified_gmt":"2019-11-04T12:27:11","slug":"flagxxagus","status":"publish","type":"product","link":"https:\/\/newgo.eu\/pt-pt\/prod\/flagxxagus\/","title":{"rendered":"FLAGXXAGUS"},"content":{"rendered":"<p>O FLAGXXAGUS \u00e9 o uma evolu\u00e7\u00e3o do nosso produto de entrada nos selos de seguran\u00e7a tipo barreira (EXXAGUS), oferecendo uma pala de adicional que permite a grava\u00e7\u00e3o de c\u00f3digos de barras de grandes dimens\u00f5es ou informa\u00e7\u00e3o adicional em texto.. Com um cabo de a\u00e7o galvanizado n\u00e3opreformado de 1,8mm de espessura e uma resist\u00eancia media superior a 200kg, o FLAGXXAGUS tem o seu mecanismo de fecho protegido por um revestimento em ABS de Alto-Impacto. O cabo de a\u00e7o do FLAGXXAGUS espalha-se depois de cortado tornando imposs\u00edvel a sua recoloca\u00e7\u00e3o no selo, pelo que fica claramente demostrada qualquer tentativa de manipula\u00e7\u00e3o.<br \/>\nO FLAGXXAGUS necessita de um alicate de corte de dimens\u00f5es apropriadas para ser removido.<\/p>\n","protected":false},"excerpt":{"rendered":"<p>Selo de Seguran\u00e7a Metal<\/p>\n","protected":false},"featured_media":1732,"template":"","meta":{"inline_featured_image":false},"product_cat":[481,479,477,486,476,480,482,474],"product_tag":[710],"acf":[],"yoast_head":"<!-- This site is optimized with the Yoast SEO plugin v18.2 - https:\/\/yoast.com\/wordpress\/plugins\/seo\/ -->\n<title>FLAGXXAGUS - NewGO<\/title>\n<meta name=\"robots\" content=\"index, follow, max-snippet:-1, max-image-preview:large, max-video-preview:-1\" \/>\n<link rel=\"canonical\" href=\"https:\/\/newgo.eu\/pt-pt\/prod\/flagxxagus\/\" \/>\n<meta property=\"og:locale\" content=\"pt_PT\" \/>\n<meta property=\"og:type\" content=\"article\" \/>\n<meta property=\"og:title\" content=\"FLAGXXAGUS - NewGO\" \/>\n<meta property=\"og:description\" content=\"Selo de Seguran\u00e7a Metal\" \/>\n<meta property=\"og:url\" content=\"https:\/\/newgo.eu\/pt-pt\/prod\/flagxxagus\/\" \/>\n<meta property=\"og:site_name\" content=\"NewGO\" \/>\n<meta property=\"article:modified_time\" content=\"2019-11-04T12:27:11+00:00\" \/>\n<meta property=\"og:image\" content=\"https:\/\/newgo.eu\/wp-content\/uploads\/2019\/10\/flaxxgus-selo-personalizado.jpg\" \/>\n\t<meta property=\"og:image:width\" content=\"1024\" \/>\n\t<meta property=\"og:image:height\" content=\"682\" \/>\n\t<meta property=\"og:image:type\" content=\"image\/jpeg\" \/>\n<meta name=\"twitter:card\" content=\"summary_large_image\" \/>\n<meta name=\"twitter:label1\" content=\"Tempo estimado de leitura\" \/>\n\t<meta name=\"twitter:data1\" content=\"1 minuto\" \/>\n<script type=\"application\/ld+json\" class=\"yoast-schema-graph\">{\"@context\":\"https:\/\/schema.org\",\"@graph\":[{\"@type\":\"Organization\",\"@id\":\"https:\/\/newgo.eu\/#organization\",\"name\":\"Newgo Soluciones de Seguridad e Identificacion SL\",\"url\":\"https:\/\/newgo.eu\/\",\"sameAs\":[],\"logo\":{\"@type\":\"ImageObject\",\"@id\":\"https:\/\/newgo.eu\/#logo\",\"inLanguage\":\"pt-PT\",\"url\":\"https:\/\/newgo.eu\/wp-content\/uploads\/2019\/12\/NG_color-sin-fondo-blanco.png\",\"contentUrl\":\"https:\/\/newgo.eu\/wp-content\/uploads\/2019\/12\/NG_color-sin-fondo-blanco.png\",\"width\":1200,\"height\":223,\"caption\":\"Newgo Soluciones de Seguridad e Identificacion SL\"},\"image\":{\"@id\":\"https:\/\/newgo.eu\/#logo\"}},{\"@type\":\"WebSite\",\"@id\":\"https:\/\/newgo.eu\/#website\",\"url\":\"https:\/\/newgo.eu\/\",\"name\":\"NewGO\",\"description\":\"Selos, Sacos e Eqtiquetas de Seguran\u00e7a | Solu\u00e7\u00f5es de Seguran\u00e7a\",\"publisher\":{\"@id\":\"https:\/\/newgo.eu\/#organization\"},\"potentialAction\":[{\"@type\":\"SearchAction\",\"target\":{\"@type\":\"EntryPoint\",\"urlTemplate\":\"https:\/\/newgo.eu\/?s={search_term_string}\"},\"query-input\":\"required name=search_term_string\"}],\"inLanguage\":\"pt-PT\"},{\"@type\":\"ImageObject\",\"@id\":\"https:\/\/newgo.eu\/pt-pt\/prod\/flagxxagus\/#primaryimage\",\"inLanguage\":\"pt-PT\",\"url\":\"https:\/\/newgo.eu\/wp-content\/uploads\/2019\/10\/flaxxgus-selo-personalizado.jpg\",\"contentUrl\":\"https:\/\/newgo.eu\/wp-content\/uploads\/2019\/10\/flaxxgus-selo-personalizado.jpg\",\"width\":1024,\"height\":682},{\"@type\":\"WebPage\",\"@id\":\"https:\/\/newgo.eu\/pt-pt\/prod\/flagxxagus\/#webpage\",\"url\":\"https:\/\/newgo.eu\/pt-pt\/prod\/flagxxagus\/\",\"name\":\"FLAGXXAGUS - NewGO\",\"isPartOf\":{\"@id\":\"https:\/\/newgo.eu\/#website\"},\"primaryImageOfPage\":{\"@id\":\"https:\/\/newgo.eu\/pt-pt\/prod\/flagxxagus\/#primaryimage\"},\"datePublished\":\"2019-11-04T12:26:45+00:00\",\"dateModified\":\"2019-11-04T12:27:11+00:00\",\"breadcrumb\":{\"@id\":\"https:\/\/newgo.eu\/pt-pt\/prod\/flagxxagus\/#breadcrumb\"},\"inLanguage\":\"pt-PT\",\"potentialAction\":[{\"@type\":\"ReadAction\",\"target\":[\"https:\/\/newgo.eu\/pt-pt\/prod\/flagxxagus\/\"]}]},{\"@type\":\"BreadcrumbList\",\"@id\":\"https:\/\/newgo.eu\/pt-pt\/prod\/flagxxagus\/#breadcrumb\",\"itemListElement\":[{\"@type\":\"ListItem\",\"position\":1,\"name\":\"Portada\",\"item\":\"https:\/\/newgo.eu\/pt-pt\/\"},{\"@type\":\"ListItem\",\"position\":2,\"name\":\"Selos\",\"item\":\"https:\/\/newgo.eu\/pt-pt\/selos\/\"},{\"@type\":\"ListItem\",\"position\":3,\"name\":\"FLAGXXAGUS\"}]}]}<\/script>\n<!-- \/ Yoast SEO plugin. -->","yoast_head_json":{"title":"FLAGXXAGUS - NewGO","robots":{"index":"index","follow":"follow","max-snippet":"max-snippet:-1","max-image-preview":"max-image-preview:large","max-video-preview":"max-video-preview:-1"},"canonical":"https:\/\/newgo.eu\/pt-pt\/prod\/flagxxagus\/","og_locale":"pt_PT","og_type":"article","og_title":"FLAGXXAGUS - NewGO","og_description":"Selo de Seguran\u00e7a Metal","og_url":"https:\/\/newgo.eu\/pt-pt\/prod\/flagxxagus\/","og_site_name":"NewGO","article_modified_time":"2019-11-04T12:27:11+00:00","og_image":[{"width":1024,"height":682,"url":"https:\/\/newgo.eu\/wp-content\/uploads\/2019\/10\/flaxxgus-selo-personalizado.jpg","type":"image\/jpeg"}],"twitter_card":"summary_large_image","twitter_misc":{"Tempo estimado de leitura":"1 minuto"},"schema":{"@context":"https:\/\/schema.org","@graph":[{"@type":"Organization","@id":"https:\/\/newgo.eu\/#organization","name":"Newgo Soluciones de Seguridad e Identificacion SL","url":"https:\/\/newgo.eu\/","sameAs":[],"logo":{"@type":"ImageObject","@id":"https:\/\/newgo.eu\/#logo","inLanguage":"pt-PT","url":"https:\/\/newgo.eu\/wp-content\/uploads\/2019\/12\/NG_color-sin-fondo-blanco.png","contentUrl":"https:\/\/newgo.eu\/wp-content\/uploads\/2019\/12\/NG_color-sin-fondo-blanco.png","width":1200,"height":223,"caption":"Newgo Soluciones de Seguridad e Identificacion SL"},"image":{"@id":"https:\/\/newgo.eu\/#logo"}},{"@type":"WebSite","@id":"https:\/\/newgo.eu\/#website","url":"https:\/\/newgo.eu\/","name":"NewGO","description":"Selos, Sacos e Eqtiquetas de Seguran\u00e7a | Solu\u00e7\u00f5es de Seguran\u00e7a","publisher":{"@id":"https:\/\/newgo.eu\/#organization"},"potentialAction":[{"@type":"SearchAction","target":{"@type":"EntryPoint","urlTemplate":"https:\/\/newgo.eu\/?s={search_term_string}"},"query-input":"required name=search_term_string"}],"inLanguage":"pt-PT"},{"@type":"ImageObject","@id":"https:\/\/newgo.eu\/pt-pt\/prod\/flagxxagus\/#primaryimage","inLanguage":"pt-PT","url":"https:\/\/newgo.eu\/wp-content\/uploads\/2019\/10\/flaxxgus-selo-personalizado.jpg","contentUrl":"https:\/\/newgo.eu\/wp-content\/uploads\/2019\/10\/flaxxgus-selo-personalizado.jpg","width":1024,"height":682},{"@type":"WebPage","@id":"https:\/\/newgo.eu\/pt-pt\/prod\/flagxxagus\/#webpage","url":"https:\/\/newgo.eu\/pt-pt\/prod\/flagxxagus\/","name":"FLAGXXAGUS - NewGO","isPartOf":{"@id":"https:\/\/newgo.eu\/#website"},"primaryImageOfPage":{"@id":"https:\/\/newgo.eu\/pt-pt\/prod\/flagxxagus\/#primaryimage"},"datePublished":"2019-11-04T12:26:45+00:00","dateModified":"2019-11-04T12:27:11+00:00","breadcrumb":{"@id":"https:\/\/newgo.eu\/pt-pt\/prod\/flagxxagus\/#breadcrumb"},"inLanguage":"pt-PT","potentialAction":[{"@type":"ReadAction","target":["https:\/\/newgo.eu\/pt-pt\/prod\/flagxxagus\/"]}]},{"@type":"BreadcrumbList","@id":"https:\/\/newgo.eu\/pt-pt\/prod\/flagxxagus\/#breadcrumb","itemListElement":[{"@type":"ListItem","position":1,"name":"Portada","item":"https:\/\/newgo.eu\/pt-pt\/"},{"@type":"ListItem","position":2,"name":"Selos","item":"https:\/\/newgo.eu\/pt-pt\/selos\/"},{"@type":"ListItem","position":3,"name":"FLAGXXAGUS"}]}]}},"_links":{"self":[{"href":"https:\/\/newgo.eu\/pt-pt\/wp-json\/wp\/v2\/product\/2055"}],"collection":[{"href":"https:\/\/newgo.eu\/pt-pt\/wp-json\/wp\/v2\/product"}],"about":[{"href":"https:\/\/newgo.eu\/pt-pt\/wp-json\/wp\/v2\/types\/product"}],"wp:featuredmedia":[{"embeddable":true,"href":"https:\/\/newgo.eu\/pt-pt\/wp-json\/wp\/v2\/media\/1732"}],"wp:attachment":[{"href":"https:\/\/newgo.eu\/pt-pt\/wp-json\/wp\/v2\/media?parent=2055"}],"wp:term":[{"taxonomy":"product_cat","embeddable":true,"href":"https:\/\/newgo.eu\/pt-pt\/wp-json\/wp\/v2\/product_cat?post=2055"},{"taxonomy":"product_tag","embeddable":true,"href":"https:\/\/newgo.eu\/pt-pt\/wp-json\/wp\/v2\/product_tag?post=2055"}],"curies":[{"name":"wp","href":"https:\/\/api.w.org\/{rel}","templated":true}]}}