{"id":2061,"date":"2019-11-04T12:26:45","date_gmt":"2019-11-04T12:26:45","guid":{"rendered":"https:\/\/newgo.eu\/prod\/maxxus\/"},"modified":"2019-11-04T12:27:39","modified_gmt":"2019-11-04T12:27:39","slug":"maxxus","status":"publish","type":"product","link":"https:\/\/newgo.eu\/pt-pt\/prod\/maxxus\/","title":{"rendered":"MAXXUS"},"content":{"rendered":"<p>O MAXXUS \u00e9 um Selo de Alta Seguran\u00e7a para contentores certificado ISO17712- 2013 norma C-TPAT. O pino e o corpo do selo, totalmente protegidos em ABS resistente ao impacto, s\u00e3o fornecidos num par marcado a laser indel\u00e9vel, com a numera\u00e7\u00e3o sequencial e\/ou c\u00f3digo de barras a ser gravada nas duas partes para seguran\u00e7a adicional e o nome do cliente no corpo do selo.<br \/>\nOferecendo uma resist\u00eancia \u00e0 trac\u00e7\u00e3o superior a 1.500 Kgs, o MAXXUS disp\u00f5e de um sistema anti rotativo impossibilitando as tentativas de viola\u00e7\u00e3o por rota\u00e7\u00e3o de alta-velocidade O selo traz ainda em relevo a grava\u00e7\u00e3o \u201cH\u201d identificativa de High Security Seal.<br \/>\nO seu embalamento, em c\u00f3modos blisters protegidos de 10 unidades, simplifica a opera\u00e7\u00e3o dos nossos clientes facilitando a sua retirada, distribui\u00e7\u00e3o e controle das numera\u00e7\u00f5es utilizadas pelos operadores dos centros log\u00edsticos.<br \/>\nO MAXXUS \u00e9 assim o nosso topo de gama para a selagem de contentores de transportes terrestres ou mar\u00edtimos.<\/p>\n","protected":false},"excerpt":{"rendered":"<p>Selo de Seguran\u00e7a Metal<\/p>\n","protected":false},"featured_media":1994,"template":"","meta":{"inline_featured_image":false},"product_cat":[477],"product_tag":[710],"acf":[],"yoast_head":"<!-- This site is optimized with the Yoast SEO plugin v18.2 - https:\/\/yoast.com\/wordpress\/plugins\/seo\/ -->\n<title>MAXXUS - NewGO<\/title>\n<meta name=\"robots\" content=\"index, follow, max-snippet:-1, max-image-preview:large, max-video-preview:-1\" \/>\n<link rel=\"canonical\" href=\"https:\/\/newgo.eu\/pt-pt\/prod\/maxxus\/\" \/>\n<meta property=\"og:locale\" content=\"pt_PT\" \/>\n<meta property=\"og:type\" content=\"article\" \/>\n<meta property=\"og:title\" content=\"MAXXUS - NewGO\" \/>\n<meta property=\"og:description\" content=\"Selo de Seguran\u00e7a Metal\" \/>\n<meta property=\"og:url\" content=\"https:\/\/newgo.eu\/pt-pt\/prod\/maxxus\/\" \/>\n<meta property=\"og:site_name\" content=\"NewGO\" \/>\n<meta property=\"article:modified_time\" content=\"2019-11-04T12:27:39+00:00\" \/>\n<meta property=\"og:image\" content=\"https:\/\/newgo.eu\/wp-content\/uploads\/2019\/11\/Selo-alta-seguran\u00e7a-MAXXUS.jpg\" \/>\n\t<meta property=\"og:image:width\" content=\"1024\" \/>\n\t<meta property=\"og:image:height\" content=\"682\" \/>\n\t<meta property=\"og:image:type\" content=\"image\/jpeg\" \/>\n<meta name=\"twitter:card\" content=\"summary_large_image\" \/>\n<meta name=\"twitter:label1\" content=\"Tempo estimado de leitura\" \/>\n\t<meta name=\"twitter:data1\" content=\"1 minuto\" \/>\n<script type=\"application\/ld+json\" class=\"yoast-schema-graph\">{\"@context\":\"https:\/\/schema.org\",\"@graph\":[{\"@type\":\"Organization\",\"@id\":\"https:\/\/newgo.eu\/#organization\",\"name\":\"Newgo Soluciones de Seguridad e Identificacion SL\",\"url\":\"https:\/\/newgo.eu\/\",\"sameAs\":[],\"logo\":{\"@type\":\"ImageObject\",\"@id\":\"https:\/\/newgo.eu\/#logo\",\"inLanguage\":\"pt-PT\",\"url\":\"https:\/\/newgo.eu\/wp-content\/uploads\/2019\/12\/NG_color-sin-fondo-blanco.png\",\"contentUrl\":\"https:\/\/newgo.eu\/wp-content\/uploads\/2019\/12\/NG_color-sin-fondo-blanco.png\",\"width\":1200,\"height\":223,\"caption\":\"Newgo Soluciones de Seguridad e Identificacion SL\"},\"image\":{\"@id\":\"https:\/\/newgo.eu\/#logo\"}},{\"@type\":\"WebSite\",\"@id\":\"https:\/\/newgo.eu\/#website\",\"url\":\"https:\/\/newgo.eu\/\",\"name\":\"NewGO\",\"description\":\"Selos, Sacos e Eqtiquetas de Seguran\u00e7a | Solu\u00e7\u00f5es de Seguran\u00e7a\",\"publisher\":{\"@id\":\"https:\/\/newgo.eu\/#organization\"},\"potentialAction\":[{\"@type\":\"SearchAction\",\"target\":{\"@type\":\"EntryPoint\",\"urlTemplate\":\"https:\/\/newgo.eu\/?s={search_term_string}\"},\"query-input\":\"required name=search_term_string\"}],\"inLanguage\":\"pt-PT\"},{\"@type\":\"ImageObject\",\"@id\":\"https:\/\/newgo.eu\/pt-pt\/prod\/maxxus\/#primaryimage\",\"inLanguage\":\"pt-PT\",\"url\":\"https:\/\/newgo.eu\/wp-content\/uploads\/2019\/11\/Selo-alta-seguran\u00e7a-MAXXUS.jpg\",\"contentUrl\":\"https:\/\/newgo.eu\/wp-content\/uploads\/2019\/11\/Selo-alta-seguran\u00e7a-MAXXUS.jpg\",\"width\":1024,\"height\":682,\"caption\":\"Selo alta seguran\u00e7a MAXXUS\"},{\"@type\":\"WebPage\",\"@id\":\"https:\/\/newgo.eu\/pt-pt\/prod\/maxxus\/#webpage\",\"url\":\"https:\/\/newgo.eu\/pt-pt\/prod\/maxxus\/\",\"name\":\"MAXXUS - NewGO\",\"isPartOf\":{\"@id\":\"https:\/\/newgo.eu\/#website\"},\"primaryImageOfPage\":{\"@id\":\"https:\/\/newgo.eu\/pt-pt\/prod\/maxxus\/#primaryimage\"},\"datePublished\":\"2019-11-04T12:26:45+00:00\",\"dateModified\":\"2019-11-04T12:27:39+00:00\",\"breadcrumb\":{\"@id\":\"https:\/\/newgo.eu\/pt-pt\/prod\/maxxus\/#breadcrumb\"},\"inLanguage\":\"pt-PT\",\"potentialAction\":[{\"@type\":\"ReadAction\",\"target\":[\"https:\/\/newgo.eu\/pt-pt\/prod\/maxxus\/\"]}]},{\"@type\":\"BreadcrumbList\",\"@id\":\"https:\/\/newgo.eu\/pt-pt\/prod\/maxxus\/#breadcrumb\",\"itemListElement\":[{\"@type\":\"ListItem\",\"position\":1,\"name\":\"Portada\",\"item\":\"https:\/\/newgo.eu\/pt-pt\/\"},{\"@type\":\"ListItem\",\"position\":2,\"name\":\"Selos\",\"item\":\"https:\/\/newgo.eu\/pt-pt\/selos\/\"},{\"@type\":\"ListItem\",\"position\":3,\"name\":\"MAXXUS\"}]}]}<\/script>\n<!-- \/ Yoast SEO plugin. -->","yoast_head_json":{"title":"MAXXUS - NewGO","robots":{"index":"index","follow":"follow","max-snippet":"max-snippet:-1","max-image-preview":"max-image-preview:large","max-video-preview":"max-video-preview:-1"},"canonical":"https:\/\/newgo.eu\/pt-pt\/prod\/maxxus\/","og_locale":"pt_PT","og_type":"article","og_title":"MAXXUS - NewGO","og_description":"Selo de Seguran\u00e7a Metal","og_url":"https:\/\/newgo.eu\/pt-pt\/prod\/maxxus\/","og_site_name":"NewGO","article_modified_time":"2019-11-04T12:27:39+00:00","og_image":[{"width":1024,"height":682,"url":"https:\/\/newgo.eu\/wp-content\/uploads\/2019\/11\/Selo-alta-seguran\u00e7a-MAXXUS.jpg","type":"image\/jpeg"}],"twitter_card":"summary_large_image","twitter_misc":{"Tempo estimado de leitura":"1 minuto"},"schema":{"@context":"https:\/\/schema.org","@graph":[{"@type":"Organization","@id":"https:\/\/newgo.eu\/#organization","name":"Newgo Soluciones de Seguridad e Identificacion SL","url":"https:\/\/newgo.eu\/","sameAs":[],"logo":{"@type":"ImageObject","@id":"https:\/\/newgo.eu\/#logo","inLanguage":"pt-PT","url":"https:\/\/newgo.eu\/wp-content\/uploads\/2019\/12\/NG_color-sin-fondo-blanco.png","contentUrl":"https:\/\/newgo.eu\/wp-content\/uploads\/2019\/12\/NG_color-sin-fondo-blanco.png","width":1200,"height":223,"caption":"Newgo Soluciones de Seguridad e Identificacion SL"},"image":{"@id":"https:\/\/newgo.eu\/#logo"}},{"@type":"WebSite","@id":"https:\/\/newgo.eu\/#website","url":"https:\/\/newgo.eu\/","name":"NewGO","description":"Selos, Sacos e Eqtiquetas de Seguran\u00e7a | Solu\u00e7\u00f5es de Seguran\u00e7a","publisher":{"@id":"https:\/\/newgo.eu\/#organization"},"potentialAction":[{"@type":"SearchAction","target":{"@type":"EntryPoint","urlTemplate":"https:\/\/newgo.eu\/?s={search_term_string}"},"query-input":"required name=search_term_string"}],"inLanguage":"pt-PT"},{"@type":"ImageObject","@id":"https:\/\/newgo.eu\/pt-pt\/prod\/maxxus\/#primaryimage","inLanguage":"pt-PT","url":"https:\/\/newgo.eu\/wp-content\/uploads\/2019\/11\/Selo-alta-seguran\u00e7a-MAXXUS.jpg","contentUrl":"https:\/\/newgo.eu\/wp-content\/uploads\/2019\/11\/Selo-alta-seguran\u00e7a-MAXXUS.jpg","width":1024,"height":682,"caption":"Selo alta seguran\u00e7a MAXXUS"},{"@type":"WebPage","@id":"https:\/\/newgo.eu\/pt-pt\/prod\/maxxus\/#webpage","url":"https:\/\/newgo.eu\/pt-pt\/prod\/maxxus\/","name":"MAXXUS - NewGO","isPartOf":{"@id":"https:\/\/newgo.eu\/#website"},"primaryImageOfPage":{"@id":"https:\/\/newgo.eu\/pt-pt\/prod\/maxxus\/#primaryimage"},"datePublished":"2019-11-04T12:26:45+00:00","dateModified":"2019-11-04T12:27:39+00:00","breadcrumb":{"@id":"https:\/\/newgo.eu\/pt-pt\/prod\/maxxus\/#breadcrumb"},"inLanguage":"pt-PT","potentialAction":[{"@type":"ReadAction","target":["https:\/\/newgo.eu\/pt-pt\/prod\/maxxus\/"]}]},{"@type":"BreadcrumbList","@id":"https:\/\/newgo.eu\/pt-pt\/prod\/maxxus\/#breadcrumb","itemListElement":[{"@type":"ListItem","position":1,"name":"Portada","item":"https:\/\/newgo.eu\/pt-pt\/"},{"@type":"ListItem","position":2,"name":"Selos","item":"https:\/\/newgo.eu\/pt-pt\/selos\/"},{"@type":"ListItem","position":3,"name":"MAXXUS"}]}]}},"_links":{"self":[{"href":"https:\/\/newgo.eu\/pt-pt\/wp-json\/wp\/v2\/product\/2061"}],"collection":[{"href":"https:\/\/newgo.eu\/pt-pt\/wp-json\/wp\/v2\/product"}],"about":[{"href":"https:\/\/newgo.eu\/pt-pt\/wp-json\/wp\/v2\/types\/product"}],"wp:featuredmedia":[{"embeddable":true,"href":"https:\/\/newgo.eu\/pt-pt\/wp-json\/wp\/v2\/media\/1994"}],"wp:attachment":[{"href":"https:\/\/newgo.eu\/pt-pt\/wp-json\/wp\/v2\/media?parent=2061"}],"wp:term":[{"taxonomy":"product_cat","embeddable":true,"href":"https:\/\/newgo.eu\/pt-pt\/wp-json\/wp\/v2\/product_cat?post=2061"},{"taxonomy":"product_tag","embeddable":true,"href":"https:\/\/newgo.eu\/pt-pt\/wp-json\/wp\/v2\/product_tag?post=2061"}],"curies":[{"name":"wp","href":"https:\/\/api.w.org\/{rel}","templated":true}]}}