{"id":2062,"date":"2019-11-04T12:26:45","date_gmt":"2019-11-04T12:26:45","guid":{"rendered":"https:\/\/newgo.eu\/prod\/mittik\/"},"modified":"2020-04-03T15:02:18","modified_gmt":"2020-04-03T15:02:18","slug":"mittik","status":"publish","type":"product","link":"https:\/\/newgo.eu\/pt-pt\/prod\/mittik\/","title":{"rendered":"MITTIK"},"content":{"rendered":"<p>O MITTIK \u00e9 o nosso selo utilit\u00e1rio indicativo de cauda ultrafina. A cauda de apenas 1,6mm de espessura permite a sua utiliza\u00e7\u00e3o em qualquer suporte. O MITTIK tem um sistema de fecho por inserto met\u00e1lico garantindo-lhe assim uma eficaz prova de manipula\u00e7\u00e3o. N\u00e3o tendo uma pala, o MITTIK pode ser gravado na tampa branca da camara de seguran\u00e7a.<\/p>\n","protected":false},"excerpt":{"rendered":"<p>Selo de Seguran\u00e7a Pl\u00e1stico<\/p>\n","protected":false},"featured_media":2812,"template":"","meta":{"inline_featured_image":false},"product_cat":[485,484,479,487,486,476,482,474],"product_tag":[651],"acf":[],"yoast_head":"<!-- This site is optimized with the Yoast SEO plugin v18.2 - https:\/\/yoast.com\/wordpress\/plugins\/seo\/ -->\n<title>MITTIK - NewGO<\/title>\n<meta name=\"robots\" content=\"index, follow, max-snippet:-1, max-image-preview:large, max-video-preview:-1\" \/>\n<link rel=\"canonical\" href=\"https:\/\/newgo.eu\/pt-pt\/prod\/mittik\/\" \/>\n<meta property=\"og:locale\" content=\"pt_PT\" \/>\n<meta property=\"og:type\" content=\"article\" \/>\n<meta property=\"og:title\" content=\"MITTIK - NewGO\" \/>\n<meta property=\"og:description\" content=\"Selo de Seguran\u00e7a Pl\u00e1stico\" \/>\n<meta property=\"og:url\" content=\"https:\/\/newgo.eu\/pt-pt\/prod\/mittik\/\" \/>\n<meta property=\"og:site_name\" content=\"NewGO\" \/>\n<meta property=\"article:modified_time\" content=\"2020-04-03T15:02:18+00:00\" \/>\n<meta property=\"og:image\" content=\"https:\/\/newgo.eu\/wp-content\/uploads\/2019\/11\/Selos-indicativo-azul.jpg\" \/>\n\t<meta property=\"og:image:width\" content=\"1280\" \/>\n\t<meta property=\"og:image:height\" content=\"853\" \/>\n\t<meta property=\"og:image:type\" content=\"image\/jpeg\" \/>\n<meta name=\"twitter:card\" content=\"summary_large_image\" \/>\n<script type=\"application\/ld+json\" class=\"yoast-schema-graph\">{\"@context\":\"https:\/\/schema.org\",\"@graph\":[{\"@type\":\"Organization\",\"@id\":\"https:\/\/newgo.eu\/#organization\",\"name\":\"Newgo Soluciones de Seguridad e Identificacion SL\",\"url\":\"https:\/\/newgo.eu\/\",\"sameAs\":[],\"logo\":{\"@type\":\"ImageObject\",\"@id\":\"https:\/\/newgo.eu\/#logo\",\"inLanguage\":\"pt-PT\",\"url\":\"https:\/\/newgo.eu\/wp-content\/uploads\/2019\/12\/NG_color-sin-fondo-blanco.png\",\"contentUrl\":\"https:\/\/newgo.eu\/wp-content\/uploads\/2019\/12\/NG_color-sin-fondo-blanco.png\",\"width\":1200,\"height\":223,\"caption\":\"Newgo Soluciones de Seguridad e Identificacion SL\"},\"image\":{\"@id\":\"https:\/\/newgo.eu\/#logo\"}},{\"@type\":\"WebSite\",\"@id\":\"https:\/\/newgo.eu\/#website\",\"url\":\"https:\/\/newgo.eu\/\",\"name\":\"NewGO\",\"description\":\"Selos, Sacos e Eqtiquetas de Seguran\u00e7a | Solu\u00e7\u00f5es de Seguran\u00e7a\",\"publisher\":{\"@id\":\"https:\/\/newgo.eu\/#organization\"},\"potentialAction\":[{\"@type\":\"SearchAction\",\"target\":{\"@type\":\"EntryPoint\",\"urlTemplate\":\"https:\/\/newgo.eu\/?s={search_term_string}\"},\"query-input\":\"required name=search_term_string\"}],\"inLanguage\":\"pt-PT\"},{\"@type\":\"ImageObject\",\"@id\":\"https:\/\/newgo.eu\/pt-pt\/prod\/mittik\/#primaryimage\",\"inLanguage\":\"pt-PT\",\"url\":\"https:\/\/newgo.eu\/wp-content\/uploads\/2019\/11\/Selos-indicativo-azul.jpg\",\"contentUrl\":\"https:\/\/newgo.eu\/wp-content\/uploads\/2019\/11\/Selos-indicativo-azul.jpg\",\"width\":1280,\"height\":853},{\"@type\":\"WebPage\",\"@id\":\"https:\/\/newgo.eu\/pt-pt\/prod\/mittik\/#webpage\",\"url\":\"https:\/\/newgo.eu\/pt-pt\/prod\/mittik\/\",\"name\":\"MITTIK - NewGO\",\"isPartOf\":{\"@id\":\"https:\/\/newgo.eu\/#website\"},\"primaryImageOfPage\":{\"@id\":\"https:\/\/newgo.eu\/pt-pt\/prod\/mittik\/#primaryimage\"},\"datePublished\":\"2019-11-04T12:26:45+00:00\",\"dateModified\":\"2020-04-03T15:02:18+00:00\",\"breadcrumb\":{\"@id\":\"https:\/\/newgo.eu\/pt-pt\/prod\/mittik\/#breadcrumb\"},\"inLanguage\":\"pt-PT\",\"potentialAction\":[{\"@type\":\"ReadAction\",\"target\":[\"https:\/\/newgo.eu\/pt-pt\/prod\/mittik\/\"]}]},{\"@type\":\"BreadcrumbList\",\"@id\":\"https:\/\/newgo.eu\/pt-pt\/prod\/mittik\/#breadcrumb\",\"itemListElement\":[{\"@type\":\"ListItem\",\"position\":1,\"name\":\"Portada\",\"item\":\"https:\/\/newgo.eu\/pt-pt\/\"},{\"@type\":\"ListItem\",\"position\":2,\"name\":\"Selos\",\"item\":\"https:\/\/newgo.eu\/pt-pt\/selos\/\"},{\"@type\":\"ListItem\",\"position\":3,\"name\":\"MITTIK\"}]}]}<\/script>\n<!-- \/ Yoast SEO plugin. -->","yoast_head_json":{"title":"MITTIK - NewGO","robots":{"index":"index","follow":"follow","max-snippet":"max-snippet:-1","max-image-preview":"max-image-preview:large","max-video-preview":"max-video-preview:-1"},"canonical":"https:\/\/newgo.eu\/pt-pt\/prod\/mittik\/","og_locale":"pt_PT","og_type":"article","og_title":"MITTIK - NewGO","og_description":"Selo de Seguran\u00e7a Pl\u00e1stico","og_url":"https:\/\/newgo.eu\/pt-pt\/prod\/mittik\/","og_site_name":"NewGO","article_modified_time":"2020-04-03T15:02:18+00:00","og_image":[{"width":1280,"height":853,"url":"https:\/\/newgo.eu\/wp-content\/uploads\/2019\/11\/Selos-indicativo-azul.jpg","type":"image\/jpeg"}],"twitter_card":"summary_large_image","schema":{"@context":"https:\/\/schema.org","@graph":[{"@type":"Organization","@id":"https:\/\/newgo.eu\/#organization","name":"Newgo Soluciones de Seguridad e Identificacion SL","url":"https:\/\/newgo.eu\/","sameAs":[],"logo":{"@type":"ImageObject","@id":"https:\/\/newgo.eu\/#logo","inLanguage":"pt-PT","url":"https:\/\/newgo.eu\/wp-content\/uploads\/2019\/12\/NG_color-sin-fondo-blanco.png","contentUrl":"https:\/\/newgo.eu\/wp-content\/uploads\/2019\/12\/NG_color-sin-fondo-blanco.png","width":1200,"height":223,"caption":"Newgo Soluciones de Seguridad e Identificacion SL"},"image":{"@id":"https:\/\/newgo.eu\/#logo"}},{"@type":"WebSite","@id":"https:\/\/newgo.eu\/#website","url":"https:\/\/newgo.eu\/","name":"NewGO","description":"Selos, Sacos e Eqtiquetas de Seguran\u00e7a | Solu\u00e7\u00f5es de Seguran\u00e7a","publisher":{"@id":"https:\/\/newgo.eu\/#organization"},"potentialAction":[{"@type":"SearchAction","target":{"@type":"EntryPoint","urlTemplate":"https:\/\/newgo.eu\/?s={search_term_string}"},"query-input":"required name=search_term_string"}],"inLanguage":"pt-PT"},{"@type":"ImageObject","@id":"https:\/\/newgo.eu\/pt-pt\/prod\/mittik\/#primaryimage","inLanguage":"pt-PT","url":"https:\/\/newgo.eu\/wp-content\/uploads\/2019\/11\/Selos-indicativo-azul.jpg","contentUrl":"https:\/\/newgo.eu\/wp-content\/uploads\/2019\/11\/Selos-indicativo-azul.jpg","width":1280,"height":853},{"@type":"WebPage","@id":"https:\/\/newgo.eu\/pt-pt\/prod\/mittik\/#webpage","url":"https:\/\/newgo.eu\/pt-pt\/prod\/mittik\/","name":"MITTIK - NewGO","isPartOf":{"@id":"https:\/\/newgo.eu\/#website"},"primaryImageOfPage":{"@id":"https:\/\/newgo.eu\/pt-pt\/prod\/mittik\/#primaryimage"},"datePublished":"2019-11-04T12:26:45+00:00","dateModified":"2020-04-03T15:02:18+00:00","breadcrumb":{"@id":"https:\/\/newgo.eu\/pt-pt\/prod\/mittik\/#breadcrumb"},"inLanguage":"pt-PT","potentialAction":[{"@type":"ReadAction","target":["https:\/\/newgo.eu\/pt-pt\/prod\/mittik\/"]}]},{"@type":"BreadcrumbList","@id":"https:\/\/newgo.eu\/pt-pt\/prod\/mittik\/#breadcrumb","itemListElement":[{"@type":"ListItem","position":1,"name":"Portada","item":"https:\/\/newgo.eu\/pt-pt\/"},{"@type":"ListItem","position":2,"name":"Selos","item":"https:\/\/newgo.eu\/pt-pt\/selos\/"},{"@type":"ListItem","position":3,"name":"MITTIK"}]}]}},"_links":{"self":[{"href":"https:\/\/newgo.eu\/pt-pt\/wp-json\/wp\/v2\/product\/2062"}],"collection":[{"href":"https:\/\/newgo.eu\/pt-pt\/wp-json\/wp\/v2\/product"}],"about":[{"href":"https:\/\/newgo.eu\/pt-pt\/wp-json\/wp\/v2\/types\/product"}],"wp:featuredmedia":[{"embeddable":true,"href":"https:\/\/newgo.eu\/pt-pt\/wp-json\/wp\/v2\/media\/2812"}],"wp:attachment":[{"href":"https:\/\/newgo.eu\/pt-pt\/wp-json\/wp\/v2\/media?parent=2062"}],"wp:term":[{"taxonomy":"product_cat","embeddable":true,"href":"https:\/\/newgo.eu\/pt-pt\/wp-json\/wp\/v2\/product_cat?post=2062"},{"taxonomy":"product_tag","embeddable":true,"href":"https:\/\/newgo.eu\/pt-pt\/wp-json\/wp\/v2\/product_tag?post=2062"}],"curies":[{"name":"wp","href":"https:\/\/api.w.org\/{rel}","templated":true}]}}