{"id":2073,"date":"2019-11-04T12:09:39","date_gmt":"2019-11-04T12:28:24","guid":{"rendered":"https:\/\/newgo.eu\/prod\/raggby\/"},"modified":"2020-11-25T09:54:42","modified_gmt":"2020-11-25T09:54:42","slug":"raggby","status":"publish","type":"product","link":"https:\/\/newgo.eu\/pt-pt\/prod\/raggby\/","title":{"rendered":"RAGGBY"},"content":{"rendered":"<p>O RAGGBY \u00e9 um selo de seguran\u00e7a de cauda plana fabricado em polipropileno. A camara de seguran\u00e7a inclui uma chapa de a\u00e7o protegida por uma tampa termomoldada, fornecendo uma evidencia clara de adultera\u00e7\u00e3o se for\u00e7ada a abrir ou cortada.<br \/>\nO RAGGBY \u00e9 fabricado em duas dimens\u00f5es com dentes de sujei\u00e7\u00e3o e um suporte de etiquetas como padr\u00e3o, mas com a op\u00e7\u00e3o de um abre-f\u00e1cil lateral para remo\u00e7\u00e3o manual depois de aplicado. A pala do RAGGBY permite a grava\u00e7\u00e3o de C\u00f3digos de Barras ou QR, Numera\u00e7\u00e3o Sequencial e Logotipos de Clientes.<br \/>\nA excelente resist\u00eancia \u00e0 rotura, combinada com a largura da cauda de somente 5,9mm, torna este selo a escolha ideal para muitas aplica\u00e7\u00f5es.<\/p>\n","protected":false},"excerpt":{"rendered":"<p>Selo de Seguran\u00e7a Pl\u00e1stico<\/p>\n<p><span style=\"background-color: #048d3b; color: #ffffff;\">\u00a0BIODEGRAD\u00c1VEL\u00a0<\/span><\/p>\n","protected":false},"featured_media":4689,"template":"","meta":{"inline_featured_image":false},"product_cat":[770,843,844,845],"product_tag":[651],"acf":[],"yoast_head":"<!-- This site is optimized with the Yoast SEO plugin v18.2 - https:\/\/yoast.com\/wordpress\/plugins\/seo\/ -->\n<title>RAGGBY - NewGO<\/title>\n<meta name=\"robots\" content=\"index, follow, max-snippet:-1, max-image-preview:large, max-video-preview:-1\" \/>\n<link rel=\"canonical\" href=\"https:\/\/newgo.eu\/pt-pt\/prod\/raggby\/\" \/>\n<meta property=\"og:locale\" content=\"pt_PT\" \/>\n<meta property=\"og:type\" content=\"article\" \/>\n<meta property=\"og:title\" content=\"RAGGBY - NewGO\" \/>\n<meta property=\"og:description\" content=\"Selo de Seguran\u00e7a Pl\u00e1stico  \u00a0BIODEGRAD\u00c1VEL\u00a0\" \/>\n<meta property=\"og:url\" content=\"https:\/\/newgo.eu\/pt-pt\/prod\/raggby\/\" \/>\n<meta property=\"og:site_name\" content=\"NewGO\" \/>\n<meta property=\"article:modified_time\" content=\"2020-11-25T09:54:42+00:00\" \/>\n<meta property=\"og:image\" content=\"https:\/\/newgo.eu\/wp-content\/uploads\/2019\/11\/Raggby-Selo-Biodegradavel.jpg\" \/>\n\t<meta property=\"og:image:width\" content=\"1024\" \/>\n\t<meta property=\"og:image:height\" content=\"682\" \/>\n\t<meta property=\"og:image:type\" content=\"image\/jpeg\" \/>\n<meta name=\"twitter:card\" content=\"summary_large_image\" \/>\n<meta name=\"twitter:label1\" content=\"Tempo estimado de leitura\" \/>\n\t<meta name=\"twitter:data1\" content=\"1 minuto\" \/>\n<script type=\"application\/ld+json\" class=\"yoast-schema-graph\">{\"@context\":\"https:\/\/schema.org\",\"@graph\":[{\"@type\":\"Organization\",\"@id\":\"https:\/\/newgo.eu\/#organization\",\"name\":\"Newgo Soluciones de Seguridad e Identificacion SL\",\"url\":\"https:\/\/newgo.eu\/\",\"sameAs\":[],\"logo\":{\"@type\":\"ImageObject\",\"@id\":\"https:\/\/newgo.eu\/#logo\",\"inLanguage\":\"pt-PT\",\"url\":\"https:\/\/newgo.eu\/wp-content\/uploads\/2019\/12\/NG_color-sin-fondo-blanco.png\",\"contentUrl\":\"https:\/\/newgo.eu\/wp-content\/uploads\/2019\/12\/NG_color-sin-fondo-blanco.png\",\"width\":1200,\"height\":223,\"caption\":\"Newgo Soluciones de Seguridad e Identificacion SL\"},\"image\":{\"@id\":\"https:\/\/newgo.eu\/#logo\"}},{\"@type\":\"WebSite\",\"@id\":\"https:\/\/newgo.eu\/#website\",\"url\":\"https:\/\/newgo.eu\/\",\"name\":\"NewGO\",\"description\":\"Selos, Sacos e Eqtiquetas de Seguran\u00e7a | Solu\u00e7\u00f5es de Seguran\u00e7a\",\"publisher\":{\"@id\":\"https:\/\/newgo.eu\/#organization\"},\"potentialAction\":[{\"@type\":\"SearchAction\",\"target\":{\"@type\":\"EntryPoint\",\"urlTemplate\":\"https:\/\/newgo.eu\/?s={search_term_string}\"},\"query-input\":\"required name=search_term_string\"}],\"inLanguage\":\"pt-PT\"},{\"@type\":\"ImageObject\",\"@id\":\"https:\/\/newgo.eu\/pt-pt\/prod\/raggby\/#primaryimage\",\"inLanguage\":\"pt-PT\",\"url\":\"https:\/\/newgo.eu\/wp-content\/uploads\/2019\/11\/Raggby-Selo-Biodegradavel.jpg\",\"contentUrl\":\"https:\/\/newgo.eu\/wp-content\/uploads\/2019\/11\/Raggby-Selo-Biodegradavel.jpg\",\"width\":1024,\"height\":682},{\"@type\":\"WebPage\",\"@id\":\"https:\/\/newgo.eu\/pt-pt\/prod\/raggby\/#webpage\",\"url\":\"https:\/\/newgo.eu\/pt-pt\/prod\/raggby\/\",\"name\":\"RAGGBY - NewGO\",\"isPartOf\":{\"@id\":\"https:\/\/newgo.eu\/#website\"},\"primaryImageOfPage\":{\"@id\":\"https:\/\/newgo.eu\/pt-pt\/prod\/raggby\/#primaryimage\"},\"datePublished\":\"2019-11-04T12:28:24+00:00\",\"dateModified\":\"2020-11-25T09:54:42+00:00\",\"breadcrumb\":{\"@id\":\"https:\/\/newgo.eu\/pt-pt\/prod\/raggby\/#breadcrumb\"},\"inLanguage\":\"pt-PT\",\"potentialAction\":[{\"@type\":\"ReadAction\",\"target\":[\"https:\/\/newgo.eu\/pt-pt\/prod\/raggby\/\"]}]},{\"@type\":\"BreadcrumbList\",\"@id\":\"https:\/\/newgo.eu\/pt-pt\/prod\/raggby\/#breadcrumb\",\"itemListElement\":[{\"@type\":\"ListItem\",\"position\":1,\"name\":\"Portada\",\"item\":\"https:\/\/newgo.eu\/pt-pt\/\"},{\"@type\":\"ListItem\",\"position\":2,\"name\":\"Selos\",\"item\":\"https:\/\/newgo.eu\/pt-pt\/selos\/\"},{\"@type\":\"ListItem\",\"position\":3,\"name\":\"RAGGBY\"}]}]}<\/script>\n<!-- \/ Yoast SEO plugin. -->","yoast_head_json":{"title":"RAGGBY - NewGO","robots":{"index":"index","follow":"follow","max-snippet":"max-snippet:-1","max-image-preview":"max-image-preview:large","max-video-preview":"max-video-preview:-1"},"canonical":"https:\/\/newgo.eu\/pt-pt\/prod\/raggby\/","og_locale":"pt_PT","og_type":"article","og_title":"RAGGBY - NewGO","og_description":"Selo de Seguran\u00e7a Pl\u00e1stico  \u00a0BIODEGRAD\u00c1VEL\u00a0","og_url":"https:\/\/newgo.eu\/pt-pt\/prod\/raggby\/","og_site_name":"NewGO","article_modified_time":"2020-11-25T09:54:42+00:00","og_image":[{"width":1024,"height":682,"url":"https:\/\/newgo.eu\/wp-content\/uploads\/2019\/11\/Raggby-Selo-Biodegradavel.jpg","type":"image\/jpeg"}],"twitter_card":"summary_large_image","twitter_misc":{"Tempo estimado de leitura":"1 minuto"},"schema":{"@context":"https:\/\/schema.org","@graph":[{"@type":"Organization","@id":"https:\/\/newgo.eu\/#organization","name":"Newgo Soluciones de Seguridad e Identificacion SL","url":"https:\/\/newgo.eu\/","sameAs":[],"logo":{"@type":"ImageObject","@id":"https:\/\/newgo.eu\/#logo","inLanguage":"pt-PT","url":"https:\/\/newgo.eu\/wp-content\/uploads\/2019\/12\/NG_color-sin-fondo-blanco.png","contentUrl":"https:\/\/newgo.eu\/wp-content\/uploads\/2019\/12\/NG_color-sin-fondo-blanco.png","width":1200,"height":223,"caption":"Newgo Soluciones de Seguridad e Identificacion SL"},"image":{"@id":"https:\/\/newgo.eu\/#logo"}},{"@type":"WebSite","@id":"https:\/\/newgo.eu\/#website","url":"https:\/\/newgo.eu\/","name":"NewGO","description":"Selos, Sacos e Eqtiquetas de Seguran\u00e7a | Solu\u00e7\u00f5es de Seguran\u00e7a","publisher":{"@id":"https:\/\/newgo.eu\/#organization"},"potentialAction":[{"@type":"SearchAction","target":{"@type":"EntryPoint","urlTemplate":"https:\/\/newgo.eu\/?s={search_term_string}"},"query-input":"required name=search_term_string"}],"inLanguage":"pt-PT"},{"@type":"ImageObject","@id":"https:\/\/newgo.eu\/pt-pt\/prod\/raggby\/#primaryimage","inLanguage":"pt-PT","url":"https:\/\/newgo.eu\/wp-content\/uploads\/2019\/11\/Raggby-Selo-Biodegradavel.jpg","contentUrl":"https:\/\/newgo.eu\/wp-content\/uploads\/2019\/11\/Raggby-Selo-Biodegradavel.jpg","width":1024,"height":682},{"@type":"WebPage","@id":"https:\/\/newgo.eu\/pt-pt\/prod\/raggby\/#webpage","url":"https:\/\/newgo.eu\/pt-pt\/prod\/raggby\/","name":"RAGGBY - NewGO","isPartOf":{"@id":"https:\/\/newgo.eu\/#website"},"primaryImageOfPage":{"@id":"https:\/\/newgo.eu\/pt-pt\/prod\/raggby\/#primaryimage"},"datePublished":"2019-11-04T12:28:24+00:00","dateModified":"2020-11-25T09:54:42+00:00","breadcrumb":{"@id":"https:\/\/newgo.eu\/pt-pt\/prod\/raggby\/#breadcrumb"},"inLanguage":"pt-PT","potentialAction":[{"@type":"ReadAction","target":["https:\/\/newgo.eu\/pt-pt\/prod\/raggby\/"]}]},{"@type":"BreadcrumbList","@id":"https:\/\/newgo.eu\/pt-pt\/prod\/raggby\/#breadcrumb","itemListElement":[{"@type":"ListItem","position":1,"name":"Portada","item":"https:\/\/newgo.eu\/pt-pt\/"},{"@type":"ListItem","position":2,"name":"Selos","item":"https:\/\/newgo.eu\/pt-pt\/selos\/"},{"@type":"ListItem","position":3,"name":"RAGGBY"}]}]}},"_links":{"self":[{"href":"https:\/\/newgo.eu\/pt-pt\/wp-json\/wp\/v2\/product\/2073"}],"collection":[{"href":"https:\/\/newgo.eu\/pt-pt\/wp-json\/wp\/v2\/product"}],"about":[{"href":"https:\/\/newgo.eu\/pt-pt\/wp-json\/wp\/v2\/types\/product"}],"wp:featuredmedia":[{"embeddable":true,"href":"https:\/\/newgo.eu\/pt-pt\/wp-json\/wp\/v2\/media\/4689"}],"wp:attachment":[{"href":"https:\/\/newgo.eu\/pt-pt\/wp-json\/wp\/v2\/media?parent=2073"}],"wp:term":[{"taxonomy":"product_cat","embeddable":true,"href":"https:\/\/newgo.eu\/pt-pt\/wp-json\/wp\/v2\/product_cat?post=2073"},{"taxonomy":"product_tag","embeddable":true,"href":"https:\/\/newgo.eu\/pt-pt\/wp-json\/wp\/v2\/product_tag?post=2073"}],"curies":[{"name":"wp","href":"https:\/\/api.w.org\/{rel}","templated":true}]}}