{"id":2080,"date":"2019-11-04T12:28:24","date_gmt":"2019-11-04T12:28:24","guid":{"rendered":"https:\/\/newgo.eu\/prod\/vertiggo\/"},"modified":"2019-11-04T12:29:13","modified_gmt":"2019-11-04T12:29:13","slug":"vertiggo","status":"publish","type":"product","link":"https:\/\/newgo.eu\/pt-pt\/prod\/vertiggo\/","title":{"rendered":"VERTIGGO"},"content":{"rendered":"<p>O VERTIGGO \u00e9 o nosso primeiro passo na inova\u00e7\u00e3o dos selos de seguran\u00e7a para contadores. O seu formato de pequenas dimens\u00f5es, a sua pala de coloca\u00e7\u00e3o lateral com v\u00e1rias possibilidades de personaliza\u00e7\u00e3o e o duplo canal de arame no rotativo que tanto incrementa a resist\u00eancia do produto ap\u00f3s a sua aplica\u00e7\u00e3o, permitem ao VERTIGGO a seguran\u00e7a e versatilidade t\u00e3o procurada pelos nossos clientes.<br \/>\nO VERTIGGO vem ainda fornecido em pentes de 5 unidades, simplificando o processo de distribui\u00e7\u00e3o e controle pelos operacionais<\/p>\n","protected":false},"excerpt":{"rendered":"<p>Selo de Seguran\u00e7a Rotativo<\/p>\n","protected":false},"featured_media":1863,"template":"","meta":{"inline_featured_image":false},"product_cat":[481,479,486,476],"product_tag":[652],"acf":[],"yoast_head":"<!-- This site is optimized with the Yoast SEO plugin v18.2 - https:\/\/yoast.com\/wordpress\/plugins\/seo\/ -->\n<title>VERTIGGO - NewGO<\/title>\n<meta name=\"robots\" content=\"index, follow, max-snippet:-1, max-image-preview:large, max-video-preview:-1\" \/>\n<link rel=\"canonical\" href=\"https:\/\/newgo.eu\/pt-pt\/prod\/vertiggo\/\" \/>\n<meta property=\"og:locale\" content=\"pt_PT\" \/>\n<meta property=\"og:type\" content=\"article\" \/>\n<meta property=\"og:title\" content=\"VERTIGGO - NewGO\" \/>\n<meta property=\"og:description\" content=\"Selo de Seguran\u00e7a Rotativo\" \/>\n<meta property=\"og:url\" content=\"https:\/\/newgo.eu\/pt-pt\/prod\/vertiggo\/\" \/>\n<meta property=\"og:site_name\" content=\"NewGO\" \/>\n<meta property=\"article:modified_time\" content=\"2019-11-04T12:29:13+00:00\" \/>\n<meta property=\"og:image\" content=\"https:\/\/newgo.eu\/wp-content\/uploads\/2019\/10\/lacre-rotativo-verttc.jpg\" \/>\n\t<meta property=\"og:image:width\" content=\"1024\" \/>\n\t<meta property=\"og:image:height\" content=\"682\" \/>\n\t<meta property=\"og:image:type\" content=\"image\/jpeg\" \/>\n<meta name=\"twitter:card\" content=\"summary_large_image\" \/>\n<script type=\"application\/ld+json\" class=\"yoast-schema-graph\">{\"@context\":\"https:\/\/schema.org\",\"@graph\":[{\"@type\":\"Organization\",\"@id\":\"https:\/\/newgo.eu\/#organization\",\"name\":\"Newgo Soluciones de Seguridad e Identificacion SL\",\"url\":\"https:\/\/newgo.eu\/\",\"sameAs\":[],\"logo\":{\"@type\":\"ImageObject\",\"@id\":\"https:\/\/newgo.eu\/#logo\",\"inLanguage\":\"pt-PT\",\"url\":\"https:\/\/newgo.eu\/wp-content\/uploads\/2019\/12\/NG_color-sin-fondo-blanco.png\",\"contentUrl\":\"https:\/\/newgo.eu\/wp-content\/uploads\/2019\/12\/NG_color-sin-fondo-blanco.png\",\"width\":1200,\"height\":223,\"caption\":\"Newgo Soluciones de Seguridad e Identificacion SL\"},\"image\":{\"@id\":\"https:\/\/newgo.eu\/#logo\"}},{\"@type\":\"WebSite\",\"@id\":\"https:\/\/newgo.eu\/#website\",\"url\":\"https:\/\/newgo.eu\/\",\"name\":\"NewGO\",\"description\":\"Selos, Sacos e Eqtiquetas de Seguran\u00e7a | Solu\u00e7\u00f5es de Seguran\u00e7a\",\"publisher\":{\"@id\":\"https:\/\/newgo.eu\/#organization\"},\"potentialAction\":[{\"@type\":\"SearchAction\",\"target\":{\"@type\":\"EntryPoint\",\"urlTemplate\":\"https:\/\/newgo.eu\/?s={search_term_string}\"},\"query-input\":\"required name=search_term_string\"}],\"inLanguage\":\"pt-PT\"},{\"@type\":\"ImageObject\",\"@id\":\"https:\/\/newgo.eu\/pt-pt\/prod\/vertiggo\/#primaryimage\",\"inLanguage\":\"pt-PT\",\"url\":\"https:\/\/newgo.eu\/wp-content\/uploads\/2019\/10\/lacre-rotativo-verttc.jpg\",\"contentUrl\":\"https:\/\/newgo.eu\/wp-content\/uploads\/2019\/10\/lacre-rotativo-verttc.jpg\",\"width\":1024,\"height\":682},{\"@type\":\"WebPage\",\"@id\":\"https:\/\/newgo.eu\/pt-pt\/prod\/vertiggo\/#webpage\",\"url\":\"https:\/\/newgo.eu\/pt-pt\/prod\/vertiggo\/\",\"name\":\"VERTIGGO - NewGO\",\"isPartOf\":{\"@id\":\"https:\/\/newgo.eu\/#website\"},\"primaryImageOfPage\":{\"@id\":\"https:\/\/newgo.eu\/pt-pt\/prod\/vertiggo\/#primaryimage\"},\"datePublished\":\"2019-11-04T12:28:24+00:00\",\"dateModified\":\"2019-11-04T12:29:13+00:00\",\"breadcrumb\":{\"@id\":\"https:\/\/newgo.eu\/pt-pt\/prod\/vertiggo\/#breadcrumb\"},\"inLanguage\":\"pt-PT\",\"potentialAction\":[{\"@type\":\"ReadAction\",\"target\":[\"https:\/\/newgo.eu\/pt-pt\/prod\/vertiggo\/\"]}]},{\"@type\":\"BreadcrumbList\",\"@id\":\"https:\/\/newgo.eu\/pt-pt\/prod\/vertiggo\/#breadcrumb\",\"itemListElement\":[{\"@type\":\"ListItem\",\"position\":1,\"name\":\"Portada\",\"item\":\"https:\/\/newgo.eu\/pt-pt\/\"},{\"@type\":\"ListItem\",\"position\":2,\"name\":\"Selos\",\"item\":\"https:\/\/newgo.eu\/pt-pt\/selos\/\"},{\"@type\":\"ListItem\",\"position\":3,\"name\":\"VERTIGGO\"}]}]}<\/script>\n<!-- \/ Yoast SEO plugin. -->","yoast_head_json":{"title":"VERTIGGO - NewGO","robots":{"index":"index","follow":"follow","max-snippet":"max-snippet:-1","max-image-preview":"max-image-preview:large","max-video-preview":"max-video-preview:-1"},"canonical":"https:\/\/newgo.eu\/pt-pt\/prod\/vertiggo\/","og_locale":"pt_PT","og_type":"article","og_title":"VERTIGGO - NewGO","og_description":"Selo de Seguran\u00e7a Rotativo","og_url":"https:\/\/newgo.eu\/pt-pt\/prod\/vertiggo\/","og_site_name":"NewGO","article_modified_time":"2019-11-04T12:29:13+00:00","og_image":[{"width":1024,"height":682,"url":"https:\/\/newgo.eu\/wp-content\/uploads\/2019\/10\/lacre-rotativo-verttc.jpg","type":"image\/jpeg"}],"twitter_card":"summary_large_image","schema":{"@context":"https:\/\/schema.org","@graph":[{"@type":"Organization","@id":"https:\/\/newgo.eu\/#organization","name":"Newgo Soluciones de Seguridad e Identificacion SL","url":"https:\/\/newgo.eu\/","sameAs":[],"logo":{"@type":"ImageObject","@id":"https:\/\/newgo.eu\/#logo","inLanguage":"pt-PT","url":"https:\/\/newgo.eu\/wp-content\/uploads\/2019\/12\/NG_color-sin-fondo-blanco.png","contentUrl":"https:\/\/newgo.eu\/wp-content\/uploads\/2019\/12\/NG_color-sin-fondo-blanco.png","width":1200,"height":223,"caption":"Newgo Soluciones de Seguridad e Identificacion SL"},"image":{"@id":"https:\/\/newgo.eu\/#logo"}},{"@type":"WebSite","@id":"https:\/\/newgo.eu\/#website","url":"https:\/\/newgo.eu\/","name":"NewGO","description":"Selos, Sacos e Eqtiquetas de Seguran\u00e7a | Solu\u00e7\u00f5es de Seguran\u00e7a","publisher":{"@id":"https:\/\/newgo.eu\/#organization"},"potentialAction":[{"@type":"SearchAction","target":{"@type":"EntryPoint","urlTemplate":"https:\/\/newgo.eu\/?s={search_term_string}"},"query-input":"required name=search_term_string"}],"inLanguage":"pt-PT"},{"@type":"ImageObject","@id":"https:\/\/newgo.eu\/pt-pt\/prod\/vertiggo\/#primaryimage","inLanguage":"pt-PT","url":"https:\/\/newgo.eu\/wp-content\/uploads\/2019\/10\/lacre-rotativo-verttc.jpg","contentUrl":"https:\/\/newgo.eu\/wp-content\/uploads\/2019\/10\/lacre-rotativo-verttc.jpg","width":1024,"height":682},{"@type":"WebPage","@id":"https:\/\/newgo.eu\/pt-pt\/prod\/vertiggo\/#webpage","url":"https:\/\/newgo.eu\/pt-pt\/prod\/vertiggo\/","name":"VERTIGGO - NewGO","isPartOf":{"@id":"https:\/\/newgo.eu\/#website"},"primaryImageOfPage":{"@id":"https:\/\/newgo.eu\/pt-pt\/prod\/vertiggo\/#primaryimage"},"datePublished":"2019-11-04T12:28:24+00:00","dateModified":"2019-11-04T12:29:13+00:00","breadcrumb":{"@id":"https:\/\/newgo.eu\/pt-pt\/prod\/vertiggo\/#breadcrumb"},"inLanguage":"pt-PT","potentialAction":[{"@type":"ReadAction","target":["https:\/\/newgo.eu\/pt-pt\/prod\/vertiggo\/"]}]},{"@type":"BreadcrumbList","@id":"https:\/\/newgo.eu\/pt-pt\/prod\/vertiggo\/#breadcrumb","itemListElement":[{"@type":"ListItem","position":1,"name":"Portada","item":"https:\/\/newgo.eu\/pt-pt\/"},{"@type":"ListItem","position":2,"name":"Selos","item":"https:\/\/newgo.eu\/pt-pt\/selos\/"},{"@type":"ListItem","position":3,"name":"VERTIGGO"}]}]}},"_links":{"self":[{"href":"https:\/\/newgo.eu\/pt-pt\/wp-json\/wp\/v2\/product\/2080"}],"collection":[{"href":"https:\/\/newgo.eu\/pt-pt\/wp-json\/wp\/v2\/product"}],"about":[{"href":"https:\/\/newgo.eu\/pt-pt\/wp-json\/wp\/v2\/types\/product"}],"wp:featuredmedia":[{"embeddable":true,"href":"https:\/\/newgo.eu\/pt-pt\/wp-json\/wp\/v2\/media\/1863"}],"wp:attachment":[{"href":"https:\/\/newgo.eu\/pt-pt\/wp-json\/wp\/v2\/media?parent=2080"}],"wp:term":[{"taxonomy":"product_cat","embeddable":true,"href":"https:\/\/newgo.eu\/pt-pt\/wp-json\/wp\/v2\/product_cat?post=2080"},{"taxonomy":"product_tag","embeddable":true,"href":"https:\/\/newgo.eu\/pt-pt\/wp-json\/wp\/v2\/product_tag?post=2080"}],"curies":[{"name":"wp","href":"https:\/\/api.w.org\/{rel}","templated":true}]}}