{"id":2277,"date":"2020-04-06T18:41:11","date_gmt":"2020-02-21T14:18:28","guid":{"rendered":"https:\/\/newgo.eu\/?post_type=product&#038;p=2277"},"modified":"2020-11-04T09:44:35","modified_gmt":"2020-11-04T09:44:35","slug":"com-transferencia-parcial-de-alto-residuo","status":"publish","type":"product","link":"https:\/\/newgo.eu\/pt-pt\/prod\/com-transferencia-parcial-de-alto-residuo\/","title":{"rendered":"UNIPAR High Res\u00edduo"},"content":{"rendered":"<p>A nossa etiqueta de seguran\u00e7a <strong>VOID<\/strong> alto res\u00edduo modelo <strong>UNIVLPH<\/strong>, apresenta uma mensagem oculta pr\u00e9-projetada<strong> \u201cVOID\/OPEN\u201d<\/strong> que aparecer\u00e1 tanto na etiqueta como na superf\u00edcie aplicada ap\u00f3s a remo\u00e7\u00e3o.<\/p>\n<p>A etiqueta <strong>UNIVLPH<\/strong> demonstra eficazmente qualquer tentativa de manipula\u00e7\u00e3o indevida, n\u00e3o podendo ser recolocada como sua forma inicial ap\u00f3s a sua remo\u00e7\u00e3o total ou parcial gra\u00e7as aos restos de adesivo que deixa tanto na superf\u00edcie aplicada como na pr\u00f3pria etiqueta removida.<\/p>\n<p>A etiqueta <strong>UNIVLPH<\/strong> \u00e9 constru\u00edda a partir de um filme de 6 folhas que se separa aquando da sua remo\u00e7\u00e3o deixando as letras <strong>VOID\/OPEN<\/strong> na etiqueta e o negativo na superf\u00edcie.<\/p>\n<p>A mensagem pr\u00e9-projetada aparecer\u00e1 imediatamente ap\u00f3s qualquer tentativa de manipula\u00e7\u00e3o, sendo que apenas parte da mensagem oculta com adesivo \u00e9 transferida para a superf\u00edcie aplicada evitando assim a sua posi\u00e7\u00e3o inicial. A cor, dimens\u00e3o, mensagem oculta e impress\u00e3o da etiqueta podem ser personalizadas em fun\u00e7\u00e3o das necessidades do utilizador.<\/p>\n<p>\u00c9 apropriada para aplicar em superf\u00edcies lisas a at\u00e9 \u00e1speras n\u00e3o recicl\u00e1veis, caixas de papel\u00e3o, metal pintado, madeiras, pl\u00e1sticos e embalagens.<\/p>\n","protected":false},"excerpt":{"rendered":"<p>Etiqueta de Seguran\u00e7a com Transfer\u00eancia Parcial<\/p>\n<p><span style=\"background-color: #048d3b; color: #ffffff;\">RECICL\u00c1VEL\u00a0<\/span><\/p>\n","protected":false},"featured_media":4793,"template":"","meta":{"inline_featured_image":false},"product_cat":[473,477,474],"product_tag":[752],"acf":[],"yoast_head":"<!-- This site is optimized with the Yoast SEO plugin v18.2 - https:\/\/yoast.com\/wordpress\/plugins\/seo\/ -->\n<title>UNIPAR High Res\u00edduo - NewGO<\/title>\n<meta name=\"robots\" content=\"index, follow, max-snippet:-1, max-image-preview:large, max-video-preview:-1\" \/>\n<link rel=\"canonical\" href=\"https:\/\/newgo.eu\/pt-pt\/prod\/com-transferencia-parcial-de-alto-residuo\/\" \/>\n<meta property=\"og:locale\" content=\"pt_PT\" \/>\n<meta property=\"og:type\" content=\"article\" \/>\n<meta property=\"og:title\" content=\"UNIPAR High Res\u00edduo - NewGO\" \/>\n<meta property=\"og:description\" content=\"Etiqueta de Seguran\u00e7a com Transfer\u00eancia Parcial  RECICL\u00c1VEL\u00a0\" \/>\n<meta property=\"og:url\" content=\"https:\/\/newgo.eu\/pt-pt\/prod\/com-transferencia-parcial-de-alto-residuo\/\" \/>\n<meta property=\"og:site_name\" content=\"NewGO\" \/>\n<meta property=\"article:modified_time\" content=\"2020-11-04T09:44:35+00:00\" \/>\n<meta property=\"og:image\" content=\"https:\/\/newgo.eu\/wp-content\/uploads\/2020\/10\/Etiqueta-vermelha-VOID.jpg\" \/>\n\t<meta property=\"og:image:width\" content=\"1024\" \/>\n\t<meta property=\"og:image:height\" content=\"682\" \/>\n\t<meta property=\"og:image:type\" content=\"image\/jpeg\" \/>\n<meta name=\"twitter:card\" content=\"summary_large_image\" \/>\n<meta name=\"twitter:label1\" content=\"Tempo estimado de leitura\" \/>\n\t<meta name=\"twitter:data1\" content=\"1 minuto\" \/>\n<script type=\"application\/ld+json\" class=\"yoast-schema-graph\">{\"@context\":\"https:\/\/schema.org\",\"@graph\":[{\"@type\":\"Organization\",\"@id\":\"https:\/\/newgo.eu\/#organization\",\"name\":\"Newgo Soluciones de Seguridad e Identificacion SL\",\"url\":\"https:\/\/newgo.eu\/\",\"sameAs\":[],\"logo\":{\"@type\":\"ImageObject\",\"@id\":\"https:\/\/newgo.eu\/#logo\",\"inLanguage\":\"pt-PT\",\"url\":\"https:\/\/newgo.eu\/wp-content\/uploads\/2019\/12\/NG_color-sin-fondo-blanco.png\",\"contentUrl\":\"https:\/\/newgo.eu\/wp-content\/uploads\/2019\/12\/NG_color-sin-fondo-blanco.png\",\"width\":1200,\"height\":223,\"caption\":\"Newgo Soluciones de Seguridad e Identificacion SL\"},\"image\":{\"@id\":\"https:\/\/newgo.eu\/#logo\"}},{\"@type\":\"WebSite\",\"@id\":\"https:\/\/newgo.eu\/#website\",\"url\":\"https:\/\/newgo.eu\/\",\"name\":\"NewGO\",\"description\":\"Selos, Sacos e Eqtiquetas de Seguran\u00e7a | Solu\u00e7\u00f5es de Seguran\u00e7a\",\"publisher\":{\"@id\":\"https:\/\/newgo.eu\/#organization\"},\"potentialAction\":[{\"@type\":\"SearchAction\",\"target\":{\"@type\":\"EntryPoint\",\"urlTemplate\":\"https:\/\/newgo.eu\/?s={search_term_string}\"},\"query-input\":\"required name=search_term_string\"}],\"inLanguage\":\"pt-PT\"},{\"@type\":\"ImageObject\",\"@id\":\"https:\/\/newgo.eu\/pt-pt\/prod\/com-transferencia-parcial-de-alto-residuo\/#primaryimage\",\"inLanguage\":\"pt-PT\",\"url\":\"https:\/\/newgo.eu\/wp-content\/uploads\/2020\/10\/Etiqueta-vermelha-VOID.jpg\",\"contentUrl\":\"https:\/\/newgo.eu\/wp-content\/uploads\/2020\/10\/Etiqueta-vermelha-VOID.jpg\",\"width\":1024,\"height\":682},{\"@type\":\"WebPage\",\"@id\":\"https:\/\/newgo.eu\/pt-pt\/prod\/com-transferencia-parcial-de-alto-residuo\/#webpage\",\"url\":\"https:\/\/newgo.eu\/pt-pt\/prod\/com-transferencia-parcial-de-alto-residuo\/\",\"name\":\"UNIPAR High Res\u00edduo - NewGO\",\"isPartOf\":{\"@id\":\"https:\/\/newgo.eu\/#website\"},\"primaryImageOfPage\":{\"@id\":\"https:\/\/newgo.eu\/pt-pt\/prod\/com-transferencia-parcial-de-alto-residuo\/#primaryimage\"},\"datePublished\":\"2020-02-21T14:18:28+00:00\",\"dateModified\":\"2020-11-04T09:44:35+00:00\",\"breadcrumb\":{\"@id\":\"https:\/\/newgo.eu\/pt-pt\/prod\/com-transferencia-parcial-de-alto-residuo\/#breadcrumb\"},\"inLanguage\":\"pt-PT\",\"potentialAction\":[{\"@type\":\"ReadAction\",\"target\":[\"https:\/\/newgo.eu\/pt-pt\/prod\/com-transferencia-parcial-de-alto-residuo\/\"]}]},{\"@type\":\"BreadcrumbList\",\"@id\":\"https:\/\/newgo.eu\/pt-pt\/prod\/com-transferencia-parcial-de-alto-residuo\/#breadcrumb\",\"itemListElement\":[{\"@type\":\"ListItem\",\"position\":1,\"name\":\"Portada\",\"item\":\"https:\/\/newgo.eu\/pt-pt\/\"},{\"@type\":\"ListItem\",\"position\":2,\"name\":\"Selos\",\"item\":\"https:\/\/newgo.eu\/pt-pt\/selos\/\"},{\"@type\":\"ListItem\",\"position\":3,\"name\":\"UNIPAR High Res\u00edduo\"}]}]}<\/script>\n<!-- \/ Yoast SEO plugin. -->","yoast_head_json":{"title":"UNIPAR High Res\u00edduo - NewGO","robots":{"index":"index","follow":"follow","max-snippet":"max-snippet:-1","max-image-preview":"max-image-preview:large","max-video-preview":"max-video-preview:-1"},"canonical":"https:\/\/newgo.eu\/pt-pt\/prod\/com-transferencia-parcial-de-alto-residuo\/","og_locale":"pt_PT","og_type":"article","og_title":"UNIPAR High Res\u00edduo - NewGO","og_description":"Etiqueta de Seguran\u00e7a com Transfer\u00eancia Parcial  RECICL\u00c1VEL\u00a0","og_url":"https:\/\/newgo.eu\/pt-pt\/prod\/com-transferencia-parcial-de-alto-residuo\/","og_site_name":"NewGO","article_modified_time":"2020-11-04T09:44:35+00:00","og_image":[{"width":1024,"height":682,"url":"https:\/\/newgo.eu\/wp-content\/uploads\/2020\/10\/Etiqueta-vermelha-VOID.jpg","type":"image\/jpeg"}],"twitter_card":"summary_large_image","twitter_misc":{"Tempo estimado de leitura":"1 minuto"},"schema":{"@context":"https:\/\/schema.org","@graph":[{"@type":"Organization","@id":"https:\/\/newgo.eu\/#organization","name":"Newgo Soluciones de Seguridad e Identificacion SL","url":"https:\/\/newgo.eu\/","sameAs":[],"logo":{"@type":"ImageObject","@id":"https:\/\/newgo.eu\/#logo","inLanguage":"pt-PT","url":"https:\/\/newgo.eu\/wp-content\/uploads\/2019\/12\/NG_color-sin-fondo-blanco.png","contentUrl":"https:\/\/newgo.eu\/wp-content\/uploads\/2019\/12\/NG_color-sin-fondo-blanco.png","width":1200,"height":223,"caption":"Newgo Soluciones de Seguridad e Identificacion SL"},"image":{"@id":"https:\/\/newgo.eu\/#logo"}},{"@type":"WebSite","@id":"https:\/\/newgo.eu\/#website","url":"https:\/\/newgo.eu\/","name":"NewGO","description":"Selos, Sacos e Eqtiquetas de Seguran\u00e7a | Solu\u00e7\u00f5es de Seguran\u00e7a","publisher":{"@id":"https:\/\/newgo.eu\/#organization"},"potentialAction":[{"@type":"SearchAction","target":{"@type":"EntryPoint","urlTemplate":"https:\/\/newgo.eu\/?s={search_term_string}"},"query-input":"required name=search_term_string"}],"inLanguage":"pt-PT"},{"@type":"ImageObject","@id":"https:\/\/newgo.eu\/pt-pt\/prod\/com-transferencia-parcial-de-alto-residuo\/#primaryimage","inLanguage":"pt-PT","url":"https:\/\/newgo.eu\/wp-content\/uploads\/2020\/10\/Etiqueta-vermelha-VOID.jpg","contentUrl":"https:\/\/newgo.eu\/wp-content\/uploads\/2020\/10\/Etiqueta-vermelha-VOID.jpg","width":1024,"height":682},{"@type":"WebPage","@id":"https:\/\/newgo.eu\/pt-pt\/prod\/com-transferencia-parcial-de-alto-residuo\/#webpage","url":"https:\/\/newgo.eu\/pt-pt\/prod\/com-transferencia-parcial-de-alto-residuo\/","name":"UNIPAR High Res\u00edduo - NewGO","isPartOf":{"@id":"https:\/\/newgo.eu\/#website"},"primaryImageOfPage":{"@id":"https:\/\/newgo.eu\/pt-pt\/prod\/com-transferencia-parcial-de-alto-residuo\/#primaryimage"},"datePublished":"2020-02-21T14:18:28+00:00","dateModified":"2020-11-04T09:44:35+00:00","breadcrumb":{"@id":"https:\/\/newgo.eu\/pt-pt\/prod\/com-transferencia-parcial-de-alto-residuo\/#breadcrumb"},"inLanguage":"pt-PT","potentialAction":[{"@type":"ReadAction","target":["https:\/\/newgo.eu\/pt-pt\/prod\/com-transferencia-parcial-de-alto-residuo\/"]}]},{"@type":"BreadcrumbList","@id":"https:\/\/newgo.eu\/pt-pt\/prod\/com-transferencia-parcial-de-alto-residuo\/#breadcrumb","itemListElement":[{"@type":"ListItem","position":1,"name":"Portada","item":"https:\/\/newgo.eu\/pt-pt\/"},{"@type":"ListItem","position":2,"name":"Selos","item":"https:\/\/newgo.eu\/pt-pt\/selos\/"},{"@type":"ListItem","position":3,"name":"UNIPAR High Res\u00edduo"}]}]}},"_links":{"self":[{"href":"https:\/\/newgo.eu\/pt-pt\/wp-json\/wp\/v2\/product\/2277"}],"collection":[{"href":"https:\/\/newgo.eu\/pt-pt\/wp-json\/wp\/v2\/product"}],"about":[{"href":"https:\/\/newgo.eu\/pt-pt\/wp-json\/wp\/v2\/types\/product"}],"wp:featuredmedia":[{"embeddable":true,"href":"https:\/\/newgo.eu\/pt-pt\/wp-json\/wp\/v2\/media\/4793"}],"wp:attachment":[{"href":"https:\/\/newgo.eu\/pt-pt\/wp-json\/wp\/v2\/media?parent=2277"}],"wp:term":[{"taxonomy":"product_cat","embeddable":true,"href":"https:\/\/newgo.eu\/pt-pt\/wp-json\/wp\/v2\/product_cat?post=2277"},{"taxonomy":"product_tag","embeddable":true,"href":"https:\/\/newgo.eu\/pt-pt\/wp-json\/wp\/v2\/product_tag?post=2277"}],"curies":[{"name":"wp","href":"https:\/\/api.w.org\/{rel}","templated":true}]}}