{"id":2295,"date":"2020-04-06T18:15:56","date_gmt":"2020-02-26T17:10:50","guid":{"rendered":"https:\/\/newgo.eu\/?post_type=product&#038;p=2295"},"modified":"2020-11-04T09:56:33","modified_gmt":"2020-11-04T09:56:33","slug":"com-transferencia-total-de-alto-residuo","status":"publish","type":"product","link":"https:\/\/newgo.eu\/pt-pt\/prod\/com-transferencia-total-de-alto-residuo\/","title":{"rendered":"UNITOT High Res\u00edduo"},"content":{"rendered":"<p>A nossa etiqueta de seguran\u00e7a <strong>VOID<\/strong> alto res\u00edduo modelo <strong>UNIVLTH<\/strong>, apresenta uma mensagem oculta pr\u00e9-projetada <strong>\u201cVOID\/OPEN\u201d<\/strong> depois da sua remo\u00e7\u00e3o, a etiqueta n\u00e3o pode ser reaplicada gra\u00e7as ao processo de lamina\u00e7\u00e3o que deixa todo o adesivo na superf\u00edcie aplicada.<\/p>\n<p>Assim, a etiqueta removida ficar\u00e1 inutilizada com a mensagem escondida perfeitamente vis\u00edvel na camada do r\u00f3tulo como na superf\u00edcie.<\/p>\n<p>A etiqueta <strong>UNIVLTH<\/strong> \u00e9 constru\u00edda a partir de um filme de 6 folhas que se separa aquando da sua remo\u00e7\u00e3o deixando as letras <strong>VOID\/OPEN<\/strong> na etiqueta removida e o negativo na superf\u00edcie.<\/p>\n<p>A cor, dimens\u00e3o, mensagem oculta e impress\u00e3o da etiqueta podem ser personalizadas em fun\u00e7\u00e3o das necessidades do utilizador.<\/p>\n<p>\u00c9 apropriada para aplicar em superf\u00edcies lisas a at\u00e9 \u00e1speras n\u00e3o recicl\u00e1veis, caixas de papel\u00e3o, metal pintado, madeiras, pl\u00e1sticos e embalagens.<\/p>\n","protected":false},"excerpt":{"rendered":"<p>Etiqueta de Seguran\u00e7a com Alta Transfer\u00eancia<\/p>\n<p><span style=\"background-color: #048d3b; color: #ffffff;\">\u00a0RECICL\u00c1VEL\u00a0<\/span><\/p>\n","protected":false},"featured_media":4789,"template":"","meta":{"inline_featured_image":false},"product_cat":[473,477,474],"product_tag":[752],"acf":[],"yoast_head":"<!-- This site is optimized with the Yoast SEO plugin v18.2 - https:\/\/yoast.com\/wordpress\/plugins\/seo\/ -->\n<title>UNITOT High Res\u00edduo - NewGO<\/title>\n<meta name=\"robots\" content=\"index, follow, max-snippet:-1, max-image-preview:large, max-video-preview:-1\" \/>\n<link rel=\"canonical\" href=\"https:\/\/newgo.eu\/pt-pt\/prod\/com-transferencia-total-de-alto-residuo\/\" \/>\n<meta property=\"og:locale\" content=\"pt_PT\" \/>\n<meta property=\"og:type\" content=\"article\" \/>\n<meta property=\"og:title\" content=\"UNITOT High Res\u00edduo - NewGO\" \/>\n<meta property=\"og:description\" content=\"Etiqueta de Seguran\u00e7a com Alta Transfer\u00eancia  \u00a0RECICL\u00c1VEL\u00a0\" \/>\n<meta property=\"og:url\" content=\"https:\/\/newgo.eu\/pt-pt\/prod\/com-transferencia-total-de-alto-residuo\/\" \/>\n<meta property=\"og:site_name\" content=\"NewGO\" \/>\n<meta property=\"article:modified_time\" content=\"2020-11-04T09:56:33+00:00\" \/>\n<meta property=\"og:image\" content=\"https:\/\/newgo.eu\/wp-content\/uploads\/2020\/10\/Etiqueta-de-seguranca.jpg\" \/>\n\t<meta property=\"og:image:width\" content=\"1024\" \/>\n\t<meta property=\"og:image:height\" content=\"682\" \/>\n\t<meta property=\"og:image:type\" content=\"image\/jpeg\" \/>\n<meta name=\"twitter:card\" content=\"summary_large_image\" \/>\n<meta name=\"twitter:label1\" content=\"Tempo estimado de leitura\" \/>\n\t<meta name=\"twitter:data1\" content=\"1 minuto\" \/>\n<script type=\"application\/ld+json\" class=\"yoast-schema-graph\">{\"@context\":\"https:\/\/schema.org\",\"@graph\":[{\"@type\":\"Organization\",\"@id\":\"https:\/\/newgo.eu\/#organization\",\"name\":\"Newgo Soluciones de Seguridad e Identificacion SL\",\"url\":\"https:\/\/newgo.eu\/\",\"sameAs\":[],\"logo\":{\"@type\":\"ImageObject\",\"@id\":\"https:\/\/newgo.eu\/#logo\",\"inLanguage\":\"pt-PT\",\"url\":\"https:\/\/newgo.eu\/wp-content\/uploads\/2019\/12\/NG_color-sin-fondo-blanco.png\",\"contentUrl\":\"https:\/\/newgo.eu\/wp-content\/uploads\/2019\/12\/NG_color-sin-fondo-blanco.png\",\"width\":1200,\"height\":223,\"caption\":\"Newgo Soluciones de Seguridad e Identificacion SL\"},\"image\":{\"@id\":\"https:\/\/newgo.eu\/#logo\"}},{\"@type\":\"WebSite\",\"@id\":\"https:\/\/newgo.eu\/#website\",\"url\":\"https:\/\/newgo.eu\/\",\"name\":\"NewGO\",\"description\":\"Selos, Sacos e Eqtiquetas de Seguran\u00e7a | Solu\u00e7\u00f5es de Seguran\u00e7a\",\"publisher\":{\"@id\":\"https:\/\/newgo.eu\/#organization\"},\"potentialAction\":[{\"@type\":\"SearchAction\",\"target\":{\"@type\":\"EntryPoint\",\"urlTemplate\":\"https:\/\/newgo.eu\/?s={search_term_string}\"},\"query-input\":\"required name=search_term_string\"}],\"inLanguage\":\"pt-PT\"},{\"@type\":\"ImageObject\",\"@id\":\"https:\/\/newgo.eu\/pt-pt\/prod\/com-transferencia-total-de-alto-residuo\/#primaryimage\",\"inLanguage\":\"pt-PT\",\"url\":\"https:\/\/newgo.eu\/wp-content\/uploads\/2020\/10\/Etiqueta-de-seguranca.jpg\",\"contentUrl\":\"https:\/\/newgo.eu\/wp-content\/uploads\/2020\/10\/Etiqueta-de-seguranca.jpg\",\"width\":1024,\"height\":682},{\"@type\":\"WebPage\",\"@id\":\"https:\/\/newgo.eu\/pt-pt\/prod\/com-transferencia-total-de-alto-residuo\/#webpage\",\"url\":\"https:\/\/newgo.eu\/pt-pt\/prod\/com-transferencia-total-de-alto-residuo\/\",\"name\":\"UNITOT High Res\u00edduo - NewGO\",\"isPartOf\":{\"@id\":\"https:\/\/newgo.eu\/#website\"},\"primaryImageOfPage\":{\"@id\":\"https:\/\/newgo.eu\/pt-pt\/prod\/com-transferencia-total-de-alto-residuo\/#primaryimage\"},\"datePublished\":\"2020-02-26T17:10:50+00:00\",\"dateModified\":\"2020-11-04T09:56:33+00:00\",\"breadcrumb\":{\"@id\":\"https:\/\/newgo.eu\/pt-pt\/prod\/com-transferencia-total-de-alto-residuo\/#breadcrumb\"},\"inLanguage\":\"pt-PT\",\"potentialAction\":[{\"@type\":\"ReadAction\",\"target\":[\"https:\/\/newgo.eu\/pt-pt\/prod\/com-transferencia-total-de-alto-residuo\/\"]}]},{\"@type\":\"BreadcrumbList\",\"@id\":\"https:\/\/newgo.eu\/pt-pt\/prod\/com-transferencia-total-de-alto-residuo\/#breadcrumb\",\"itemListElement\":[{\"@type\":\"ListItem\",\"position\":1,\"name\":\"Portada\",\"item\":\"https:\/\/newgo.eu\/pt-pt\/\"},{\"@type\":\"ListItem\",\"position\":2,\"name\":\"Selos\",\"item\":\"https:\/\/newgo.eu\/pt-pt\/selos\/\"},{\"@type\":\"ListItem\",\"position\":3,\"name\":\"UNITOT High Res\u00edduo\"}]}]}<\/script>\n<!-- \/ Yoast SEO plugin. -->","yoast_head_json":{"title":"UNITOT High Res\u00edduo - NewGO","robots":{"index":"index","follow":"follow","max-snippet":"max-snippet:-1","max-image-preview":"max-image-preview:large","max-video-preview":"max-video-preview:-1"},"canonical":"https:\/\/newgo.eu\/pt-pt\/prod\/com-transferencia-total-de-alto-residuo\/","og_locale":"pt_PT","og_type":"article","og_title":"UNITOT High Res\u00edduo - NewGO","og_description":"Etiqueta de Seguran\u00e7a com Alta Transfer\u00eancia  \u00a0RECICL\u00c1VEL\u00a0","og_url":"https:\/\/newgo.eu\/pt-pt\/prod\/com-transferencia-total-de-alto-residuo\/","og_site_name":"NewGO","article_modified_time":"2020-11-04T09:56:33+00:00","og_image":[{"width":1024,"height":682,"url":"https:\/\/newgo.eu\/wp-content\/uploads\/2020\/10\/Etiqueta-de-seguranca.jpg","type":"image\/jpeg"}],"twitter_card":"summary_large_image","twitter_misc":{"Tempo estimado de leitura":"1 minuto"},"schema":{"@context":"https:\/\/schema.org","@graph":[{"@type":"Organization","@id":"https:\/\/newgo.eu\/#organization","name":"Newgo Soluciones de Seguridad e Identificacion SL","url":"https:\/\/newgo.eu\/","sameAs":[],"logo":{"@type":"ImageObject","@id":"https:\/\/newgo.eu\/#logo","inLanguage":"pt-PT","url":"https:\/\/newgo.eu\/wp-content\/uploads\/2019\/12\/NG_color-sin-fondo-blanco.png","contentUrl":"https:\/\/newgo.eu\/wp-content\/uploads\/2019\/12\/NG_color-sin-fondo-blanco.png","width":1200,"height":223,"caption":"Newgo Soluciones de Seguridad e Identificacion SL"},"image":{"@id":"https:\/\/newgo.eu\/#logo"}},{"@type":"WebSite","@id":"https:\/\/newgo.eu\/#website","url":"https:\/\/newgo.eu\/","name":"NewGO","description":"Selos, Sacos e Eqtiquetas de Seguran\u00e7a | Solu\u00e7\u00f5es de Seguran\u00e7a","publisher":{"@id":"https:\/\/newgo.eu\/#organization"},"potentialAction":[{"@type":"SearchAction","target":{"@type":"EntryPoint","urlTemplate":"https:\/\/newgo.eu\/?s={search_term_string}"},"query-input":"required name=search_term_string"}],"inLanguage":"pt-PT"},{"@type":"ImageObject","@id":"https:\/\/newgo.eu\/pt-pt\/prod\/com-transferencia-total-de-alto-residuo\/#primaryimage","inLanguage":"pt-PT","url":"https:\/\/newgo.eu\/wp-content\/uploads\/2020\/10\/Etiqueta-de-seguranca.jpg","contentUrl":"https:\/\/newgo.eu\/wp-content\/uploads\/2020\/10\/Etiqueta-de-seguranca.jpg","width":1024,"height":682},{"@type":"WebPage","@id":"https:\/\/newgo.eu\/pt-pt\/prod\/com-transferencia-total-de-alto-residuo\/#webpage","url":"https:\/\/newgo.eu\/pt-pt\/prod\/com-transferencia-total-de-alto-residuo\/","name":"UNITOT High Res\u00edduo - NewGO","isPartOf":{"@id":"https:\/\/newgo.eu\/#website"},"primaryImageOfPage":{"@id":"https:\/\/newgo.eu\/pt-pt\/prod\/com-transferencia-total-de-alto-residuo\/#primaryimage"},"datePublished":"2020-02-26T17:10:50+00:00","dateModified":"2020-11-04T09:56:33+00:00","breadcrumb":{"@id":"https:\/\/newgo.eu\/pt-pt\/prod\/com-transferencia-total-de-alto-residuo\/#breadcrumb"},"inLanguage":"pt-PT","potentialAction":[{"@type":"ReadAction","target":["https:\/\/newgo.eu\/pt-pt\/prod\/com-transferencia-total-de-alto-residuo\/"]}]},{"@type":"BreadcrumbList","@id":"https:\/\/newgo.eu\/pt-pt\/prod\/com-transferencia-total-de-alto-residuo\/#breadcrumb","itemListElement":[{"@type":"ListItem","position":1,"name":"Portada","item":"https:\/\/newgo.eu\/pt-pt\/"},{"@type":"ListItem","position":2,"name":"Selos","item":"https:\/\/newgo.eu\/pt-pt\/selos\/"},{"@type":"ListItem","position":3,"name":"UNITOT High Res\u00edduo"}]}]}},"_links":{"self":[{"href":"https:\/\/newgo.eu\/pt-pt\/wp-json\/wp\/v2\/product\/2295"}],"collection":[{"href":"https:\/\/newgo.eu\/pt-pt\/wp-json\/wp\/v2\/product"}],"about":[{"href":"https:\/\/newgo.eu\/pt-pt\/wp-json\/wp\/v2\/types\/product"}],"wp:featuredmedia":[{"embeddable":true,"href":"https:\/\/newgo.eu\/pt-pt\/wp-json\/wp\/v2\/media\/4789"}],"wp:attachment":[{"href":"https:\/\/newgo.eu\/pt-pt\/wp-json\/wp\/v2\/media?parent=2295"}],"wp:term":[{"taxonomy":"product_cat","embeddable":true,"href":"https:\/\/newgo.eu\/pt-pt\/wp-json\/wp\/v2\/product_cat?post=2295"},{"taxonomy":"product_tag","embeddable":true,"href":"https:\/\/newgo.eu\/pt-pt\/wp-json\/wp\/v2\/product_tag?post=2295"}],"curies":[{"name":"wp","href":"https:\/\/api.w.org\/{rel}","templated":true}]}}