{"id":2795,"date":"2020-04-07T14:17:42","date_gmt":"2020-04-01T18:27:35","guid":{"rendered":"https:\/\/newgo.eu\/?post_type=product&#038;p=2795"},"modified":"2020-11-03T15:42:07","modified_gmt":"2020-11-03T15:42:07","slug":"gestao-de-chaves","status":"publish","type":"product","link":"https:\/\/newgo.eu\/pt-pt\/prod\/gestao-de-chaves\/","title":{"rendered":"GEST\u00c3O DE CHAVES"},"content":{"rendered":"<p>As <b>NewBag para Gest\u00e3o de Chaves,<\/b> com sistema de fecho de\u00a0 Seguran\u00e7a, s\u00e3o especialmente indicadas para a cust\u00f3dia de chaves facilitando os processos de log\u00edstica interna das empresas.<\/p>\n<p>As <b>NewBag para Gest\u00e3o de Chaves<\/b> s\u00e3o fornecidas em modelos standard ou personalizados em dimens\u00f5es e cor. Fabricadas em nylon de alta qualidade, disp\u00f5em de uma janela transparente de acesso interno que permite identific\u00e1-las atrav\u00e9s de uma etiqueta personalizada. A\u00a0 argola exterior incorporada oferece a possibilidade de pendurar a bolsa num arm\u00e1rio\/chaveiro para melhor organiza\u00e7\u00e3o e arquivo.<\/p>\n<p>As <b>NewBag para Gest\u00e3o de Chaves<\/b> s\u00e3o assim uma flex\u00edvel solu\u00e7\u00e3o de controlo, registro, transporte, embalagem e identifica\u00e7\u00e3o de bens, contribuido ainda para a preserva\u00e7\u00e3o ambiental gra\u00e7as \u00e0 sua possibilidade de reutiliza\u00e7\u00e3o.<\/p>\n<p>As bolsas e malas da familia <b>NewBag<\/b> trazem incorporado o sistema de seguran\u00e7a <b>XSLOCK<\/b>, um sistema de selagem de f\u00e1cil utiliza\u00e7\u00e3o que permite a r\u00e1pida verifica\u00e7\u00e3o da abertura das mesmas. Gra\u00e7as \u00e0 utiliza\u00e7\u00e3o da camara <b>XSLOCK<\/b> em conjunto com os selos de Seguran\u00e7a <b>POLIPAK, <\/b>as <b>NewBags<\/b> evidenciam o acesso a documentos, valores, chaves ou outros bens guardados no seu interior.<\/p>\n<p>&nbsp;<\/p>\n","protected":false},"excerpt":{"rendered":"<p><span style=\"background-color: #048d3b; color: #ffffff;\">\u00a0REUTILIZ\u00c1VEL\u00a0<\/span><\/p>\n","protected":false},"featured_media":4757,"template":"","meta":{"inline_featured_image":false},"product_cat":[769,772,841,773,774,770,842,843,844,845,771],"product_tag":[780,849],"acf":[],"yoast_head":"<!-- This site is optimized with the Yoast SEO plugin v18.2 - https:\/\/yoast.com\/wordpress\/plugins\/seo\/ -->\n<title>GEST\u00c3O DE CHAVES - NewGO<\/title>\n<meta name=\"robots\" content=\"index, follow, max-snippet:-1, max-image-preview:large, max-video-preview:-1\" \/>\n<link rel=\"canonical\" href=\"https:\/\/newgo.eu\/pt-pt\/prod\/gestao-de-chaves\/\" \/>\n<meta property=\"og:locale\" content=\"pt_PT\" \/>\n<meta property=\"og:type\" content=\"article\" \/>\n<meta property=\"og:title\" content=\"GEST\u00c3O DE CHAVES - NewGO\" \/>\n<meta property=\"og:description\" content=\"\u00a0REUTILIZ\u00c1VEL\u00a0\" \/>\n<meta property=\"og:url\" content=\"https:\/\/newgo.eu\/pt-pt\/prod\/gestao-de-chaves\/\" \/>\n<meta property=\"og:site_name\" content=\"NewGO\" \/>\n<meta property=\"article:modified_time\" content=\"2020-11-03T15:42:07+00:00\" \/>\n<meta property=\"og:image\" content=\"https:\/\/newgo.eu\/wp-content\/uploads\/2020\/04\/Gestion-de-llaves.jpg\" \/>\n\t<meta property=\"og:image:width\" content=\"1024\" \/>\n\t<meta property=\"og:image:height\" content=\"682\" \/>\n\t<meta property=\"og:image:type\" content=\"image\/jpeg\" \/>\n<meta name=\"twitter:card\" content=\"summary_large_image\" \/>\n<meta name=\"twitter:label1\" content=\"Tempo estimado de leitura\" \/>\n\t<meta name=\"twitter:data1\" content=\"1 minuto\" \/>\n<script type=\"application\/ld+json\" class=\"yoast-schema-graph\">{\"@context\":\"https:\/\/schema.org\",\"@graph\":[{\"@type\":\"Organization\",\"@id\":\"https:\/\/newgo.eu\/#organization\",\"name\":\"Newgo Soluciones de Seguridad e Identificacion SL\",\"url\":\"https:\/\/newgo.eu\/\",\"sameAs\":[],\"logo\":{\"@type\":\"ImageObject\",\"@id\":\"https:\/\/newgo.eu\/#logo\",\"inLanguage\":\"pt-PT\",\"url\":\"https:\/\/newgo.eu\/wp-content\/uploads\/2019\/12\/NG_color-sin-fondo-blanco.png\",\"contentUrl\":\"https:\/\/newgo.eu\/wp-content\/uploads\/2019\/12\/NG_color-sin-fondo-blanco.png\",\"width\":1200,\"height\":223,\"caption\":\"Newgo Soluciones de Seguridad e Identificacion SL\"},\"image\":{\"@id\":\"https:\/\/newgo.eu\/#logo\"}},{\"@type\":\"WebSite\",\"@id\":\"https:\/\/newgo.eu\/#website\",\"url\":\"https:\/\/newgo.eu\/\",\"name\":\"NewGO\",\"description\":\"Selos, Sacos e Eqtiquetas de Seguran\u00e7a | Solu\u00e7\u00f5es de Seguran\u00e7a\",\"publisher\":{\"@id\":\"https:\/\/newgo.eu\/#organization\"},\"potentialAction\":[{\"@type\":\"SearchAction\",\"target\":{\"@type\":\"EntryPoint\",\"urlTemplate\":\"https:\/\/newgo.eu\/?s={search_term_string}\"},\"query-input\":\"required name=search_term_string\"}],\"inLanguage\":\"pt-PT\"},{\"@type\":\"ImageObject\",\"@id\":\"https:\/\/newgo.eu\/pt-pt\/prod\/gestao-de-chaves\/#primaryimage\",\"inLanguage\":\"pt-PT\",\"url\":\"https:\/\/newgo.eu\/wp-content\/uploads\/2020\/04\/Gestion-de-llaves.jpg\",\"contentUrl\":\"https:\/\/newgo.eu\/wp-content\/uploads\/2020\/04\/Gestion-de-llaves.jpg\",\"width\":1024,\"height\":682},{\"@type\":\"WebPage\",\"@id\":\"https:\/\/newgo.eu\/pt-pt\/prod\/gestao-de-chaves\/#webpage\",\"url\":\"https:\/\/newgo.eu\/pt-pt\/prod\/gestao-de-chaves\/\",\"name\":\"GEST\u00c3O DE CHAVES - NewGO\",\"isPartOf\":{\"@id\":\"https:\/\/newgo.eu\/#website\"},\"primaryImageOfPage\":{\"@id\":\"https:\/\/newgo.eu\/pt-pt\/prod\/gestao-de-chaves\/#primaryimage\"},\"datePublished\":\"2020-04-01T18:27:35+00:00\",\"dateModified\":\"2020-11-03T15:42:07+00:00\",\"breadcrumb\":{\"@id\":\"https:\/\/newgo.eu\/pt-pt\/prod\/gestao-de-chaves\/#breadcrumb\"},\"inLanguage\":\"pt-PT\",\"potentialAction\":[{\"@type\":\"ReadAction\",\"target\":[\"https:\/\/newgo.eu\/pt-pt\/prod\/gestao-de-chaves\/\"]}]},{\"@type\":\"BreadcrumbList\",\"@id\":\"https:\/\/newgo.eu\/pt-pt\/prod\/gestao-de-chaves\/#breadcrumb\",\"itemListElement\":[{\"@type\":\"ListItem\",\"position\":1,\"name\":\"Portada\",\"item\":\"https:\/\/newgo.eu\/pt-pt\/\"},{\"@type\":\"ListItem\",\"position\":2,\"name\":\"Selos\",\"item\":\"https:\/\/newgo.eu\/pt-pt\/selos\/\"},{\"@type\":\"ListItem\",\"position\":3,\"name\":\"GEST\u00c3O DE CHAVES\"}]}]}<\/script>\n<!-- \/ Yoast SEO plugin. -->","yoast_head_json":{"title":"GEST\u00c3O DE CHAVES - NewGO","robots":{"index":"index","follow":"follow","max-snippet":"max-snippet:-1","max-image-preview":"max-image-preview:large","max-video-preview":"max-video-preview:-1"},"canonical":"https:\/\/newgo.eu\/pt-pt\/prod\/gestao-de-chaves\/","og_locale":"pt_PT","og_type":"article","og_title":"GEST\u00c3O DE CHAVES - NewGO","og_description":"\u00a0REUTILIZ\u00c1VEL\u00a0","og_url":"https:\/\/newgo.eu\/pt-pt\/prod\/gestao-de-chaves\/","og_site_name":"NewGO","article_modified_time":"2020-11-03T15:42:07+00:00","og_image":[{"width":1024,"height":682,"url":"https:\/\/newgo.eu\/wp-content\/uploads\/2020\/04\/Gestion-de-llaves.jpg","type":"image\/jpeg"}],"twitter_card":"summary_large_image","twitter_misc":{"Tempo estimado de leitura":"1 minuto"},"schema":{"@context":"https:\/\/schema.org","@graph":[{"@type":"Organization","@id":"https:\/\/newgo.eu\/#organization","name":"Newgo Soluciones de Seguridad e Identificacion SL","url":"https:\/\/newgo.eu\/","sameAs":[],"logo":{"@type":"ImageObject","@id":"https:\/\/newgo.eu\/#logo","inLanguage":"pt-PT","url":"https:\/\/newgo.eu\/wp-content\/uploads\/2019\/12\/NG_color-sin-fondo-blanco.png","contentUrl":"https:\/\/newgo.eu\/wp-content\/uploads\/2019\/12\/NG_color-sin-fondo-blanco.png","width":1200,"height":223,"caption":"Newgo Soluciones de Seguridad e Identificacion SL"},"image":{"@id":"https:\/\/newgo.eu\/#logo"}},{"@type":"WebSite","@id":"https:\/\/newgo.eu\/#website","url":"https:\/\/newgo.eu\/","name":"NewGO","description":"Selos, Sacos e Eqtiquetas de Seguran\u00e7a | Solu\u00e7\u00f5es de Seguran\u00e7a","publisher":{"@id":"https:\/\/newgo.eu\/#organization"},"potentialAction":[{"@type":"SearchAction","target":{"@type":"EntryPoint","urlTemplate":"https:\/\/newgo.eu\/?s={search_term_string}"},"query-input":"required name=search_term_string"}],"inLanguage":"pt-PT"},{"@type":"ImageObject","@id":"https:\/\/newgo.eu\/pt-pt\/prod\/gestao-de-chaves\/#primaryimage","inLanguage":"pt-PT","url":"https:\/\/newgo.eu\/wp-content\/uploads\/2020\/04\/Gestion-de-llaves.jpg","contentUrl":"https:\/\/newgo.eu\/wp-content\/uploads\/2020\/04\/Gestion-de-llaves.jpg","width":1024,"height":682},{"@type":"WebPage","@id":"https:\/\/newgo.eu\/pt-pt\/prod\/gestao-de-chaves\/#webpage","url":"https:\/\/newgo.eu\/pt-pt\/prod\/gestao-de-chaves\/","name":"GEST\u00c3O DE CHAVES - NewGO","isPartOf":{"@id":"https:\/\/newgo.eu\/#website"},"primaryImageOfPage":{"@id":"https:\/\/newgo.eu\/pt-pt\/prod\/gestao-de-chaves\/#primaryimage"},"datePublished":"2020-04-01T18:27:35+00:00","dateModified":"2020-11-03T15:42:07+00:00","breadcrumb":{"@id":"https:\/\/newgo.eu\/pt-pt\/prod\/gestao-de-chaves\/#breadcrumb"},"inLanguage":"pt-PT","potentialAction":[{"@type":"ReadAction","target":["https:\/\/newgo.eu\/pt-pt\/prod\/gestao-de-chaves\/"]}]},{"@type":"BreadcrumbList","@id":"https:\/\/newgo.eu\/pt-pt\/prod\/gestao-de-chaves\/#breadcrumb","itemListElement":[{"@type":"ListItem","position":1,"name":"Portada","item":"https:\/\/newgo.eu\/pt-pt\/"},{"@type":"ListItem","position":2,"name":"Selos","item":"https:\/\/newgo.eu\/pt-pt\/selos\/"},{"@type":"ListItem","position":3,"name":"GEST\u00c3O DE CHAVES"}]}]}},"_links":{"self":[{"href":"https:\/\/newgo.eu\/pt-pt\/wp-json\/wp\/v2\/product\/2795"}],"collection":[{"href":"https:\/\/newgo.eu\/pt-pt\/wp-json\/wp\/v2\/product"}],"about":[{"href":"https:\/\/newgo.eu\/pt-pt\/wp-json\/wp\/v2\/types\/product"}],"wp:featuredmedia":[{"embeddable":true,"href":"https:\/\/newgo.eu\/pt-pt\/wp-json\/wp\/v2\/media\/4757"}],"wp:attachment":[{"href":"https:\/\/newgo.eu\/pt-pt\/wp-json\/wp\/v2\/media?parent=2795"}],"wp:term":[{"taxonomy":"product_cat","embeddable":true,"href":"https:\/\/newgo.eu\/pt-pt\/wp-json\/wp\/v2\/product_cat?post=2795"},{"taxonomy":"product_tag","embeddable":true,"href":"https:\/\/newgo.eu\/pt-pt\/wp-json\/wp\/v2\/product_tag?post=2795"}],"curies":[{"name":"wp","href":"https:\/\/api.w.org\/{rel}","templated":true}]}}