{"id":4857,"date":"2021-01-19T12:18:40","date_gmt":"2021-01-19T12:18:40","guid":{"rendered":"https:\/\/newgo.eu\/?post_type=product&#038;p=4857"},"modified":"2021-06-08T16:37:17","modified_gmt":"2021-06-08T16:37:17","slug":"terrier","status":"publish","type":"product","link":"https:\/\/newgo.eu\/pt-pt\/prod\/terrier\/","title":{"rendered":"TERRIER"},"content":{"rendered":"<p>O <b>TERRIER<\/b> \u00e9 nosso selo de seguran\u00e7a pl\u00e1stico indicativo fabricado em polipropileno mais pratico para pequenas aberturas e onde a resist\u00eancia seja requerida.<\/p>\n<p>Fornecido em tr\u00eas longitudes opcionais, o <b>TERRIER<\/b> tem uma cauda com 2,4 mm de espessura garantindo uma media de 20 kgs de resist\u00eancia m\u00e9dia \u00e0 rotura. O selo tem dentes de sujei\u00e7\u00e3o para um mais eficaz aperto em sacos ou bolsas de diferentes materiais e uma pequena abertura na pala para o excedente da cauda.<\/p>\n<p>A pala do <b>TERRIER<\/b> permite v\u00e1rias possibilidades de personaliza\u00e7\u00e3o do produto como c\u00f3digos de barras ou QR, numera\u00e7\u00e3o sequencial e logotipos de clientes.<\/p>\n<p>O <b>TERRIER<\/b> \u00e9 seguramente a melhor solu\u00e7\u00e3o para as opera\u00e7\u00f5es de selagem de caixas de correio, trolleys de linhas a\u00e9reas, cisternas, jaulas de log\u00edstica, sacos de dinheiro, etc.<\/p>\n<p>&nbsp;<\/p>\n","protected":false},"excerpt":{"rendered":"<p>O TERRIER \u00e9 nosso selo de seguran\u00e7a pl\u00e1stico indicativo fabricado em polipropileno mais pratico para pequenas aberturas e onde a resist\u00eancia seja requerida. Fornecido em tr\u00eas longitudes opcionais, o TERRIER<\/p>\n","protected":false},"featured_media":4910,"template":"","meta":{"inline_featured_image":false},"product_cat":[769,772,838,839,840,841,774,770,843,844,845,771],"product_tag":[651],"acf":[],"yoast_head":"<!-- This site is optimized with the Yoast SEO plugin v18.2 - https:\/\/yoast.com\/wordpress\/plugins\/seo\/ -->\n<title>TERRIER - NewGO<\/title>\n<meta name=\"robots\" content=\"index, follow, max-snippet:-1, max-image-preview:large, max-video-preview:-1\" \/>\n<link rel=\"canonical\" href=\"https:\/\/newgo.eu\/pt-pt\/prod\/terrier\/\" \/>\n<meta property=\"og:locale\" content=\"pt_PT\" \/>\n<meta property=\"og:type\" content=\"article\" \/>\n<meta property=\"og:title\" content=\"TERRIER - NewGO\" \/>\n<meta property=\"og:description\" content=\"O TERRIER \u00e9 nosso selo de seguran\u00e7a pl\u00e1stico indicativo fabricado em polipropileno mais pratico para pequenas aberturas e onde a resist\u00eancia seja requerida. Fornecido em tr\u00eas longitudes opcionais, o TERRIER\" \/>\n<meta property=\"og:url\" content=\"https:\/\/newgo.eu\/pt-pt\/prod\/terrier\/\" \/>\n<meta property=\"og:site_name\" content=\"NewGO\" \/>\n<meta property=\"article:modified_time\" content=\"2021-06-08T16:37:17+00:00\" \/>\n<meta property=\"og:image\" content=\"https:\/\/newgo.eu\/wp-content\/uploads\/2021\/01\/terrier.jpg\" \/>\n\t<meta property=\"og:image:width\" content=\"1024\" \/>\n\t<meta property=\"og:image:height\" content=\"682\" \/>\n\t<meta property=\"og:image:type\" content=\"image\/jpeg\" \/>\n<meta name=\"twitter:card\" content=\"summary_large_image\" \/>\n<meta name=\"twitter:label1\" content=\"Tempo estimado de leitura\" \/>\n\t<meta name=\"twitter:data1\" content=\"1 minuto\" \/>\n<script type=\"application\/ld+json\" class=\"yoast-schema-graph\">{\"@context\":\"https:\/\/schema.org\",\"@graph\":[{\"@type\":\"Organization\",\"@id\":\"https:\/\/newgo.eu\/#organization\",\"name\":\"Newgo Soluciones de Seguridad e Identificacion SL\",\"url\":\"https:\/\/newgo.eu\/\",\"sameAs\":[],\"logo\":{\"@type\":\"ImageObject\",\"@id\":\"https:\/\/newgo.eu\/#logo\",\"inLanguage\":\"pt-PT\",\"url\":\"https:\/\/newgo.eu\/wp-content\/uploads\/2019\/12\/NG_color-sin-fondo-blanco.png\",\"contentUrl\":\"https:\/\/newgo.eu\/wp-content\/uploads\/2019\/12\/NG_color-sin-fondo-blanco.png\",\"width\":1200,\"height\":223,\"caption\":\"Newgo Soluciones de Seguridad e Identificacion SL\"},\"image\":{\"@id\":\"https:\/\/newgo.eu\/#logo\"}},{\"@type\":\"WebSite\",\"@id\":\"https:\/\/newgo.eu\/#website\",\"url\":\"https:\/\/newgo.eu\/\",\"name\":\"NewGO\",\"description\":\"Selos, Sacos e Eqtiquetas de Seguran\u00e7a | Solu\u00e7\u00f5es de Seguran\u00e7a\",\"publisher\":{\"@id\":\"https:\/\/newgo.eu\/#organization\"},\"potentialAction\":[{\"@type\":\"SearchAction\",\"target\":{\"@type\":\"EntryPoint\",\"urlTemplate\":\"https:\/\/newgo.eu\/?s={search_term_string}\"},\"query-input\":\"required name=search_term_string\"}],\"inLanguage\":\"pt-PT\"},{\"@type\":\"ImageObject\",\"@id\":\"https:\/\/newgo.eu\/pt-pt\/prod\/terrier\/#primaryimage\",\"inLanguage\":\"pt-PT\",\"url\":\"https:\/\/newgo.eu\/wp-content\/uploads\/2021\/01\/terrier.jpg\",\"contentUrl\":\"https:\/\/newgo.eu\/wp-content\/uploads\/2021\/01\/terrier.jpg\",\"width\":1024,\"height\":682},{\"@type\":\"WebPage\",\"@id\":\"https:\/\/newgo.eu\/pt-pt\/prod\/terrier\/#webpage\",\"url\":\"https:\/\/newgo.eu\/pt-pt\/prod\/terrier\/\",\"name\":\"TERRIER - NewGO\",\"isPartOf\":{\"@id\":\"https:\/\/newgo.eu\/#website\"},\"primaryImageOfPage\":{\"@id\":\"https:\/\/newgo.eu\/pt-pt\/prod\/terrier\/#primaryimage\"},\"datePublished\":\"2021-01-19T12:18:40+00:00\",\"dateModified\":\"2021-06-08T16:37:17+00:00\",\"breadcrumb\":{\"@id\":\"https:\/\/newgo.eu\/pt-pt\/prod\/terrier\/#breadcrumb\"},\"inLanguage\":\"pt-PT\",\"potentialAction\":[{\"@type\":\"ReadAction\",\"target\":[\"https:\/\/newgo.eu\/pt-pt\/prod\/terrier\/\"]}]},{\"@type\":\"BreadcrumbList\",\"@id\":\"https:\/\/newgo.eu\/pt-pt\/prod\/terrier\/#breadcrumb\",\"itemListElement\":[{\"@type\":\"ListItem\",\"position\":1,\"name\":\"Portada\",\"item\":\"https:\/\/newgo.eu\/pt-pt\/\"},{\"@type\":\"ListItem\",\"position\":2,\"name\":\"Selos\",\"item\":\"https:\/\/newgo.eu\/pt-pt\/selos\/\"},{\"@type\":\"ListItem\",\"position\":3,\"name\":\"TERRIER\"}]}]}<\/script>\n<!-- \/ Yoast SEO plugin. -->","yoast_head_json":{"title":"TERRIER - NewGO","robots":{"index":"index","follow":"follow","max-snippet":"max-snippet:-1","max-image-preview":"max-image-preview:large","max-video-preview":"max-video-preview:-1"},"canonical":"https:\/\/newgo.eu\/pt-pt\/prod\/terrier\/","og_locale":"pt_PT","og_type":"article","og_title":"TERRIER - NewGO","og_description":"O TERRIER \u00e9 nosso selo de seguran\u00e7a pl\u00e1stico indicativo fabricado em polipropileno mais pratico para pequenas aberturas e onde a resist\u00eancia seja requerida. Fornecido em tr\u00eas longitudes opcionais, o TERRIER","og_url":"https:\/\/newgo.eu\/pt-pt\/prod\/terrier\/","og_site_name":"NewGO","article_modified_time":"2021-06-08T16:37:17+00:00","og_image":[{"width":1024,"height":682,"url":"https:\/\/newgo.eu\/wp-content\/uploads\/2021\/01\/terrier.jpg","type":"image\/jpeg"}],"twitter_card":"summary_large_image","twitter_misc":{"Tempo estimado de leitura":"1 minuto"},"schema":{"@context":"https:\/\/schema.org","@graph":[{"@type":"Organization","@id":"https:\/\/newgo.eu\/#organization","name":"Newgo Soluciones de Seguridad e Identificacion SL","url":"https:\/\/newgo.eu\/","sameAs":[],"logo":{"@type":"ImageObject","@id":"https:\/\/newgo.eu\/#logo","inLanguage":"pt-PT","url":"https:\/\/newgo.eu\/wp-content\/uploads\/2019\/12\/NG_color-sin-fondo-blanco.png","contentUrl":"https:\/\/newgo.eu\/wp-content\/uploads\/2019\/12\/NG_color-sin-fondo-blanco.png","width":1200,"height":223,"caption":"Newgo Soluciones de Seguridad e Identificacion SL"},"image":{"@id":"https:\/\/newgo.eu\/#logo"}},{"@type":"WebSite","@id":"https:\/\/newgo.eu\/#website","url":"https:\/\/newgo.eu\/","name":"NewGO","description":"Selos, Sacos e Eqtiquetas de Seguran\u00e7a | Solu\u00e7\u00f5es de Seguran\u00e7a","publisher":{"@id":"https:\/\/newgo.eu\/#organization"},"potentialAction":[{"@type":"SearchAction","target":{"@type":"EntryPoint","urlTemplate":"https:\/\/newgo.eu\/?s={search_term_string}"},"query-input":"required name=search_term_string"}],"inLanguage":"pt-PT"},{"@type":"ImageObject","@id":"https:\/\/newgo.eu\/pt-pt\/prod\/terrier\/#primaryimage","inLanguage":"pt-PT","url":"https:\/\/newgo.eu\/wp-content\/uploads\/2021\/01\/terrier.jpg","contentUrl":"https:\/\/newgo.eu\/wp-content\/uploads\/2021\/01\/terrier.jpg","width":1024,"height":682},{"@type":"WebPage","@id":"https:\/\/newgo.eu\/pt-pt\/prod\/terrier\/#webpage","url":"https:\/\/newgo.eu\/pt-pt\/prod\/terrier\/","name":"TERRIER - NewGO","isPartOf":{"@id":"https:\/\/newgo.eu\/#website"},"primaryImageOfPage":{"@id":"https:\/\/newgo.eu\/pt-pt\/prod\/terrier\/#primaryimage"},"datePublished":"2021-01-19T12:18:40+00:00","dateModified":"2021-06-08T16:37:17+00:00","breadcrumb":{"@id":"https:\/\/newgo.eu\/pt-pt\/prod\/terrier\/#breadcrumb"},"inLanguage":"pt-PT","potentialAction":[{"@type":"ReadAction","target":["https:\/\/newgo.eu\/pt-pt\/prod\/terrier\/"]}]},{"@type":"BreadcrumbList","@id":"https:\/\/newgo.eu\/pt-pt\/prod\/terrier\/#breadcrumb","itemListElement":[{"@type":"ListItem","position":1,"name":"Portada","item":"https:\/\/newgo.eu\/pt-pt\/"},{"@type":"ListItem","position":2,"name":"Selos","item":"https:\/\/newgo.eu\/pt-pt\/selos\/"},{"@type":"ListItem","position":3,"name":"TERRIER"}]}]}},"_links":{"self":[{"href":"https:\/\/newgo.eu\/pt-pt\/wp-json\/wp\/v2\/product\/4857"}],"collection":[{"href":"https:\/\/newgo.eu\/pt-pt\/wp-json\/wp\/v2\/product"}],"about":[{"href":"https:\/\/newgo.eu\/pt-pt\/wp-json\/wp\/v2\/types\/product"}],"wp:featuredmedia":[{"embeddable":true,"href":"https:\/\/newgo.eu\/pt-pt\/wp-json\/wp\/v2\/media\/4910"}],"wp:attachment":[{"href":"https:\/\/newgo.eu\/pt-pt\/wp-json\/wp\/v2\/media?parent=4857"}],"wp:term":[{"taxonomy":"product_cat","embeddable":true,"href":"https:\/\/newgo.eu\/pt-pt\/wp-json\/wp\/v2\/product_cat?post=4857"},{"taxonomy":"product_tag","embeddable":true,"href":"https:\/\/newgo.eu\/pt-pt\/wp-json\/wp\/v2\/product_tag?post=4857"}],"curies":[{"name":"wp","href":"https:\/\/api.w.org\/{rel}","templated":true}]}}