{"id":4882,"date":"2021-01-25T11:34:02","date_gmt":"2021-01-25T10:44:47","guid":{"rendered":"https:\/\/newgo.eu\/?post_type=product&#038;p=4882"},"modified":"2021-02-01T15:48:28","modified_gmt":"2021-02-01T15:48:28","slug":"pitbull","status":"publish","type":"product","link":"https:\/\/newgo.eu\/pt-pt\/prod\/pitbull\/","title":{"rendered":"PITBULL"},"content":{"rendered":"<p>O Pitbull \u00e9 um selo de seguran\u00e7a indicativo de comprimento fixo fabricado com dois distintos materiais biodegrad\u00e1veis.<\/p>\n<p>O desenho do selo, com um corpo de polipropileno que garante a necess\u00e1ria flexibilidade ao produto, inclui uma camara de seguran\u00e7a termo-moldada com um mecanismo de fecho em Acetal pensado para suportar condi\u00e7\u00f5es adversas de congelamento ou aquecimento, garantindo assim clara evid\u00eancia de manipula\u00e7\u00e3o em caso de qualquer tentativa de abertura n\u00e3o autorizada.<\/p>\n<p>O corpo do Pitbull possui uma grande \u00e1rea de marca\u00e7\u00e3o dentro do seu per\u00edmetro, protegendo assim a sua identifica\u00e7\u00e3o contra choques ou utiliza\u00e7\u00f5es indevidas.<\/p>\n<p>As caracter\u00edsticas t\u00e9cnicas do Pitbull e a consci\u00eancia ecol\u00f3gica da sua constru\u00e7\u00e3o utilizando materiais biodegrad\u00e1veis, tornam-no no selo indicado para as empresas que pretendem selar os seus contentores ou portas de cami\u00f5es de forma sustent\u00e1vel para o ambiente.<\/p>\n<p>&nbsp;<\/p>\n","protected":false},"excerpt":{"rendered":"<p>O Pitbull \u00e9 um selo de seguran\u00e7a indicativo de comprimento fixo fabricado com dois distintos materiais biodegrad\u00e1veis. O desenho do selo, com um corpo de polipropileno que garante a necess\u00e1ria<\/p>\n","protected":false},"featured_media":4908,"template":"","meta":{"inline_featured_image":false},"product_cat":[473],"product_tag":[651],"acf":[],"yoast_head":"<!-- This site is optimized with the Yoast SEO plugin v18.2 - https:\/\/yoast.com\/wordpress\/plugins\/seo\/ -->\n<title>PITBULL - NewGO<\/title>\n<meta name=\"robots\" content=\"index, follow, max-snippet:-1, max-image-preview:large, max-video-preview:-1\" \/>\n<link rel=\"canonical\" href=\"https:\/\/newgo.eu\/pt-pt\/prod\/pitbull\/\" \/>\n<meta property=\"og:locale\" content=\"pt_PT\" \/>\n<meta property=\"og:type\" content=\"article\" \/>\n<meta property=\"og:title\" content=\"PITBULL - NewGO\" \/>\n<meta property=\"og:description\" content=\"O Pitbull \u00e9 um selo de seguran\u00e7a indicativo de comprimento fixo fabricado com dois distintos materiais biodegrad\u00e1veis. O desenho do selo, com um corpo de polipropileno que garante a necess\u00e1ria\" \/>\n<meta property=\"og:url\" content=\"https:\/\/newgo.eu\/pt-pt\/prod\/pitbull\/\" \/>\n<meta property=\"og:site_name\" content=\"NewGO\" \/>\n<meta property=\"article:modified_time\" content=\"2021-02-01T15:48:28+00:00\" \/>\n<meta property=\"og:image\" content=\"https:\/\/newgo.eu\/wp-content\/uploads\/2021\/01\/Terrier2.jpg\" \/>\n\t<meta property=\"og:image:width\" content=\"1024\" \/>\n\t<meta property=\"og:image:height\" content=\"682\" \/>\n\t<meta property=\"og:image:type\" content=\"image\/jpeg\" \/>\n<meta name=\"twitter:card\" content=\"summary_large_image\" \/>\n<meta name=\"twitter:label1\" content=\"Tempo estimado de leitura\" \/>\n\t<meta name=\"twitter:data1\" content=\"1 minuto\" \/>\n<script type=\"application\/ld+json\" class=\"yoast-schema-graph\">{\"@context\":\"https:\/\/schema.org\",\"@graph\":[{\"@type\":\"Organization\",\"@id\":\"https:\/\/newgo.eu\/#organization\",\"name\":\"Newgo Soluciones de Seguridad e Identificacion SL\",\"url\":\"https:\/\/newgo.eu\/\",\"sameAs\":[],\"logo\":{\"@type\":\"ImageObject\",\"@id\":\"https:\/\/newgo.eu\/#logo\",\"inLanguage\":\"pt-PT\",\"url\":\"https:\/\/newgo.eu\/wp-content\/uploads\/2019\/12\/NG_color-sin-fondo-blanco.png\",\"contentUrl\":\"https:\/\/newgo.eu\/wp-content\/uploads\/2019\/12\/NG_color-sin-fondo-blanco.png\",\"width\":1200,\"height\":223,\"caption\":\"Newgo Soluciones de Seguridad e Identificacion SL\"},\"image\":{\"@id\":\"https:\/\/newgo.eu\/#logo\"}},{\"@type\":\"WebSite\",\"@id\":\"https:\/\/newgo.eu\/#website\",\"url\":\"https:\/\/newgo.eu\/\",\"name\":\"NewGO\",\"description\":\"Selos, Sacos e Eqtiquetas de Seguran\u00e7a | Solu\u00e7\u00f5es de Seguran\u00e7a\",\"publisher\":{\"@id\":\"https:\/\/newgo.eu\/#organization\"},\"potentialAction\":[{\"@type\":\"SearchAction\",\"target\":{\"@type\":\"EntryPoint\",\"urlTemplate\":\"https:\/\/newgo.eu\/?s={search_term_string}\"},\"query-input\":\"required name=search_term_string\"}],\"inLanguage\":\"pt-PT\"},{\"@type\":\"ImageObject\",\"@id\":\"https:\/\/newgo.eu\/pt-pt\/prod\/pitbull\/#primaryimage\",\"inLanguage\":\"pt-PT\",\"url\":\"https:\/\/newgo.eu\/wp-content\/uploads\/2021\/01\/Terrier2.jpg\",\"contentUrl\":\"https:\/\/newgo.eu\/wp-content\/uploads\/2021\/01\/Terrier2.jpg\",\"width\":1024,\"height\":682},{\"@type\":\"WebPage\",\"@id\":\"https:\/\/newgo.eu\/pt-pt\/prod\/pitbull\/#webpage\",\"url\":\"https:\/\/newgo.eu\/pt-pt\/prod\/pitbull\/\",\"name\":\"PITBULL - NewGO\",\"isPartOf\":{\"@id\":\"https:\/\/newgo.eu\/#website\"},\"primaryImageOfPage\":{\"@id\":\"https:\/\/newgo.eu\/pt-pt\/prod\/pitbull\/#primaryimage\"},\"datePublished\":\"2021-01-25T10:44:47+00:00\",\"dateModified\":\"2021-02-01T15:48:28+00:00\",\"breadcrumb\":{\"@id\":\"https:\/\/newgo.eu\/pt-pt\/prod\/pitbull\/#breadcrumb\"},\"inLanguage\":\"pt-PT\",\"potentialAction\":[{\"@type\":\"ReadAction\",\"target\":[\"https:\/\/newgo.eu\/pt-pt\/prod\/pitbull\/\"]}]},{\"@type\":\"BreadcrumbList\",\"@id\":\"https:\/\/newgo.eu\/pt-pt\/prod\/pitbull\/#breadcrumb\",\"itemListElement\":[{\"@type\":\"ListItem\",\"position\":1,\"name\":\"Portada\",\"item\":\"https:\/\/newgo.eu\/pt-pt\/\"},{\"@type\":\"ListItem\",\"position\":2,\"name\":\"Selos\",\"item\":\"https:\/\/newgo.eu\/pt-pt\/selos\/\"},{\"@type\":\"ListItem\",\"position\":3,\"name\":\"PITBULL\"}]}]}<\/script>\n<!-- \/ Yoast SEO plugin. -->","yoast_head_json":{"title":"PITBULL - NewGO","robots":{"index":"index","follow":"follow","max-snippet":"max-snippet:-1","max-image-preview":"max-image-preview:large","max-video-preview":"max-video-preview:-1"},"canonical":"https:\/\/newgo.eu\/pt-pt\/prod\/pitbull\/","og_locale":"pt_PT","og_type":"article","og_title":"PITBULL - NewGO","og_description":"O Pitbull \u00e9 um selo de seguran\u00e7a indicativo de comprimento fixo fabricado com dois distintos materiais biodegrad\u00e1veis. O desenho do selo, com um corpo de polipropileno que garante a necess\u00e1ria","og_url":"https:\/\/newgo.eu\/pt-pt\/prod\/pitbull\/","og_site_name":"NewGO","article_modified_time":"2021-02-01T15:48:28+00:00","og_image":[{"width":1024,"height":682,"url":"https:\/\/newgo.eu\/wp-content\/uploads\/2021\/01\/Terrier2.jpg","type":"image\/jpeg"}],"twitter_card":"summary_large_image","twitter_misc":{"Tempo estimado de leitura":"1 minuto"},"schema":{"@context":"https:\/\/schema.org","@graph":[{"@type":"Organization","@id":"https:\/\/newgo.eu\/#organization","name":"Newgo Soluciones de Seguridad e Identificacion SL","url":"https:\/\/newgo.eu\/","sameAs":[],"logo":{"@type":"ImageObject","@id":"https:\/\/newgo.eu\/#logo","inLanguage":"pt-PT","url":"https:\/\/newgo.eu\/wp-content\/uploads\/2019\/12\/NG_color-sin-fondo-blanco.png","contentUrl":"https:\/\/newgo.eu\/wp-content\/uploads\/2019\/12\/NG_color-sin-fondo-blanco.png","width":1200,"height":223,"caption":"Newgo Soluciones de Seguridad e Identificacion SL"},"image":{"@id":"https:\/\/newgo.eu\/#logo"}},{"@type":"WebSite","@id":"https:\/\/newgo.eu\/#website","url":"https:\/\/newgo.eu\/","name":"NewGO","description":"Selos, Sacos e Eqtiquetas de Seguran\u00e7a | Solu\u00e7\u00f5es de Seguran\u00e7a","publisher":{"@id":"https:\/\/newgo.eu\/#organization"},"potentialAction":[{"@type":"SearchAction","target":{"@type":"EntryPoint","urlTemplate":"https:\/\/newgo.eu\/?s={search_term_string}"},"query-input":"required name=search_term_string"}],"inLanguage":"pt-PT"},{"@type":"ImageObject","@id":"https:\/\/newgo.eu\/pt-pt\/prod\/pitbull\/#primaryimage","inLanguage":"pt-PT","url":"https:\/\/newgo.eu\/wp-content\/uploads\/2021\/01\/Terrier2.jpg","contentUrl":"https:\/\/newgo.eu\/wp-content\/uploads\/2021\/01\/Terrier2.jpg","width":1024,"height":682},{"@type":"WebPage","@id":"https:\/\/newgo.eu\/pt-pt\/prod\/pitbull\/#webpage","url":"https:\/\/newgo.eu\/pt-pt\/prod\/pitbull\/","name":"PITBULL - NewGO","isPartOf":{"@id":"https:\/\/newgo.eu\/#website"},"primaryImageOfPage":{"@id":"https:\/\/newgo.eu\/pt-pt\/prod\/pitbull\/#primaryimage"},"datePublished":"2021-01-25T10:44:47+00:00","dateModified":"2021-02-01T15:48:28+00:00","breadcrumb":{"@id":"https:\/\/newgo.eu\/pt-pt\/prod\/pitbull\/#breadcrumb"},"inLanguage":"pt-PT","potentialAction":[{"@type":"ReadAction","target":["https:\/\/newgo.eu\/pt-pt\/prod\/pitbull\/"]}]},{"@type":"BreadcrumbList","@id":"https:\/\/newgo.eu\/pt-pt\/prod\/pitbull\/#breadcrumb","itemListElement":[{"@type":"ListItem","position":1,"name":"Portada","item":"https:\/\/newgo.eu\/pt-pt\/"},{"@type":"ListItem","position":2,"name":"Selos","item":"https:\/\/newgo.eu\/pt-pt\/selos\/"},{"@type":"ListItem","position":3,"name":"PITBULL"}]}]}},"_links":{"self":[{"href":"https:\/\/newgo.eu\/pt-pt\/wp-json\/wp\/v2\/product\/4882"}],"collection":[{"href":"https:\/\/newgo.eu\/pt-pt\/wp-json\/wp\/v2\/product"}],"about":[{"href":"https:\/\/newgo.eu\/pt-pt\/wp-json\/wp\/v2\/types\/product"}],"wp:featuredmedia":[{"embeddable":true,"href":"https:\/\/newgo.eu\/pt-pt\/wp-json\/wp\/v2\/media\/4908"}],"wp:attachment":[{"href":"https:\/\/newgo.eu\/pt-pt\/wp-json\/wp\/v2\/media?parent=4882"}],"wp:term":[{"taxonomy":"product_cat","embeddable":true,"href":"https:\/\/newgo.eu\/pt-pt\/wp-json\/wp\/v2\/product_cat?post=4882"},{"taxonomy":"product_tag","embeddable":true,"href":"https:\/\/newgo.eu\/pt-pt\/wp-json\/wp\/v2\/product_tag?post=4882"}],"curies":[{"name":"wp","href":"https:\/\/api.w.org\/{rel}","templated":true}]}}