{"id":4884,"date":"2021-01-25T11:21:12","date_gmt":"2021-01-25T11:05:34","guid":{"rendered":"https:\/\/newgo.eu\/?post_type=product&#038;p=4884"},"modified":"2021-06-08T16:45:26","modified_gmt":"2021-06-08T16:45:26","slug":"bigtag","status":"publish","type":"product","link":"https:\/\/newgo.eu\/pt-pt\/prod\/bigtag\/","title":{"rendered":"BIGTAG"},"content":{"rendered":"<p>O <b>BIG TAG <\/b>\u00e9 nosso selo pl\u00e1stico de seguran\u00e7a indicado para melhor descri\u00e7\u00e3o e sinaliza\u00e7\u00e3o do produto, gra\u00e7as \u00e0 sua pala de grandes dimens\u00f5es.\u00a0Tem um per\u00edmetro de fecho de 260 mm.<\/p>\n<p>Devido \u00e0s suas generosas dimens\u00f5es, a pala do <b>BIG TAG <\/b>pode ser personalizada com c\u00f3digos QR ou de barras, numera\u00e7\u00e3o sequencial e logotipo do cliente; inclui ainda um segundo orif\u00edcio para passar o excedente da cauda como m\u00e9todo adicional de seguran\u00e7a.<\/p>\n<p>O <b>BIG TAG<\/b> \u00e9 100% recicl\u00e1vel gra\u00e7as a ser fabricado em Polipropileno e n\u00e3o ter qualquer componente de outro material.<\/p>\n<p>\u00c9 indicado para diversas aplica\u00e7\u00f5es que requeiram maior recolha ou descri\u00e7\u00e3o<\/p>\n<p>&nbsp;<\/p>\n","protected":false},"excerpt":{"rendered":"<p>O BIG TAG \u00e9 nosso selo pl\u00e1stico de seguran\u00e7a indicado para melhor descri\u00e7\u00e3o e sinaliza\u00e7\u00e3o do produto, gra\u00e7as \u00e0 sua pala de grandes dimens\u00f5es.\u00a0Tem um per\u00edmetro de fecho de 260<\/p>\n","protected":false},"featured_media":4930,"template":"","meta":{"inline_featured_image":false},"product_cat":[473],"product_tag":[],"acf":[],"yoast_head":"<!-- This site is optimized with the Yoast SEO plugin v18.2 - https:\/\/yoast.com\/wordpress\/plugins\/seo\/ -->\n<title>BIGTAG - NewGO<\/title>\n<meta name=\"robots\" content=\"index, follow, max-snippet:-1, max-image-preview:large, max-video-preview:-1\" \/>\n<link rel=\"canonical\" href=\"https:\/\/newgo.eu\/pt-pt\/prod\/bigtag\/\" \/>\n<meta property=\"og:locale\" content=\"pt_PT\" \/>\n<meta property=\"og:type\" content=\"article\" \/>\n<meta property=\"og:title\" content=\"BIGTAG - NewGO\" \/>\n<meta property=\"og:description\" content=\"O BIG TAG \u00e9 nosso selo pl\u00e1stico de seguran\u00e7a indicado para melhor descri\u00e7\u00e3o e sinaliza\u00e7\u00e3o do produto, gra\u00e7as \u00e0 sua pala de grandes dimens\u00f5es.\u00a0Tem um per\u00edmetro de fecho de 260\" \/>\n<meta property=\"og:url\" content=\"https:\/\/newgo.eu\/pt-pt\/prod\/bigtag\/\" \/>\n<meta property=\"og:site_name\" content=\"NewGO\" \/>\n<meta property=\"article:modified_time\" content=\"2021-06-08T16:45:26+00:00\" \/>\n<meta property=\"og:image\" content=\"https:\/\/newgo.eu\/wp-content\/uploads\/2021\/01\/bigtag.png\" \/>\n\t<meta property=\"og:image:width\" content=\"4108\" \/>\n\t<meta property=\"og:image:height\" content=\"2384\" \/>\n\t<meta property=\"og:image:type\" content=\"image\/png\" \/>\n<meta name=\"twitter:card\" content=\"summary_large_image\" \/>\n<meta name=\"twitter:label1\" content=\"Tempo estimado de leitura\" \/>\n\t<meta name=\"twitter:data1\" content=\"1 minuto\" \/>\n<script type=\"application\/ld+json\" class=\"yoast-schema-graph\">{\"@context\":\"https:\/\/schema.org\",\"@graph\":[{\"@type\":\"Organization\",\"@id\":\"https:\/\/newgo.eu\/#organization\",\"name\":\"Newgo Soluciones de Seguridad e Identificacion SL\",\"url\":\"https:\/\/newgo.eu\/\",\"sameAs\":[],\"logo\":{\"@type\":\"ImageObject\",\"@id\":\"https:\/\/newgo.eu\/#logo\",\"inLanguage\":\"pt-PT\",\"url\":\"https:\/\/newgo.eu\/wp-content\/uploads\/2019\/12\/NG_color-sin-fondo-blanco.png\",\"contentUrl\":\"https:\/\/newgo.eu\/wp-content\/uploads\/2019\/12\/NG_color-sin-fondo-blanco.png\",\"width\":1200,\"height\":223,\"caption\":\"Newgo Soluciones de Seguridad e Identificacion SL\"},\"image\":{\"@id\":\"https:\/\/newgo.eu\/#logo\"}},{\"@type\":\"WebSite\",\"@id\":\"https:\/\/newgo.eu\/#website\",\"url\":\"https:\/\/newgo.eu\/\",\"name\":\"NewGO\",\"description\":\"Selos, Sacos e Eqtiquetas de Seguran\u00e7a | Solu\u00e7\u00f5es de Seguran\u00e7a\",\"publisher\":{\"@id\":\"https:\/\/newgo.eu\/#organization\"},\"potentialAction\":[{\"@type\":\"SearchAction\",\"target\":{\"@type\":\"EntryPoint\",\"urlTemplate\":\"https:\/\/newgo.eu\/?s={search_term_string}\"},\"query-input\":\"required name=search_term_string\"}],\"inLanguage\":\"pt-PT\"},{\"@type\":\"ImageObject\",\"@id\":\"https:\/\/newgo.eu\/pt-pt\/prod\/bigtag\/#primaryimage\",\"inLanguage\":\"pt-PT\",\"url\":\"https:\/\/newgo.eu\/wp-content\/uploads\/2021\/01\/bigtag.png\",\"contentUrl\":\"https:\/\/newgo.eu\/wp-content\/uploads\/2021\/01\/bigtag.png\",\"width\":4108,\"height\":2384},{\"@type\":\"WebPage\",\"@id\":\"https:\/\/newgo.eu\/pt-pt\/prod\/bigtag\/#webpage\",\"url\":\"https:\/\/newgo.eu\/pt-pt\/prod\/bigtag\/\",\"name\":\"BIGTAG - NewGO\",\"isPartOf\":{\"@id\":\"https:\/\/newgo.eu\/#website\"},\"primaryImageOfPage\":{\"@id\":\"https:\/\/newgo.eu\/pt-pt\/prod\/bigtag\/#primaryimage\"},\"datePublished\":\"2021-01-25T11:05:34+00:00\",\"dateModified\":\"2021-06-08T16:45:26+00:00\",\"breadcrumb\":{\"@id\":\"https:\/\/newgo.eu\/pt-pt\/prod\/bigtag\/#breadcrumb\"},\"inLanguage\":\"pt-PT\",\"potentialAction\":[{\"@type\":\"ReadAction\",\"target\":[\"https:\/\/newgo.eu\/pt-pt\/prod\/bigtag\/\"]}]},{\"@type\":\"BreadcrumbList\",\"@id\":\"https:\/\/newgo.eu\/pt-pt\/prod\/bigtag\/#breadcrumb\",\"itemListElement\":[{\"@type\":\"ListItem\",\"position\":1,\"name\":\"Portada\",\"item\":\"https:\/\/newgo.eu\/pt-pt\/\"},{\"@type\":\"ListItem\",\"position\":2,\"name\":\"Selos\",\"item\":\"https:\/\/newgo.eu\/pt-pt\/selos\/\"},{\"@type\":\"ListItem\",\"position\":3,\"name\":\"BIGTAG\"}]}]}<\/script>\n<!-- \/ Yoast SEO plugin. -->","yoast_head_json":{"title":"BIGTAG - NewGO","robots":{"index":"index","follow":"follow","max-snippet":"max-snippet:-1","max-image-preview":"max-image-preview:large","max-video-preview":"max-video-preview:-1"},"canonical":"https:\/\/newgo.eu\/pt-pt\/prod\/bigtag\/","og_locale":"pt_PT","og_type":"article","og_title":"BIGTAG - NewGO","og_description":"O BIG TAG \u00e9 nosso selo pl\u00e1stico de seguran\u00e7a indicado para melhor descri\u00e7\u00e3o e sinaliza\u00e7\u00e3o do produto, gra\u00e7as \u00e0 sua pala de grandes dimens\u00f5es.\u00a0Tem um per\u00edmetro de fecho de 260","og_url":"https:\/\/newgo.eu\/pt-pt\/prod\/bigtag\/","og_site_name":"NewGO","article_modified_time":"2021-06-08T16:45:26+00:00","og_image":[{"width":4108,"height":2384,"url":"https:\/\/newgo.eu\/wp-content\/uploads\/2021\/01\/bigtag.png","type":"image\/png"}],"twitter_card":"summary_large_image","twitter_misc":{"Tempo estimado de leitura":"1 minuto"},"schema":{"@context":"https:\/\/schema.org","@graph":[{"@type":"Organization","@id":"https:\/\/newgo.eu\/#organization","name":"Newgo Soluciones de Seguridad e Identificacion SL","url":"https:\/\/newgo.eu\/","sameAs":[],"logo":{"@type":"ImageObject","@id":"https:\/\/newgo.eu\/#logo","inLanguage":"pt-PT","url":"https:\/\/newgo.eu\/wp-content\/uploads\/2019\/12\/NG_color-sin-fondo-blanco.png","contentUrl":"https:\/\/newgo.eu\/wp-content\/uploads\/2019\/12\/NG_color-sin-fondo-blanco.png","width":1200,"height":223,"caption":"Newgo Soluciones de Seguridad e Identificacion SL"},"image":{"@id":"https:\/\/newgo.eu\/#logo"}},{"@type":"WebSite","@id":"https:\/\/newgo.eu\/#website","url":"https:\/\/newgo.eu\/","name":"NewGO","description":"Selos, Sacos e Eqtiquetas de Seguran\u00e7a | Solu\u00e7\u00f5es de Seguran\u00e7a","publisher":{"@id":"https:\/\/newgo.eu\/#organization"},"potentialAction":[{"@type":"SearchAction","target":{"@type":"EntryPoint","urlTemplate":"https:\/\/newgo.eu\/?s={search_term_string}"},"query-input":"required name=search_term_string"}],"inLanguage":"pt-PT"},{"@type":"ImageObject","@id":"https:\/\/newgo.eu\/pt-pt\/prod\/bigtag\/#primaryimage","inLanguage":"pt-PT","url":"https:\/\/newgo.eu\/wp-content\/uploads\/2021\/01\/bigtag.png","contentUrl":"https:\/\/newgo.eu\/wp-content\/uploads\/2021\/01\/bigtag.png","width":4108,"height":2384},{"@type":"WebPage","@id":"https:\/\/newgo.eu\/pt-pt\/prod\/bigtag\/#webpage","url":"https:\/\/newgo.eu\/pt-pt\/prod\/bigtag\/","name":"BIGTAG - NewGO","isPartOf":{"@id":"https:\/\/newgo.eu\/#website"},"primaryImageOfPage":{"@id":"https:\/\/newgo.eu\/pt-pt\/prod\/bigtag\/#primaryimage"},"datePublished":"2021-01-25T11:05:34+00:00","dateModified":"2021-06-08T16:45:26+00:00","breadcrumb":{"@id":"https:\/\/newgo.eu\/pt-pt\/prod\/bigtag\/#breadcrumb"},"inLanguage":"pt-PT","potentialAction":[{"@type":"ReadAction","target":["https:\/\/newgo.eu\/pt-pt\/prod\/bigtag\/"]}]},{"@type":"BreadcrumbList","@id":"https:\/\/newgo.eu\/pt-pt\/prod\/bigtag\/#breadcrumb","itemListElement":[{"@type":"ListItem","position":1,"name":"Portada","item":"https:\/\/newgo.eu\/pt-pt\/"},{"@type":"ListItem","position":2,"name":"Selos","item":"https:\/\/newgo.eu\/pt-pt\/selos\/"},{"@type":"ListItem","position":3,"name":"BIGTAG"}]}]}},"_links":{"self":[{"href":"https:\/\/newgo.eu\/pt-pt\/wp-json\/wp\/v2\/product\/4884"}],"collection":[{"href":"https:\/\/newgo.eu\/pt-pt\/wp-json\/wp\/v2\/product"}],"about":[{"href":"https:\/\/newgo.eu\/pt-pt\/wp-json\/wp\/v2\/types\/product"}],"wp:featuredmedia":[{"embeddable":true,"href":"https:\/\/newgo.eu\/pt-pt\/wp-json\/wp\/v2\/media\/4930"}],"wp:attachment":[{"href":"https:\/\/newgo.eu\/pt-pt\/wp-json\/wp\/v2\/media?parent=4884"}],"wp:term":[{"taxonomy":"product_cat","embeddable":true,"href":"https:\/\/newgo.eu\/pt-pt\/wp-json\/wp\/v2\/product_cat?post=4884"},{"taxonomy":"product_tag","embeddable":true,"href":"https:\/\/newgo.eu\/pt-pt\/wp-json\/wp\/v2\/product_tag?post=4884"}],"curies":[{"name":"wp","href":"https:\/\/api.w.org\/{rel}","templated":true}]}}